{"id":101,"date":"2016-02-01T11:35:05","date_gmt":"2016-02-01T16:35:05","guid":{"rendered":"https:\/\/www.caubo.ca\/fr\/discover-caubo\/am-i-a-caubo-member\/"},"modified":"2025-02-19T15:08:09","modified_gmt":"2025-02-19T20:08:09","slug":"am-i-a-caubo-member","status":"publish","type":"page","link":"https:\/\/www.caubo.ca\/fr\/discover-caubo\/am-i-a-caubo-member\/","title":{"rendered":"Suis-je membre de l\u2019ACPAU?"},"content":{"rendered":"<p>\u00ab Suis-je membre de l\u2019ACPAU? \u00bb Voil\u00e0 une question que les membres du personnel de l\u2019ACPAU se font souvent poser. Heureusement, la r\u00e9ponse est simple. Si vous travaillez \u00e0 l\u2019un des \u00e9tablissements universitaires ou coll\u00e8ges f\u00e9d\u00e9r\u00e9s figurant sur <a href=\"https:\/\/www.caubo.ca\/fr\/discover-caubo\/our-members\/university-members\/\" target=\"_blank\" rel=\"noopener\">cette liste<\/a> (ou encore \u00e0 l\u2019un des coll\u00e8ges communautaires ou c\u00e9geps se trouvant sur <a href=\"https:\/\/www.caubo.ca\/fr\/discover-caubo\/our-members\/affiliate-membership\/\" target=\"_blank\" rel=\"noopener\">cette autre liste<\/a>) \u00e0 titre de personnel administratif dans les secteurs fonctionnels qui rel\u00e8vent directement ou indirectement du vice-rectorat aux finances et \u00e0 l\u2019administration (finances, ressources humaines, approvisionnement, gestion des installations, gestion des risques, audit interne, tr\u00e9sorerie) ou encore \u00e0 titre de responsable des affaires p\u00e9dagogiques dans une facult\u00e9 ou un d\u00e9partement, alors vous \u00eates membre de l\u2019ACPAU.<\/p>\n<p>Notez que nous comptons aussi des <a href=\"https:\/\/www.caubo.ca\/fr\/discover-caubo\/our-members\/corporate\/\" target=\"_blank\" rel=\"noopener\">membres corporatifs<\/a>.<\/p>\n<p>Les membres de l\u2019ACPAU profitent de tous les avantages d\u00e9crits sur les pages propres \u00e0 leur statut.<\/p>\n<p>Les universit\u00e9s et coll\u00e8ges membres peuvent cr\u00e9er un compte sur le pr\u00e9sent site Web. Si vous n\u2019en avez pas encore un, <a href=\"https:\/\/www.caubo.ca\/fr\/sign-up\/\" target=\"_blank\" rel=\"noopener noreferrer\">cliquez ici<\/a> pour cr\u00e9er votre compte. Une fois ce compte cr\u00e9\u00e9, le personnel administratif d\u00e9crit plus haut peut acc\u00e9der, de partout et en tout temps, au contenu r\u00e9serv\u00e9 aux membres.<\/p>\n<h2>Acc\u00e8s au contenu r\u00e9serv\u00e9 aux membres<\/h2>\n<p>L\u2019ACPAU a con\u00e7u ses ressources analytiques et de perfectionnement professionnel en fonction de l\u2019expertise et des int\u00e9r\u00eats des <strong>administrateurs du secteur de l\u2019enseignement sup\u00e9rieur<\/strong>. Ces ressources sont donc seulement accessibles au personnel administratif des \u00e9tablissements membres qui travaillent au sein d\u2019unit\u00e9s fonctionnelles relevant directement ou indirectement du vice-recteur aux finances et \u00e0 l\u2019administration (finances, tr\u00e9sorerie, approvisionnement, ressources humaines, audit interne, gestion des installations, gestion des risques) ainsi qu\u2019aux personnel administratif des unit\u00e9s acad\u00e9miques qui ont ces responsabilit\u00e9s sectorielles dans une facult\u00e9 ou un d\u00e9partement.<\/p>\n<p>Si d\u2019autres membres du personnel ou du corps professoral souhaitent consulter ces ressources, ils doivent en faire la demande, puisqu\u2019une autorisation du vice-recteur aux finances et \u00e0 l\u2019administration (ou de la personne occupant un poste \u00e9quivalent) est requise.<\/p>\n<p>Gr\u00e2ce aux tarifs pr\u00e9f\u00e9rentiels offerts au personnel des \u00e9tablissements membres, les membres de l\u2019ACPAU ont acc\u00e8s \u00e0 des rabais sur des services tels que l\u2019h\u00e9bergement, la location de voitures, les services de d\u00e9m\u00e9nagement et les voyages en train. <strong><em>Ces tarifs s\u2019appliquent \u00e0 l\u2019ensemble du personnel administratif et facultaire des coll\u00e8ges et des universit\u00e9s membres de l\u2019ACPAU, tant pour un usage personnel que professionnel.<\/em><\/strong><\/p>\n<h2 style=\"text-align: center;\">Si vous n\u2019\u00eates toujours pas certain d\u2019\u00eatre membre de l\u2019ACPAU, <a href=\"mailto:lseguin@acpau.ca\">posez-nous la question<\/a>!<\/h2>\n<p style=\"text-align: center;\"><iframe loading=\"lazy\" src=\"https:\/\/www.youtube.com\/embed\/y96KpyxE730?showinfo=0\" width=\"560\" height=\"315\" frameborder=\"0\" allowfullscreen=\"allowfullscreen\"><\/iframe><\/p>\n","protected":false},"excerpt":{"rendered":"<p>\u00ab Suis-je membre de l\u2019ACPAU? \u00bb Voil\u00e0 une question que les membres du personnel de l\u2019ACPAU se font souvent poser. Heureusement, la r\u00e9ponse est simple. Si vous travaillez \u00e0 l\u2019un des \u00e9tablissements universitaires ou coll\u00e8ges f\u00e9d\u00e9r\u00e9s figurant sur cette liste (ou encore \u00e0 l\u2019un des coll\u00e8ges communautaires ou c\u00e9geps se trouvant sur cette autre liste) &hellip; <a href=\"https:\/\/www.caubo.ca\/fr\/discover-caubo\/am-i-a-caubo-member\/\" class=\"more-link\">Continue reading<span class=\"screen-reader-text\"> &#8220;Suis-je membre de l\u2019ACPAU?&#8221;<\/span><\/a><\/p>\n","protected":false},"author":1,"featured_media":0,"parent":99,"menu_order":5,"comment_status":"closed","ping_status":"closed","template":"","meta":{"_acf_changed":false,"footnotes":""},"tags":[],"class_list":["post-101","page","type-page","status-publish","hentry"],"acf":[],"_links":{"self":[{"href":"https:\/\/www.caubo.ca\/fr\/wp-json\/wp\/v2\/pages\/101","targetHints":{"allow":["GET"]}}],"collection":[{"href":"https:\/\/www.caubo.ca\/fr\/wp-json\/wp\/v2\/pages"}],"about":[{"href":"https:\/\/www.caubo.ca\/fr\/wp-json\/wp\/v2\/types\/page"}],"author":[{"embeddable":true,"href":"https:\/\/www.caubo.ca\/fr\/wp-json\/wp\/v2\/users\/1"}],"replies":[{"embeddable":true,"href":"https:\/\/www.caubo.ca\/fr\/wp-json\/wp\/v2\/comments?post=101"}],"version-history":[{"count":0,"href":"https:\/\/www.caubo.ca\/fr\/wp-json\/wp\/v2\/pages\/101\/revisions"}],"up":[{"embeddable":true,"href":"https:\/\/www.caubo.ca\/fr\/wp-json\/wp\/v2\/pages\/99"}],"wp:attachment":[{"href":"https:\/\/www.caubo.ca\/fr\/wp-json\/wp\/v2\/media?parent=101"}],"wp:term":[{"taxonomy":"post_tag","embeddable":true,"href":"https:\/\/www.caubo.ca\/fr\/wp-json\/wp\/v2\/tags?post=101"}],"curies":[{"name":"wp","href":"https:\/\/api.w.org\/{rel}","templated":true}]}}