{"id":104,"date":"2016-02-01T11:37:54","date_gmt":"2016-02-01T16:37:54","guid":{"rendered":"https:\/\/www.caubo.ca\/fr\/discover-caubo\/corporate-participation\/"},"modified":"2022-12-21T10:18:29","modified_gmt":"2022-12-21T15:18:29","slug":"corporate-participation","status":"publish","type":"page","link":"https:\/\/www.caubo.ca\/fr\/discover-caubo\/corporate-participation\/","title":{"rendered":"Participation du milieu des affaires"},"content":{"rendered":"<h2><em>Cherchez-vous des occasions de joindre les d\u00e9cideurs cl\u00e9s du secteur universitaire et coll\u00e9gial canadien?<\/em><\/h2>\n<p><a href=\"https:\/\/www.caubo.ca\/fr\/discover-caubo\/our-members\/corporate\/\" target=\"_blank\" rel=\"noopener noreferrer\"><img loading=\"lazy\" decoding=\"async\" class=\"alignright wp-image-17983\" src=\"https:\/\/www.caubo.ca\/wp-content\/uploads\/2020\/02\/Corporate-Member_FR.png\" alt=\"\" width=\"157\" height=\"157\" srcset=\"https:\/\/www.caubo.ca\/wp-content\/uploads\/2020\/02\/Corporate-Member_FR.png 200w, https:\/\/www.caubo.ca\/wp-content\/uploads\/2020\/02\/Corporate-Member_FR-150x150.png 150w\" sizes=\"auto, (max-width: 157px) 85vw, 157px\" \/><\/a>L\u2019ACPAU regroupe parmi ses membres des recteurs et des cadres sup\u00e9rieurs responsables de nombreuses fonctions administratives au sein de ce secteur.<\/p>\n<p>Toutes les universit\u00e9s canadiennes ainsi qu\u2019un grand nombre de coll\u00e8ges sont membres de l\u2019ACPAU. Parmi les administrateurs membres se trouvent des hauts gestionnaires des secteurs fonctionnels suivants :<\/p>\n<ul>\n<li>Vice-rectorat aux finances et \u00e0 l\u2019administration<\/li>\n<li>Administration dans le milieu acad\u00e9mique<\/li>\n<li>V\u00e9rification interne<\/li>\n<li>Approvisionnement<\/li>\n<li>Tr\u00e9sorerie et placements<\/li>\n<li>Gestion des installations<\/li>\n<li>Gestion des risques<\/li>\n<li>Ressources humaines<\/li>\n<li>Services financiers<\/li>\n<\/ul>\n<h2><strong>S\u2019impliquer aupr\u00e8s de l\u2019ACPAU<\/strong><\/h2>\n<p>Faites conna\u00eetre votre marque aupr\u00e8s des d\u00e9cideurs du secteur de l\u2019enseignement postsecondaire et pr\u00e9sentez vos produits et services \u00e0 des clients potentiels en commanditant un prix ou un \u00e9v\u00e9nement, ou en achetant de la publicit\u00e9 dans l\u2019une des publications de l\u2019ACPAU.<\/p>\n<p>En commanditant des activit\u00e9s et des programmes de l\u2019ACPAU, vous donnez de la visibilit\u00e9 \u00e0 votre organisation aupr\u00e8s des d\u00e9cideurs des campus canadiens. De plus, votre affiliation \u00e0 l\u2019ACPAU d\u00e9montre l\u2019engagement de votre entreprise \u00e0 l\u2019\u00e9gard de l\u2019enseignement sup\u00e9rieur.<\/p>\n<p>Nous serons ravis de vous aider \u00e0 trouver la meilleure option afin que vous atteigniez vos objectifs de marketing pour ce secteur. Pour en savoir plus sur les diverses possibilit\u00e9s de commandite aupr\u00e8s de l\u2019ACPAU, veuillez communiquer avec :<\/p>\n<p>Tamara Nemchin<br \/>\nDirectrice associ\u00e9e<br \/>\nACPAU<br \/>\nT\u00e9l. : 613-230-6760, poste 336<br \/>\n<a href=\"mailto:tnemchin@acpau.ca\" target=\"_blank\" rel=\"noopener noreferrer\" data-cke-saved-href=\"mailto:tnemchin@caubo.ca\">tnemchin@acpau.ca<\/a><\/p>\n<h2><strong>Possibilit\u00e9s de commandite<\/strong><\/h2>\n<div id=\"squelch-taas-tab-group-0\" class=\"squelch-taas-tab-group squelch-taas-override\" data-title=\"\" data-disabled=\"false\" data-collapsible=\"false\" data-active=\"0\" data-event=\"click\"><ul><li class=\"squelch-taas-tab\"><a href=\"#squelch-taas-tab-content-0-0\"><strong>Commanditer le <\/strong><br \/>\n<strong>congr\u00e8s annuel<\/strong><\/a><\/li><li class=\"squelch-taas-tab\"><a href=\"#squelch-taas-tab-content-0-1\"><strong>Publicit\u00e9s dans la revue <\/strong><br \/>\n<strong>Gestion universitaire<\/strong><\/a><\/li><li class=\"squelch-taas-tab\"><a href=\"#squelch-taas-tab-content-0-2\"><strong>Commanditer les prix de la <\/strong><br \/>\n<strong>qualit\u00e9 et de la productivit\u00e9<\/strong><\/a><\/li><li class=\"squelch-taas-tab\"><a href=\"#squelch-taas-tab-content-0-3\"><strong>Commanditer le sondage <\/strong><br \/>\n<strong>sur les placements<\/strong><\/a><\/li><li class=\"squelch-taas-tab\"><a href=\"#squelch-taas-tab-content-0-4\"><strong>Publicit\u00e9s <\/strong><br \/>\n<strong>h\u00f4teli\u00e8res<\/strong><\/a><\/li><\/ul><div id=\"squelch-taas-tab-content-0-0\" class=\"\">\n<p>Chaque ann\u00e9e en juin, l\u2019ACPAU organise son <a href=\"https:\/\/www.caubo.ca\/fr\/knowledge-centre\/learningevents\/annual-conference\/\" target=\"_blank\" rel=\"noopener noreferrer\">congr\u00e8s annuel<\/a> avec des \u00e9tablissements membres. Cet \u00e9v\u00e9nement, le plus important au Canada en mati\u00e8re de perfectionnement professionnel pour notre secteur, r\u00e9unit des administrateurs universitaires des quatre coins du pays.<\/p>\n<p>Le congr\u00e8s de l\u2019ACPAU attire plus de 700 congressistes, notamment des vice-recteurs et des directeurs de divers secteurs fonctionnels (tels que les finances, les ressources humaines, la gestion des placements, la v\u00e9rification interne, la gestion des installations, l\u2019approvisionnement et la gestion des risques), de m\u00eame que des repr\u00e9sentants du secteur priv\u00e9.<\/p>\n<p>Pendant deux jours, les participants assistent \u00e0 des conf\u00e9rences stimulantes, \u00e0 des activit\u00e9s de r\u00e9seautage, \u00e0 un salon r\u00e9unissant plus de 60 exposants, et \u00e0 diverses activit\u00e9s sociales mettant la r\u00e9gion locale en valeur.<\/p>\n<p><span style=\"color: #333399;\"><em><strong>Quels sont les avantages pour votre organisation?<br \/>\n<\/strong><\/em><\/span>Chaque ann\u00e9e, le congr\u00e8s suscite l\u2019int\u00e9r\u00eat de plus de 70 commanditaires et exposants. Ces organisations offrent divers produits et services qui aident les membres de l\u2019ACPAU \u00e0 s\u2019acquitter de leurs responsabilit\u00e9s institutionnelles. La participation au congr\u00e8s est avantageuse pour les deux parties : les commanditaires viennent y rencontrer les administrateurs universitaires, et ces derniers peuvent d\u00e9couvrir chaque ann\u00e9e de nouveaux produits et services.<\/p>\n<p>Nous vous invitons \u00e0 participer au salon annuel des exposants, o\u00f9 vous aurez l\u2019occasion de rencontrer en personne d\u2019\u00e9ventuels clients du milieu de l\u2019enseignement sup\u00e9rieur tout en leur faisant conna\u00eetre vos produits et en discutant avec eux de vos services. Profitez de cette occasion unique au pays!<\/p>\n<p>En plus du congr\u00e8s principal, l\u2019ACPAU organise un certain nombre de s\u00e9minaires pr\u00e9congr\u00e8s pour les administrateurs universitaires travaillant dans des secteurs fonctionnels sp\u00e9cifiques. Chaque s\u00e9minaire engendre des possibilit\u00e9s de commandite, une excellente fa\u00e7on de rejoindre un groupe cible de d\u00e9cideurs universitaires.<\/p>\n<\/div><div id=\"squelch-taas-tab-content-0-1\" class=\"\">\n<p>Gestion universitaire est la revue trimestrielle publi\u00e9e par l\u2019ACPAU. Tir\u00e9e \u00e0 4 000 exemplaires, cette revue contient des articles portant sur des sujets et des tendances qui int\u00e9ressent les administrateurs universitaires canadiens travaillant dans les domaines de la finance, de l\u2019approvisionnement, des ressources humaines, de la gestion des risques, de la gestion des installations, de la tr\u00e9sorerie et des placements, de la fiscalit\u00e9, etc.<\/p>\n<p><span style=\"color: #333399;\"><em><strong>Quels sont les avantages pour votre organisation?<br \/>\n<\/strong><\/em><\/span>Si votre entreprise d\u00e9sire attirer l\u2019attention des lecteurs de Gestion universitaire, parmi lesquels se trouvent de nombreux d\u00e9cideurs cl\u00e9s de diverses universit\u00e9s canadiennes, <a href=\"https:\/\/kelmanonline.com\/online_mediakits\/universitymanager\/\" target=\"_blank\" rel=\"noopener\">cliquez ici<\/a> pour la trousse d&#8217;information.<\/p>\n<\/div><div id=\"squelch-taas-tab-content-0-2\" class=\"\">\n<p><img loading=\"lazy\" decoding=\"async\" class=\"size-medium wp-image-15109 alignright\" src=\"https:\/\/www.caubo.ca\/wp-content\/uploads\/2019\/02\/CAUBO_QP_2018_Booklet-230x300.png\" alt=\"\" width=\"230\" height=\"300\" srcset=\"https:\/\/www.caubo.ca\/wp-content\/uploads\/2019\/02\/CAUBO_QP_2018_Booklet-230x300.png 230w, https:\/\/www.caubo.ca\/wp-content\/uploads\/2019\/02\/CAUBO_QP_2018_Booklet-768x1001.png 768w, https:\/\/www.caubo.ca\/wp-content\/uploads\/2019\/02\/CAUBO_QP_2018_Booklet-786x1024.png 786w, https:\/\/www.caubo.ca\/wp-content\/uploads\/2019\/02\/CAUBO_QP_2018_Booklet-1200x1564.png 1200w, https:\/\/www.caubo.ca\/wp-content\/uploads\/2019\/02\/CAUBO_QP_2018_Booklet.png 1650w\" sizes=\"auto, (max-width: 230px) 85vw, 230px\" \/>D\u00e9montrez l\u2019engagement de votre entreprise \u00e0 l\u2019\u00e9gard de l\u2019excellence dans le secteur de l\u2019administration de l\u2019enseignement sup\u00e9rieur en commanditant le <a href=\"https:\/\/www.caubo.ca\/fr\/discover-caubo\/quality-productivity-awards-program\/\">programme des prix de la qualit\u00e9 et de la productivit\u00e9 de l\u2019ACPAU<\/a>.<\/p>\n<p><span style=\"color: #333399;\"><em><strong>Quels sont les avantages pour votre organisation?<br \/>\n<\/strong><\/em><\/span>Les commanditaires qui offrent une contribution annuelle de 10\u00a0000\u00a0$ b\u00e9n\u00e9ficient des avantages suivants\u00a0:<\/p>\n<ul>\n<li>Pr\u00e9sence du logo de l\u2019entreprise sur les formulaires d\u2019inscription (distribu\u00e9s \u00e0 toutes les universit\u00e9s canadiennes)<\/li>\n<li>Pr\u00e9sence du logo de l\u2019entreprise sur le livret de la c\u00e9r\u00e9monie<\/li>\n<li>Publication d\u2019une page publicitaire (imprim\u00e9e en quatre couleurs) dans le num\u00e9ro d\u2019\u00e9t\u00e9 de la revue <em>Gestion universitaire<\/em>, qui pr\u00e9sente les gagnants des prix de la qualit\u00e9 et de la productivit\u00e9 (revue tir\u00e9e \u00e0 4\u00a0000\u00a0exemplaires et distribu\u00e9e \u00e0 des entreprises et des particuliers)<\/li>\n<li>Visibilit\u00e9 accrue dans le num\u00e9ro d\u2019\u00e9t\u00e9 de la revue <em>Gestion universitaire<\/em> (section r\u00e9serv\u00e9e au livret de la c\u00e9r\u00e9monie)<\/li>\n<li>Visibilit\u00e9 de l\u2019entreprise sur le site Web de l\u2019ACPAU, ce qui inclut un lien vers le site Internet de l\u2019entreprise commanditaire<\/li>\n<li>Adh\u00e9sion \u00e0 l\u2019ACPAU comme membre corporatif<\/li>\n<li>L\u2019entreprise devient membre du comit\u00e9 de s\u00e9lection des prix de la qualit\u00e9 et de la productivit\u00e9<\/li>\n<li>Visibilit\u00e9 au congr\u00e8s annuel de l\u2019ACPAU\u00a0:\n<ul>\n<li>Un repr\u00e9sentant de l\u2019entreprise participe \u00e0 la remise des prix<\/li>\n<li>Les commanditaires sont nomm\u00e9s et remerci\u00e9s<\/li>\n<li>Le logo de l\u2019entreprise est visible lors de la remise des prix<\/li>\n<li>Les commanditaires sont mentionn\u00e9s dans le programme du congr\u00e8s<\/li>\n<\/ul>\n<\/li>\n<\/ul>\n<p><strong style=\"color: #333399;\">Commanditaires actuels :<\/strong><br \/>\nBudget Location de voitures<\/p>\n<\/div><div id=\"squelch-taas-tab-content-0-3\" class=\"\">\n<p><img loading=\"lazy\" decoding=\"async\" class=\"size-medium wp-image-22411 alignright\" src=\"https:\/\/www.caubo.ca\/wp-content\/uploads\/2021\/07\/CoverPage_CAUBO_Investment-Report_Main_July2021-232x300.jpg\" alt=\"\" width=\"232\" height=\"300\" srcset=\"https:\/\/www.caubo.ca\/wp-content\/uploads\/2021\/07\/CoverPage_CAUBO_Investment-Report_Main_July2021-232x300.jpg 232w, https:\/\/www.caubo.ca\/wp-content\/uploads\/2021\/07\/CoverPage_CAUBO_Investment-Report_Main_July2021-791x1024.jpg 791w, https:\/\/www.caubo.ca\/wp-content\/uploads\/2021\/07\/CoverPage_CAUBO_Investment-Report_Main_July2021-768x994.jpg 768w, https:\/\/www.caubo.ca\/wp-content\/uploads\/2021\/07\/CoverPage_CAUBO_Investment-Report_Main_July2021-1187x1536.jpg 1187w, https:\/\/www.caubo.ca\/wp-content\/uploads\/2021\/07\/CoverPage_CAUBO_Investment-Report_Main_July2021-1583x2048.jpg 1583w, https:\/\/www.caubo.ca\/wp-content\/uploads\/2021\/07\/CoverPage_CAUBO_Investment-Report_Main_July2021-1200x1553.jpg 1200w, https:\/\/www.caubo.ca\/wp-content\/uploads\/2021\/07\/CoverPage_CAUBO_Investment-Report_Main_July2021.jpg 1870w\" sizes=\"auto, (max-width: 232px) 85vw, 232px\" \/>L\u2019ACPAU r\u00e9alise et publie depuis plus de vingt ans son sondage national sur les placements des universit\u00e9s, sondage qui constitue la source d\u2019information la plus compl\u00e8te et la plus fiable en mati\u00e8re de caisses de retraite et de fonds de dotation au sein des universit\u00e9s canadiennes et des coll\u00e8ges affili\u00e9s. Le sondage est distribu\u00e9 aux cadres sup\u00e9rieurs et aux professionnels qui sont responsables des finances, de la tr\u00e9sorerie et des placements dans les \u00e9tablissements membres.<\/p>\n<p><a href=\"https:\/\/www.caubo.ca\/fr\/tableofcontents_caubo_investment-survey_reports-2\/\" target=\"_blank\" rel=\"noopener noreferrer\">Cliquez ici pour voir la table des mati\u00e8res du sondage sur les placements.<\/a><\/p>\n<p><span style=\"color: #333399;\"><em><strong>Quels sont les avantages pour votre organisation?<\/strong><\/em><\/span><br \/>\nLes commanditaires du sondage qui offrent une contribution annuelle de 2\u00a0000\u00a0$ b\u00e9n\u00e9ficient des avantages suivants\u00a0:<\/p>\n<ul>\n<li>Page publicitaire compl\u00e8te dans la publication du sondage sur les placements<\/li>\n<li>Adh\u00e9sion d\u2019un an \u00e0 l\u2019ACPAU comme membre corporatif, ce qui inclut des avantages suppl\u00e9mentaires (<a href=\"https:\/\/www.caubo.ca\/fr\/discover-caubo\/our-members\/corporate\/\" target=\"_blank\" rel=\"noopener noreferrer\">cliquez ici<\/a> pour en savoir plus)<\/li>\n<li>Obtention d\u2019une version \u00e9lectronique (en format PDF) du sondage sur les placements afin d\u2019en faciliter la distribution au sein de votre entreprise<\/li>\n<li>Obention d\u2019une version \u00e9lectronique (en format PDF) du num\u00e9ro d\u2019automne de la revue trimestrielle <em>Gestion universitaire<\/em> de l\u2019ACPAU (\u00e9dition sur les placements)<\/li>\n<li>Rabais de 15\u00a0% sur les publicit\u00e9s plac\u00e9es dans le num\u00e9ro d\u2019automne\u00a02020 de la revue <em>Gestion universitaire<\/em> (\u00e9dition sur les placements)<\/li>\n<\/ul>\n<p><span style=\"color: #333399;\"><strong>Commanditaires actuels :<\/strong><\/span><br \/>\nCidel Asset Management<br \/>\nJarislowsky, Fraser Limited<br \/>\nMFS Investment Management Canada Limited<br \/>\nNorthern Trust Asset Management<br \/>\nPhillips, Hager &amp; North Investment Management Ltd.<br \/>\nRussell Investments Canada Limited<br \/>\nSEI Institutional Group<\/p>\n<\/div><div id=\"squelch-taas-tab-content-0-4\" class=\"\">\n<p><img loading=\"lazy\" decoding=\"async\" class=\"wp-image-18147 size-medium alignright\" src=\"https:\/\/www.caubo.ca\/wp-content\/uploads\/2020\/03\/Hotel_AD_March022020-300x200.jpg\" alt=\"\" width=\"300\" height=\"200\" srcset=\"https:\/\/www.caubo.ca\/wp-content\/uploads\/2020\/03\/Hotel_AD_March022020-300x200.jpg 300w, https:\/\/www.caubo.ca\/wp-content\/uploads\/2020\/03\/Hotel_AD_March022020.jpg 400w\" sizes=\"auto, (max-width: 300px) 85vw, 300px\" \/><\/p>\n<p><em><strong>Ne vous contentez pas du statu quo : tentez du nouveau!<\/strong><\/em><\/p>\n<p>Trouvez de nouveaux clients et r\u00e9coltez des r\u00e9servations pour votre h\u00f4tel, vos voitures de location ou vos vols en cr\u00e9ant des publicit\u00e9s accrocheuses qui seront diffus\u00e9es sur la page d\u2019accueil du programme h\u00f4telier de l\u2019ACPAU. Cette plateforme vous aidera \u00e0 faire conna\u00eetre rapidement vos promotions aux membres de l\u2019ACPAU.<\/p>\n<p><span style=\"color: #333399;\"><em><strong>Qu\u2019est-ce que vous y gagnez?<\/strong><\/em><\/span><br \/>\nVotre publicit\u00e9 s\u2019affichera simultan\u00e9ment dans les versions fran\u00e7aise et anglaise de la page des h\u00f4tels. Cette page est d\u2019ailleurs la plus consult\u00e9e sur le site de l\u2019ACPAU. En y faisant de la publicit\u00e9, vous pourriez retenir l\u2019attention des membres juste avant qu\u2019ils ne r\u00e9servent leur voyage et leur h\u00e9bergement. La page est consult\u00e9e pr\u00e8s de 30 000 fois par ann\u00e9e : votre publicit\u00e9 sera donc vue par environ 2 500 visiteurs par mois.<\/p>\n<p>Vous avez le choix entre une banni\u00e8re ou un encadr\u00e9 sur le c\u00f4t\u00e9 droit de la page. Pour les d\u00e9tails, consultez notre guide sur les publicit\u00e9s h\u00f4teli\u00e8res.<\/p>\n<p><span style=\"color: #333399;\"><em><strong>Admissibilit\u00e9<\/strong><\/em><\/span><br \/>\nCette offre publicitaire s\u2019adresse aux h\u00f4tels, aux entreprises de location de voitures et aux compagnies a\u00e9riennes qui sont membres du programme de d\u00e9placements d\u2019affaires de l\u2019ACPAU.<\/p>\n<p>Les r\u00e9sidences universitaires situ\u00e9es sur les campus des \u00e9tablissements membres peuvent aussi annoncer sur le site Web de l\u2019ACPAU. Aucune exclusivit\u00e9 n\u2019est offerte aux h\u00f4tels, cha\u00eenes ou banni\u00e8res pour une m\u00eame destination. En commanditant des activit\u00e9s et des programmes de l\u2019ACPAU, vous donnez de la visibilit\u00e9 \u00e0 votre organisation aupr\u00e8s des d\u00e9cideurs des campus canadiens. De plus, votre affiliation \u00e0 l\u2019ACPAU d\u00e9montre l\u2019engagement de votre entreprise \u00e0 l\u2019\u00e9gard de l\u2019enseignement sup\u00e9rieur.<\/p>\n<p>Le formulaire de demande doit \u00eatre remis avec le paiement complet et la publicit\u00e9, laquelle doit respecter les formats indiqu\u00e9s ci-dessus. Les publicit\u00e9s appara\u00eetront sur le site Web de l\u2019ACPAU seulement lorsque le paiement complet aura \u00e9t\u00e9 acquitt\u00e9.<\/p>\n<p>T\u00e9l\u00e9chargez notre <a href=\"https:\/\/www.caubo.ca\/fr\/hotel-ad-guide-2023_dec-2022_final-2\/\" target=\"_blank\" rel=\"noopener noreferrer\">guide sur les publicit\u00e9s h\u00f4teli\u00e8res<\/a> et faites votre demande d\u00e8s aujourd\u2019hui!<\/p>\n<\/div><\/div>\n\n","protected":false},"excerpt":{"rendered":"<p>Cherchez-vous des occasions de joindre les d\u00e9cideurs cl\u00e9s du secteur universitaire et coll\u00e9gial canadien? L\u2019ACPAU regroupe parmi ses membres des recteurs et des cadres sup\u00e9rieurs responsables de nombreuses fonctions administratives au sein de ce secteur. Toutes les universit\u00e9s canadiennes ainsi qu\u2019un grand nombre de coll\u00e8ges sont membres de l\u2019ACPAU. Parmi les administrateurs membres se trouvent &hellip; <a href=\"https:\/\/www.caubo.ca\/fr\/discover-caubo\/corporate-participation\/\" class=\"more-link\">Continue reading<span class=\"screen-reader-text\"> &#8220;Participation du milieu des affaires&#8221;<\/span><\/a><\/p>\n","protected":false},"author":1,"featured_media":0,"parent":99,"menu_order":7,"comment_status":"closed","ping_status":"closed","template":"","meta":{"_acf_changed":false,"footnotes":""},"tags":[],"class_list":["post-104","page","type-page","status-publish","hentry"],"acf":[],"_links":{"self":[{"href":"https:\/\/www.caubo.ca\/fr\/wp-json\/wp\/v2\/pages\/104","targetHints":{"allow":["GET"]}}],"collection":[{"href":"https:\/\/www.caubo.ca\/fr\/wp-json\/wp\/v2\/pages"}],"about":[{"href":"https:\/\/www.caubo.ca\/fr\/wp-json\/wp\/v2\/types\/page"}],"author":[{"embeddable":true,"href":"https:\/\/www.caubo.ca\/fr\/wp-json\/wp\/v2\/users\/1"}],"replies":[{"embeddable":true,"href":"https:\/\/www.caubo.ca\/fr\/wp-json\/wp\/v2\/comments?post=104"}],"version-history":[{"count":0,"href":"https:\/\/www.caubo.ca\/fr\/wp-json\/wp\/v2\/pages\/104\/revisions"}],"up":[{"embeddable":true,"href":"https:\/\/www.caubo.ca\/fr\/wp-json\/wp\/v2\/pages\/99"}],"wp:attachment":[{"href":"https:\/\/www.caubo.ca\/fr\/wp-json\/wp\/v2\/media?parent=104"}],"wp:term":[{"taxonomy":"post_tag","embeddable":true,"href":"https:\/\/www.caubo.ca\/fr\/wp-json\/wp\/v2\/tags?post=104"}],"curies":[{"name":"wp","href":"https:\/\/api.w.org\/{rel}","templated":true}]}}