{"id":106,"date":"2016-02-01T11:35:26","date_gmt":"2016-02-01T16:35:26","guid":{"rendered":"https:\/\/www.caubo.ca\/fr\/discover-caubo\/member-discounts\/"},"modified":"2025-12-16T09:47:21","modified_gmt":"2025-12-16T14:47:21","slug":"member-discounts","status":"publish","type":"page","link":"https:\/\/www.caubo.ca\/fr\/discover-caubo\/member-discounts\/","title":{"rendered":"Tarifs pr\u00e9f\u00e9rentiels offerts aux membres"},"content":{"rendered":"<p>L&#8217;ACPAU\u00a0a\u00a0conclu des ententes nationales qui permettent aux membres de profiter de prix sp\u00e9ciaux ou de tarifs pr\u00e9f\u00e9rentiels\u00a0sur divers produits et services. En tant que membre, vous avez donc acc\u00e8s \u00e0 des rabais exclusifs et \u00e0 des services \u00e0 valeur ajout\u00e9e.<\/p>\n<p>Ces avantages s\u2019appliquent \u00e0 l\u2019ensemble du personnel administratif et facultaire des <a href=\"https:\/\/www.caubo.ca\/fr\/discover-caubo\/our-members\/university-members\/\" target=\"_blank\" rel=\"noopener noreferrer\">universit\u00e9s<\/a> et <a href=\"https:\/\/www.caubo.ca\/fr\/discover-caubo\/our-members\/affiliate-membership\/\" target=\"_blank\" rel=\"noopener noreferrer\">coll\u00e8ges<\/a> membres de l\u2019ACPAU, tant pour un usage personnel que professionnel.<strong> Ils ne sont toutefois pas offerts aux \u00e9tudiants, aux dipl\u00f4m\u00e9s et au personnel retrait\u00e9. Une preuve d\u2019emploi (p. ex. carte professionnelle ou carte d\u2019employ\u00e9) pourrait \u00eatre demand\u00e9e.<\/strong><\/p>\n<p>Pour acc\u00e9der aux programmes de tarifs pr\u00e9f\u00e9rentiels, vous devez vous connecter \u00e0 votre compte sur le site Web de l\u2019ACPAU en cliquant sur le bouton Acc\u00e8s membre en haut de la page. Si vous n\u2019avez pas de compte, vous pouvez en obtenir un en cliquant sur Cr\u00e9er un nouveau compte. Vous devez \u00eatre membre de l\u2019ACPAU pour cr\u00e9er un compte. Cliquez sur les liens du paragraphe pr\u00e9c\u00e9dent pour v\u00e9rifier si votre \u00e9tablissement est membre.<\/p>\n<p>Voici les rabais et tarifs pr\u00e9f\u00e9rentiels actuellement offerts aux membres :<\/p>\n<ul>\n<li>\n<h3><a href=\"https:\/\/www.caubo.ca\/fr\/discover-caubo\/member-discounts\/location-de-voitures\/\" target=\"_blank\" rel=\"noopener noreferrer\">Location de voitures<\/a><\/h3>\n<\/li>\n<li>\n<h3><a href=\"https:\/\/www.caubo.ca\/fr\/discover-caubo\/member-discounts\/programme-hotelier\/\" target=\"_blank\" rel=\"noopener noreferrer\">H\u00f4tels<\/a><\/h3>\n<\/li>\n<li>\n<h3><a href=\"https:\/\/www.caubo.ca\/fr\/discover-caubo\/member-discounts\/services-de-demenagement\/\" target=\"_blank\" rel=\"noopener noreferrer\">Services de d\u00e9m\u00e9nagement<\/a><\/h3>\n<\/li>\n<li>\n<h3><a href=\"https:\/\/www.caubo.ca\/fr\/discover-caubo\/member-discounts\/parkn-fly-preferential-pricing\/\" target=\"_blank\" rel=\"noopener noreferrer\">Park\u2019N Fly<\/a><\/h3>\n<\/li>\n<li>\n<h3><a href=\"https:\/\/www.caubo.ca\/fr\/discover-caubo\/member-discounts\/tarifs-preferentiels-union-pearson-express\/\" target=\"_blank\" rel=\"noopener noreferrer\">Union Pearson Express<\/a><\/h3>\n<\/li>\n<li>\n<h3><a href=\"https:\/\/www.caubo.ca\/fr\/discover-caubo\/member-discounts\/tarifs-preferentiels-via-rail\/\" target=\"_blank\" rel=\"noopener noreferrer\">VIA Rail<\/a><\/h3>\n<\/li>\n<\/ul>\n<p>Pour toute question sur les tarifs pr\u00e9f\u00e9rentiels offerts aux membres de l\u2019ACPAU, \u00e9crivez \u00e0 <a href=\"mailto:contracts@acpau.ca\" target=\"_blank\" rel=\"noopener noreferrer\">contracts@acpau.ca<\/a><\/p>\n","protected":false},"excerpt":{"rendered":"<p>L&#8217;ACPAU\u00a0a\u00a0conclu des ententes nationales qui permettent aux membres de profiter de prix sp\u00e9ciaux ou de tarifs pr\u00e9f\u00e9rentiels\u00a0sur divers produits et services. En tant que membre, vous avez donc acc\u00e8s \u00e0 des rabais exclusifs et \u00e0 des services \u00e0 valeur ajout\u00e9e. Ces avantages s\u2019appliquent \u00e0 l\u2019ensemble du personnel administratif et facultaire des universit\u00e9s et coll\u00e8ges membres &hellip; <a href=\"https:\/\/www.caubo.ca\/fr\/discover-caubo\/member-discounts\/\" class=\"more-link\">Continue reading<span class=\"screen-reader-text\"> &#8220;Tarifs pr\u00e9f\u00e9rentiels offerts aux membres&#8221;<\/span><\/a><\/p>\n","protected":false},"author":1,"featured_media":0,"parent":99,"menu_order":6,"comment_status":"closed","ping_status":"closed","template":"","meta":{"_acf_changed":false,"footnotes":""},"tags":[],"class_list":["post-106","page","type-page","status-publish","hentry"],"acf":[],"_links":{"self":[{"href":"https:\/\/www.caubo.ca\/fr\/wp-json\/wp\/v2\/pages\/106","targetHints":{"allow":["GET"]}}],"collection":[{"href":"https:\/\/www.caubo.ca\/fr\/wp-json\/wp\/v2\/pages"}],"about":[{"href":"https:\/\/www.caubo.ca\/fr\/wp-json\/wp\/v2\/types\/page"}],"author":[{"embeddable":true,"href":"https:\/\/www.caubo.ca\/fr\/wp-json\/wp\/v2\/users\/1"}],"replies":[{"embeddable":true,"href":"https:\/\/www.caubo.ca\/fr\/wp-json\/wp\/v2\/comments?post=106"}],"version-history":[{"count":0,"href":"https:\/\/www.caubo.ca\/fr\/wp-json\/wp\/v2\/pages\/106\/revisions"}],"up":[{"embeddable":true,"href":"https:\/\/www.caubo.ca\/fr\/wp-json\/wp\/v2\/pages\/99"}],"wp:attachment":[{"href":"https:\/\/www.caubo.ca\/fr\/wp-json\/wp\/v2\/media?parent=106"}],"wp:term":[{"taxonomy":"post_tag","embeddable":true,"href":"https:\/\/www.caubo.ca\/fr\/wp-json\/wp\/v2\/tags?post=106"}],"curies":[{"name":"wp","href":"https:\/\/api.w.org\/{rel}","templated":true}]}}