{"id":107,"date":"2016-02-01T11:33:16","date_gmt":"2016-02-01T16:33:16","guid":{"rendered":"https:\/\/www.caubo.ca\/fr\/discover-caubo\/our-members\/"},"modified":"2023-11-15T09:24:43","modified_gmt":"2023-11-15T14:24:43","slug":"our-members","status":"publish","type":"page","link":"https:\/\/www.caubo.ca\/fr\/discover-caubo\/our-members\/","title":{"rendered":"Nos membres"},"content":{"rendered":"<p>Il existe trois cat\u00e9gories d\u2019adh\u00e9sion \u00e0 l\u2019ACPAU :<\/p>\n<table>\n<tbody>\n<tr valign=\"top\">\n<td width=\"35%\"><a href=\"https:\/\/www.caubo.ca\/fr\/discover-caubo\/our-members\/university-members\/\" target=\"_blank\" rel=\"noopener noreferrer\"><img loading=\"lazy\" decoding=\"async\" class=\"alignnone wp-image-14169 size-full\" src=\"https:\/\/www.caubo.ca\/wp-content\/uploads\/2018\/11\/Membres-universitaires.png\" alt=\"\" width=\"349\" height=\"87\" \/><\/a><\/td>\n<td>L\u2019adh\u00e9sion \u00e0 titre de membre r\u00e9gulier est r\u00e9serv\u00e9e aux \u00e9tablissements sans but lucratif membres d\u2019Universit\u00e9s Canada (UC) et aux \u00e9tablissements affili\u00e9s \u00e0 un membre d\u2019UC. L\u2019accueil d\u2019un nouveau membre r\u00e9gulier au sein de l\u2019ACPAU est assujetti \u00e0 l\u2019approbation d\u2019une recommandation pr\u00e9sent\u00e9e par le conseil d\u2019administration. D\u2019autres \u00e9tablissements sans but lucratif peuvent \u00eatre admis comme membres r\u00e9guliers sous r\u00e9serve de l\u2019approbation du conseil d\u2019administration. Tous les employ\u00e9s des \u00e9tablissements membres sont consid\u00e9r\u00e9s comme membres de l\u2019ACPAU et b\u00e9n\u00e9ficient, par le fait m\u00eame, des avantages li\u00e9s \u00e0 l\u2019adh\u00e9sion. Une des questions les plus souvent pos\u00e9es au personnel de l\u2019ACPAU est : \u00ab Suis-je membre de l\u2019ACPAU? \u00bb Heureusement, la r\u00e9ponse est simple. Si vous travaillez \u00e0 l\u2019un des \u00e9tablissements universitaires ou coll\u00e8ges f\u00e9d\u00e9r\u00e9s sur cette liste, ou encore \u00e0 l\u2019un des coll\u00e8ges communautaires\/c\u00e9geps figurant sur cette liste, vous \u00eates membre de l\u2019ACPAU.<\/p>\n<p><a href=\"https:\/\/www.caubo.ca\/fr\/discover-caubo\/our-members\/university-members\/\">Apprenez-en plus<\/a> sur les avantages offerts aux membres r\u00e9guliers et consultez la liste \u00e0 jour des membres r\u00e9guliers de l\u2019ACPAU.<\/p>\n<p><em><strong>Votre \u00e9tablissement n\u2019est PAS membre mais respecte la condition nomm\u00e9e ci-dessus et souhaite se joindre \u00e0 l\u2019ACPAU?<\/strong> <\/em>Veuillez communiquer avec <a href=\"mailto:nlaporte@acpau.ca\" target=\"_blank\" rel=\"noopener\">Nathalie Laporte<\/a>, directrice g\u00e9n\u00e9rale de l\u2019ACPAU.<\/td>\n<\/tr>\n<tr valign=\"top\">\n<td><a href=\"https:\/\/www.caubo.ca\/fr\/discover-caubo\/our-members\/affiliate-membership\/\" target=\"_blank\" rel=\"noopener noreferrer\"><img loading=\"lazy\" decoding=\"async\" class=\"alignleft wp-image-14165\" src=\"https:\/\/www.caubo.ca\/wp-content\/uploads\/2018\/11\/Membres-coll\u00e9giaux.png\" alt=\"\" width=\"349\" height=\"87\" \/><\/a><\/td>\n<td>L\u2019adh\u00e9sion \u00e0 titre de membre affili\u00e9 est ouverte aux coll\u00e8ges communautaires, c\u00e9geps, instituts et autres organisations (\u00e9tablissements sans but lucratif) li\u00e9es \u00e0 l\u2019\u00e9ducation qui sont parfois accept\u00e9es comme membres par le conseil d\u2019administration. Tous les employ\u00e9s des \u00e9tablissements membres sont consid\u00e9r\u00e9s comme membres de l\u2019ACPAU et b\u00e9n\u00e9ficient, par le fait m\u00eame, des avantages li\u00e9s \u00e0 l\u2019adh\u00e9sion.<\/p>\n<p><a href=\"https:\/\/www.caubo.ca\/fr\/discover-caubo\/our-members\/affiliate-membership\/\">Apprenez-en plus<\/a> sur les avantages offerts aux membres affili\u00e9s et consultez la liste \u00e0 jour des membres affili\u00e9s de l\u2019ACPAU.<\/td>\n<\/tr>\n<tr valign=\"top\">\n<td><a href=\"https:\/\/www.caubo.ca\/fr\/discover-caubo\/our-members\/corporate\/\" target=\"_blank\" rel=\"noopener noreferrer\"><img loading=\"lazy\" decoding=\"async\" class=\"alignleft wp-image-14167\" src=\"https:\/\/www.caubo.ca\/wp-content\/uploads\/2018\/11\/Membres-corporatifs.png\" alt=\"\" width=\"349\" height=\"87\" \/><\/a><\/td>\n<td>L\u2019adh\u00e9sion \u00e0 titre de membre corporatif est ouverte aux entreprises qui offrent des produits ou des services pouvant aider les autres membres de l\u2019ACPAU \u00e0 r\u00e9aliser leurs objectifs.<\/p>\n<p><a href=\"https:\/\/www.caubo.ca\/fr\/discover-caubo\/our-members\/corporate\/\">Apprenez-en plus<\/a> sur les avantages offerts aux membres corporatifs et consultez la liste \u00e0 jour des membres corporatifs de l\u2019ACPAU.<\/td>\n<\/tr>\n<\/tbody>\n<\/table>\n","protected":false},"excerpt":{"rendered":"<p>Il existe trois cat\u00e9gories d\u2019adh\u00e9sion \u00e0 l\u2019ACPAU : L\u2019adh\u00e9sion \u00e0 titre de membre r\u00e9gulier est r\u00e9serv\u00e9e aux \u00e9tablissements sans but lucratif membres d\u2019Universit\u00e9s Canada (UC) et aux \u00e9tablissements affili\u00e9s \u00e0 un membre d\u2019UC. L\u2019accueil d\u2019un nouveau membre r\u00e9gulier au sein de l\u2019ACPAU est assujetti \u00e0 l\u2019approbation d\u2019une recommandation pr\u00e9sent\u00e9e par le conseil d\u2019administration. D\u2019autres \u00e9tablissements &hellip; <a href=\"https:\/\/www.caubo.ca\/fr\/discover-caubo\/our-members\/\" class=\"more-link\">Continue reading<span class=\"screen-reader-text\"> &#8220;Nos membres&#8221;<\/span><\/a><\/p>\n","protected":false},"author":1,"featured_media":0,"parent":99,"menu_order":4,"comment_status":"closed","ping_status":"closed","template":"","meta":{"_acf_changed":false,"footnotes":""},"tags":[],"class_list":["post-107","page","type-page","status-publish","hentry"],"acf":[],"_links":{"self":[{"href":"https:\/\/www.caubo.ca\/fr\/wp-json\/wp\/v2\/pages\/107","targetHints":{"allow":["GET"]}}],"collection":[{"href":"https:\/\/www.caubo.ca\/fr\/wp-json\/wp\/v2\/pages"}],"about":[{"href":"https:\/\/www.caubo.ca\/fr\/wp-json\/wp\/v2\/types\/page"}],"author":[{"embeddable":true,"href":"https:\/\/www.caubo.ca\/fr\/wp-json\/wp\/v2\/users\/1"}],"replies":[{"embeddable":true,"href":"https:\/\/www.caubo.ca\/fr\/wp-json\/wp\/v2\/comments?post=107"}],"version-history":[{"count":0,"href":"https:\/\/www.caubo.ca\/fr\/wp-json\/wp\/v2\/pages\/107\/revisions"}],"up":[{"embeddable":true,"href":"https:\/\/www.caubo.ca\/fr\/wp-json\/wp\/v2\/pages\/99"}],"wp:attachment":[{"href":"https:\/\/www.caubo.ca\/fr\/wp-json\/wp\/v2\/media?parent=107"}],"wp:term":[{"taxonomy":"post_tag","embeddable":true,"href":"https:\/\/www.caubo.ca\/fr\/wp-json\/wp\/v2\/tags?post=107"}],"curies":[{"name":"wp","href":"https:\/\/api.w.org\/{rel}","templated":true}]}}