{"id":118,"date":"2016-02-01T11:33:58","date_gmt":"2016-02-01T16:33:58","guid":{"rendered":"https:\/\/www.caubo.ca\/fr\/discover-caubo\/our-members\/affiliate\/"},"modified":"2026-02-05T10:59:52","modified_gmt":"2026-02-05T15:59:52","slug":"affiliate-membership","status":"publish","type":"page","link":"https:\/\/www.caubo.ca\/fr\/discover-caubo\/our-members\/affiliate-membership\/","title":{"rendered":"Membres coll\u00e9giaux (affili\u00e9s)"},"content":{"rendered":"<div id=\"squelch-taas-accordion-0\" class=\"squelch-taas-accordion squelch-taas-override\" data-active=\"\" data-disabled=\"false\" data-autoheight=\"false\" data-collapsible=\"true\"><h3 id=\"squelch-taas-header-0\"><a href=\"#squelch-taas-accordion-shortcode-content-0\" class=\"\">ADMISSIBILIT\u00c9<\/a><\/h3><div id=\"squelch-taas-accordion-shortcode-content-0\" class=\"squelch-taas-accordion-shortcode-content squelch-taas-accordion-shortcode-content-0\">\n<p>L\u2019adh\u00e9sion \u00e0 l\u2019ACPAU \u00e0 titre de membre affili\u00e9 est ouverte aux coll\u00e8ges communautaires, aux c\u00e9geps, aux instituts et aux autres organisations (\u00e9tablissements sans but lucratif) li\u00e9es \u00e0 l\u2019\u00e9ducation.<\/p>\n<p>La cotisation suit l\u2019ann\u00e9e financi\u00e8re de l\u2019ACPAU, qui s\u2019\u00e9tend du 1er avril au 31 mars.<\/div>\n<h3 id=\"squelch-taas-header-1\"><a href=\"#squelch-taas-accordion-shortcode-content-1\" class=\"\">COTISATION DES MEMBRES AFFILI\u00c9S<\/a><\/h3><div id=\"squelch-taas-accordion-shortcode-content-1\" class=\"squelch-taas-accordion-shortcode-content squelch-taas-accordion-shortcode-content-1\">\n<table>\n<tbody>\n<tr>\n<td colspan=\"2\" width=\"395\"><em>Total des revenus<\/em><\/td>\n<td width=\"197\"><em>2025-2026<\/em><\/td>\n<\/tr>\n<tr>\n<td colspan=\"2\" width=\"395\"><em>selon les \u00e9tats financiers<\/em><\/td>\n<td width=\"197\"><em>\u00a0<\/em><\/td>\n<\/tr>\n<tr>\n<td colspan=\"2\" width=\"395\"><em>v\u00e9rifi\u00e9s (en milliers de dollars)<\/em><\/td>\n<td width=\"197\"><em>Cotisation<\/em><\/td>\n<\/tr>\n<tr>\n<td width=\"197\"><\/td>\n<td width=\"197\"><\/td>\n<td width=\"197\"><\/td>\n<\/tr>\n<tr>\n<td width=\"197\">0 &#8211;<\/td>\n<td width=\"197\">24 999<\/td>\n<td width=\"197\">1 224<\/td>\n<\/tr>\n<tr>\n<td width=\"197\">25 000 &#8211;<\/td>\n<td width=\"197\">49 999<\/td>\n<td width=\"197\">1 530<\/td>\n<\/tr>\n<tr>\n<td width=\"197\">50 000 &#8211;<\/td>\n<td width=\"197\">99 999<\/td>\n<td width=\"197\">2 040<\/td>\n<\/tr>\n<tr>\n<td width=\"197\">100 000 &#8211;<\/td>\n<td width=\"197\">249 999<\/td>\n<td width=\"197\">2 550<\/td>\n<\/tr>\n<tr>\n<td width=\"197\">250 000 &#8211;<\/td>\n<td width=\"197\">+<\/td>\n<td width=\"197\">3 060<\/td>\n<\/tr>\n<\/tbody>\n<\/table>\n<\/div>\n<h3 id=\"squelch-taas-header-2\"><a href=\"#squelch-taas-accordion-shortcode-content-2\" class=\"\">AVANTAGES OFFERTS AUX MEMBRES AFFILI\u00c9S<\/a><\/h3><div id=\"squelch-taas-accordion-shortcode-content-2\" class=\"squelch-taas-accordion-shortcode-content squelch-taas-accordion-shortcode-content-2\">\n<ul>\n<li>Inscription aux activit\u00e9s de perfectionnement professionnel de l\u2019ACPAU (p. ex. cours, ateliers, webinaires) au tarif de membre.<\/li>\n<li>Inscription au congr\u00e8s annuel de l\u2019ACPAU au tarif de membre.<\/li>\n<li>Abonnement \u00e0 la revue trimestrielle Gestion universitaire, qui permet d\u2019en savoir plus sur les pratiques exemplaires du milieu.<\/li>\n<li>Acc\u00e8s aux publications et aux \u00e9tudes nationales de l\u2019ACPAU portant sur des sujets d\u2019int\u00e9r\u00eat pour le secteur de l\u2019enseignement sup\u00e9rieur; vous pouvez ainsi rester au fait des enjeux d\u2019actualit\u00e9.<\/li>\n<li>Acc\u00e8s \u00e0 un service d\u2019affichage de postes (<a href=\"https:\/\/www.EmploisEnsSup.ca\" target=\"_blank\" rel=\"noopener noreferrer\">www.EmploisEnsSup.ca<\/a>) permettant de recruter de nouveaux talents, qu\u2019ils se trouvent au Canada ou ailleurs dans le monde.<\/li>\n<li>\u00c9conomies diverses (h\u00f4tels, location de voitures, services de d\u00e9m\u00e9nagement, VIA Rail) gr\u00e2ce aux ententes nationales n\u00e9goci\u00e9es par l\u2019ACPAU.<\/li>\n<\/ul>\n<\/div><\/div>\n\n<p>Pour plus d\u2019information au sujet de l\u2019adh\u00e9sion et des services de l\u2019ACPAU, veuillez communiquer avec :<\/p>\n<p><a href=\"mailto:lseguin@acpau.ca\">Lynne S\u00e9guin<\/a><br \/>\nAdjointe administrative<br \/>\nACPAU<br \/>\n350, rue Albert, bureau 1610<br \/>\nOttawa (Ontario)\u00a0 K1R 1A4<br \/>\nT\u00e9l\u00e9phone : 613-230-6760, poste\u00a0269<\/p>\n<p><a href=\"https:\/\/www.caubo.ca\/fr\/application_form_affiliate_f_rev_2022-11-10\/\" target=\"_blank\" rel=\"noopener noreferrer\">T\u00c9L\u00c9CHARGEZ LE FORMULAIRE D\u2019ADH\u00c9SION<\/a><\/p>\n<h2><strong>Liste actuelle des membres affili\u00e9s de l\u2019ACPAU<\/strong><\/h2>\n<p>(tous les employ\u00e9s de ces \u00e9tablissements ont droit aux avantages de l\u2019adh\u00e9sion)<\/p>\n<p><a href=\"https:\/\/www.auarts.ca\/\" target=\"_blank\" rel=\"noopener noreferrer\">Alberta University of the Arts<\/a><br \/>\n<a href=\"https:\/\/www.algonquincollege.com\/\" target=\"_blank\" rel=\"noopener noreferrer\">Algonquin College<\/a><br \/>\n<a href=\"https:\/\/www.auroracollege.nt.ca\/\" target=\"_blank\" rel=\"noopener noreferrer\">Aurora College<\/a><br \/>\n<a href=\"https:\/\/bowvalleycollege.ca\/\" target=\"_blank\" rel=\"noopener noreferrer\">Bow Valley College<\/a><br \/>\n<a href=\"https:\/\/www.bcit.ca\" target=\"_blank\" rel=\"noopener noreferrer\">British Columbia Institute of Technology<\/a><br \/>\n<a href=\"https:\/\/www.burmanu.ca\/\" target=\"_blank\" rel=\"noopener noreferrer\">Burman University<\/a><br \/>\n<a href=\"https:\/\/www.cmcc.ca\/\" target=\"_blank\" rel=\"noopener noreferrer\">Canadian Memorial Chiropractic College<\/a><br \/>\n<a href=\"https:\/\/www.cna.nl.ca\/\" target=\"_blank\" rel=\"noopener noreferrer\">College of the North Atlantic<\/a><br \/>\n<a href=\"https:\/\/www.cotr.bc.ca\/\" target=\"_blank\" rel=\"noopener noreferrer\">College of the Rockies<\/a><br \/>\n<a href=\"https:\/\/www.ccnb.ca\/\" target=\"_blank\" rel=\"noopener noreferrer\">Coll\u00e8ge communautaire du Nouveau-Brunswick<\/a><br \/>\n<a href=\"https:\/\/www.confederationcollege.ca\/\" target=\"_blank\" rel=\"noopener noreferrer\">Confederation College of Applied Arts &amp; Technology<\/a><br \/>\n<a href=\"https:\/\/www.douglascollege.ca\/\" target=\"_blank\" rel=\"noopener\">Douglas College<\/a><br \/>\n<a href=\"https:\/\/www.fanshawec.ca\/\" target=\"_blank\" rel=\"noopener noreferrer\">Fanshawe College<\/a><br \/>\n<a href=\"https:\/\/www.georgebrown.ca\/\" target=\"_blank\" rel=\"noopener noreferrer\">George Brown College of Applied Arts &amp; Technology<\/a><br \/>\n<a href=\"https:\/\/www.georgiancollege.ca\/\" target=\"_blank\" rel=\"noopener noreferrer\">Georgian College<\/a><br \/>\n<a href=\"https:\/\/www.heritagecambridge.com\/\" target=\"_blank\" rel=\"noopener noreferrer\">Heritage College<\/a><br \/>\n<a href=\"https:\/\/www.hollandcollege.com\/\" target=\"_blank\" rel=\"noopener noreferrer\">Holland College<\/a><br \/>\n<a href=\"https:\/\/www.keyano.ca\/en\/index.aspx\" target=\"_blank\" rel=\"noopener\">Keyano College<\/a><br \/>\n<a href=\"https:\/\/www.collegelacite.ca\/\" target=\"_blank\" rel=\"noopener noreferrer\">La Cit\u00e9 Coll\u00e9giale<\/a><br \/>\n<a href=\"https:\/\/www.lakelandcollege.ca\/\" target=\"_blank\" rel=\"noopener noreferrer\">Lakeland College<\/a><br \/>\n<a href=\"https:\/\/www.lambtoncollege.ca\/\" target=\"_blank\" rel=\"noopener noreferrer\">Lambton College of Applied Arts and Technology<\/a><br \/>\n<a href=\"https:\/\/langara.ca\/\" target=\"_blank\" rel=\"noopener\">Langara College<\/a><br \/>\n<a href=\"https:\/\/lethpolytech.ca\/\" target=\"_blank\" rel=\"noopener\">Lethbridge Polytechnic<\/a><br \/>\n<a href=\"https:\/\/www.loyalistcollege.com\/\" target=\"_blank\" rel=\"noopener noreferrer\">Loyalist College<\/a><br \/>\n<a href=\"https:\/\/www.mitt.ca\/\" target=\"_blank\" rel=\"noopener\">Manitoba Institute of Trades and Technology<\/a><br \/>\n<a href=\"https:\/\/www.mhc.ab.ca\/\" target=\"_blank\" rel=\"noopener\">Medicine Hat College<\/a><br \/>\n<a href=\"https:\/\/www.mohawkcollege.ca\/\" target=\"_blank\" rel=\"noopener noreferrer\">Mohawk College<\/a><br \/>\n<a href=\"https:\/\/www.nbcc.ca\/\" target=\"_blank\" rel=\"noopener noreferrer\"> New Brunswick Community College<\/a><br \/>\n<a href=\"https:\/\/www.niagaracollege.ca\/\" target=\"_blank\" rel=\"noopener noreferrer\">Niagara College<\/a><br \/>\n<a href=\"https:\/\/www.norquest.ca\" target=\"_blank\" rel=\"noopener noreferrer\">NorQuest College<\/a><br \/>\n<a href=\"https:\/\/www.nait.ca\/\" target=\"_blank\" rel=\"noopener noreferrer\">Northern Alberta Institute of Technology<\/a><br \/>\n<a href=\"https:\/\/www.nscc.ca\/\" target=\"_blank\" rel=\"noopener noreferrer\">Nova Scotia Community College<\/a><br \/>\n<a href=\"https:\/\/www.okanagan.bc.ca\/\" target=\"_blank\" rel=\"noopener noreferrer\">Okanagan College<\/a><br \/>\n<a href=\"https:\/\/www.portagecollege.ca\/\" target=\"_blank\" rel=\"noopener noreferrer\">Portage College<\/a><br \/>\n<a href=\"https:\/\/rdpolytech.ca\/\" target=\"_blank\" rel=\"noopener noreferrer\">Red Deer Polytechnic<\/a><br \/>\n<a href=\"https:\/\/www.rrc.ca\/\" target=\"_blank\" rel=\"noopener noreferrer\">Red River College<\/a><br \/>\n<a href=\"https:\/\/saskpolytech.ca\/\" target=\"_blank\" rel=\"noopener noreferrer\">Saskatchewan Polytechnic<\/a><br \/>\n<a href=\"https:\/\/www.senecapolytechnic.ca\/home.html\" target=\"_blank\" rel=\"noopener noreferrer\">Seneca Polytechnic<\/a><br \/>\n<a href=\"https:\/\/www.sheridancollege.ca\/\" target=\"_blank\" rel=\"noopener noreferrer\">Sheridan College Institute of Technology and Advanced Learning<\/a><br \/>\n<a href=\"https:\/\/www.sait.ca\/\" target=\"_blank\" rel=\"noopener noreferrer\">Southern Alberta Institute of Technology<\/a><br \/>\n<a href=\"https:\/\/www.stmu.ca\/\" target=\"_blank\" rel=\"noopener noreferrer\">St. Mary\u2019s University (AB)<\/a><br \/>\n<a href=\"https:\/\/www.banffcentre.ca\/\" target=\"_blank\" rel=\"noopener noreferrer\">The Banff Centre<\/a><br \/>\n<a href=\"https:\/\/ucn.ca\" target=\"_blank\" rel=\"noopener noreferrer\">University College of the North<br \/>\n<\/a><\/p>\n","protected":false},"excerpt":{"rendered":"<p>Pour plus d\u2019information au sujet de l\u2019adh\u00e9sion et des services de l\u2019ACPAU, veuillez communiquer avec : Lynne S\u00e9guin Adjointe administrative ACPAU 350, rue Albert, bureau 1610 Ottawa (Ontario)\u00a0 K1R 1A4 T\u00e9l\u00e9phone : 613-230-6760, poste\u00a0269 T\u00c9L\u00c9CHARGEZ LE FORMULAIRE D\u2019ADH\u00c9SION Liste actuelle des membres affili\u00e9s de l\u2019ACPAU (tous les employ\u00e9s de ces \u00e9tablissements ont droit aux avantages &hellip; <a href=\"https:\/\/www.caubo.ca\/fr\/discover-caubo\/our-members\/affiliate-membership\/\" class=\"more-link\">Continue reading<span class=\"screen-reader-text\"> &#8220;Membres coll\u00e9giaux (affili\u00e9s)&#8221;<\/span><\/a><\/p>\n","protected":false},"author":1,"featured_media":0,"parent":107,"menu_order":0,"comment_status":"closed","ping_status":"closed","template":"","meta":{"_acf_changed":false,"footnotes":""},"tags":[],"class_list":["post-118","page","type-page","status-publish","hentry"],"acf":[],"_links":{"self":[{"href":"https:\/\/www.caubo.ca\/fr\/wp-json\/wp\/v2\/pages\/118","targetHints":{"allow":["GET"]}}],"collection":[{"href":"https:\/\/www.caubo.ca\/fr\/wp-json\/wp\/v2\/pages"}],"about":[{"href":"https:\/\/www.caubo.ca\/fr\/wp-json\/wp\/v2\/types\/page"}],"author":[{"embeddable":true,"href":"https:\/\/www.caubo.ca\/fr\/wp-json\/wp\/v2\/users\/1"}],"replies":[{"embeddable":true,"href":"https:\/\/www.caubo.ca\/fr\/wp-json\/wp\/v2\/comments?post=118"}],"version-history":[{"count":0,"href":"https:\/\/www.caubo.ca\/fr\/wp-json\/wp\/v2\/pages\/118\/revisions"}],"up":[{"embeddable":true,"href":"https:\/\/www.caubo.ca\/fr\/wp-json\/wp\/v2\/pages\/107"}],"wp:attachment":[{"href":"https:\/\/www.caubo.ca\/fr\/wp-json\/wp\/v2\/media?parent=118"}],"wp:term":[{"taxonomy":"post_tag","embeddable":true,"href":"https:\/\/www.caubo.ca\/fr\/wp-json\/wp\/v2\/tags?post=118"}],"curies":[{"name":"wp","href":"https:\/\/api.w.org\/{rel}","templated":true}]}}