{"id":120,"date":"2016-02-01T11:34:35","date_gmt":"2016-02-01T16:34:35","guid":{"rendered":"https:\/\/www.caubo.ca\/fr\/discover-caubo\/our-members\/corporate\/"},"modified":"2026-04-27T10:52:51","modified_gmt":"2026-04-27T14:52:51","slug":"corporate","status":"publish","type":"page","link":"https:\/\/www.caubo.ca\/fr\/discover-caubo\/our-members\/corporate\/","title":{"rendered":"Membres corporatifs"},"content":{"rendered":"<p>L\u2019ACPAU repr\u00e9sente les administrateurs universitaires qui \u0153uvrent dans les secteurs fonctionnels suivants :<\/p>\n<ul>\n<li>Administration dans le milieu acad\u00e9mique<\/li>\n<li>Gestion des installations<\/li>\n<li>Finances<\/li>\n<li>Ressources humaines<\/li>\n<li>V\u00e9rification interne<\/li>\n<li>Approvisionnement<\/li>\n<li>Gestion des risques<\/li>\n<li>Tr\u00e9sorerie et placements<\/li>\n<\/ul>\n<p>L\u2019ACPAU cherche constamment \u00e0 \u00e9tablir des relations de travail mutuellement profitables avec des entreprises qui offrent des produits ou des services pouvant \u00eatre utiles aux membres r\u00e9guliers dans l\u2019accomplissement de leurs responsabilit\u00e9s institutionnelles.<\/p>\n<p>Devenir un membre corporatif est une excellente fa\u00e7on d\u2019augmenter ou de maintenir la visibilit\u00e9 de votre entreprise aupr\u00e8s de milliers de membres du secteur de l\u2019enseignement sup\u00e9rieur, lesquels repr\u00e9sentent la majorit\u00e9 des d\u00e9cideurs en mati\u00e8re d\u2019approvisionnement \u00e0 l\u2019\u00e9chelle du campus. L\u2019ACPAU constitue \u00e0 ce titre un puissant outil pour favoriser la reconnaissance de votre marque par cet important public.<\/p>\n<div id=\"squelch-taas-accordion-0\" class=\"squelch-taas-accordion squelch-taas-override\" data-active=\"\" data-disabled=\"false\" data-autoheight=\"false\" data-collapsible=\"true\"><h3 id=\"squelch-taas-header-0\"><a href=\"#squelch-taas-accordion-shortcode-content-0\" class=\"\">Les avantages pour vous<\/a><\/h3><div id=\"squelch-taas-accordion-shortcode-content-0\" class=\"squelch-taas-accordion-shortcode-content squelch-taas-accordion-shortcode-content-0\">Nous savons que chaque dollar investi en commercialisation est pr\u00e9cieux. Voici comment votre adh\u00e9sion en tant que membre corporatif vous aidera \u00e0 accro\u00eetre votre r\u00e9seau tout en restant connect\u00e9 au milieu de l\u2019enseignement sup\u00e9rieur :<\/p>\n<ul>\n<li>Faites la promotion de vos produits et services sur votre page personnalis\u00e9e de la <a href=\"https:\/\/www.caubo.ca\/fr\/discover-caubo\/our-members\/corporate\/corporate-member-online-marketplace\/\">Place du march\u00e9 de l\u2019ACPAU.<\/a><\/li>\n<li>\u00c9conomisez du temps et de l\u2019argent en obtenant les coordonn\u00e9es des d\u00e9cideurs cl\u00e9s des \u00e9tablissements membres dans les sections appropri\u00e9es de la base de donn\u00e9es des membres de l\u2019ACPAU (sections accessibles sur demande deux fois par ann\u00e9e).<\/li>\n<li>Cr\u00e9ez de nouveaux liens et restez connect\u00e9 avec vos clients actuels en participant au congr\u00e8s annuel de l\u2019ACPAU \u2014 vous profiterez d&#8217;une inscription au prix des membres (et \u00e9conomiserez 200 $ par rapport aux frais pay\u00e9s par les non-membres).<\/li>\n<li>Profitez d\u2019un abonnement \u00e0 la revue trimestrielle <em>Gestion universitaire<\/em> pour rester au fait des tendances et des pratiques exemplaires touchant le milieu de l\u2019enseignement sup\u00e9rieur.<\/li>\n<li>Acc\u00e9dez \u00e0 la mine d\u2019information que repr\u00e9sente le sondage annuel de l\u2019ACPAU sur les placements des universit\u00e9s \u2014 ce sondage est vendu aux membres seulement.<\/li>\n<\/ul>\n<\/div><\/div>\n\n<h3>Cotisation<\/h3>\n<p>750 $ (valide du 1<sup>er<\/sup>\u00a0avril au 31 mars, p\u00e9riode qui correspond \u00e0 l\u2019ann\u00e9e financi\u00e8re de l\u2019ACPAU)<\/p>\n<p><a href=\"https:\/\/www.caubo.ca\/fr\/application_form_corporate_f_rev_2019-04-26-2\/\" target=\"_blank\" rel=\"noopener noreferrer\">T\u00c9L\u00c9CHARGEZ LE FORMULAIRE D\u2019ADH\u00c9SION<\/a><\/p>\n<p>Pour obtenir plus de renseignements concernant les avantages dont b\u00e9n\u00e9ficient les membres corporatifs, veuillez communiquer avec Tamara Nemchin, d<span class=\"field-content\">irectrice associ\u00e9e, d\u00e9veloppement des affaires<\/span>, \u00e0 l\u2019adresse <a href=\"mailto:tnemchin@acpau.ca\">tnemchin@acpau.ca<\/a>.<\/p>\n<h2><strong>Membres corporatifs<\/strong><\/h2>\n<p>Voici une liste des membres corporatifs de l\u2019ACPAU. Cliquez sur chacun des liens pour voir un court profil des organisations ainsi que des produits et services qu\u2019elles offrent au milieu de l\u2019enseignement sup\u00e9rieur.<\/p>\n<table cellspacing=\"10\">\n<thead>\n<tr>\n<td><\/td>\n<td>\n<h2><strong>\u00a0Nom<\/strong><\/h2>\n<\/td>\n<td>\n<h2><strong><strong>\u00a0Titre ou poste<\/strong><\/strong><\/h2>\n<\/td>\n<\/tr>\n<\/thead>\n<tbody>\n<tr>\n<td>\n<h3><a href=\"https:\/\/www.caubo.ca\/fr\/discover-caubo\/our-members\/corporate\/corporate-member-online-marketplace\/\" target=\"_blank\" rel=\"noopener noreferrer\">Addenda Capital<\/a><\/h3>\n<\/td>\n<td>Jos\u00e9e Yelle<\/td>\n<td>Vice-pr\u00e9sidente, Exp\u00e9rience client, strat\u00e9gie marketing et communications<\/td>\n<\/tr>\n<tr>\n<td>\n<h3><a href=\"https:\/\/www.caubo.ca\/fr\/discover-caubo\/our-members\/corporate\/corporate-member-online-marketplace\/\" target=\"_blank\" rel=\"noopener noreferrer\">Amano Canada<\/a><\/h3>\n<\/td>\n<td>Tom Keeley<\/td>\n<td>Vice President, Canadian Operations<\/td>\n<\/tr>\n<tr>\n<td>\n<h3><a href=\"https:\/\/www.caubo.ca\/fr\/discover-caubo\/our-members\/corporate\/corporate-member-online-marketplace\/\" target=\"_blank\" rel=\"noopener noreferrer\">AMJ Move<\/a><\/h3>\n<\/td>\n<td>Christina McCarte<\/td>\n<td>Director<\/td>\n<\/tr>\n<tr>\n<td>\n<h3>Aon<\/h3>\n<\/td>\n<td>Christopher Chow<\/td>\n<td>Associate Partner, Wealth, Investments<\/td>\n<\/tr>\n<tr>\n<td>\n<h3><a href=\"https:\/\/www.caubo.ca\/fr\/discover-caubo\/our-members\/corporate\/corporate-member-online-marketplace\/\" target=\"_blank\" rel=\"noopener noreferrer\">ARAMARK Higher Education<\/a><\/h3>\n<\/td>\n<td>Rob McNern<\/td>\n<td>Vice-President<\/td>\n<\/tr>\n<tr>\n<td>\n<h3><a href=\"https:\/\/www.caubo.ca\/fr\/discover-caubo\/our-members\/corporate\/corporate-member-online-marketplace\/\" target=\"_blank\" rel=\"noopener noreferrer\">Armstrong Fluid Technology<\/a><\/h3>\n<\/td>\n<td>Paul Scarafile<\/td>\n<td>Director, Canada Sales<\/td>\n<\/tr>\n<tr>\n<td>\n<h3><a href=\"https:\/\/www.caubo.ca\/fr\/discover-caubo\/our-members\/corporate\/corporate-member-online-marketplace\/\" target=\"_blank\" rel=\"noopener\">Armstrong Moving Ltd.<\/a><\/h3>\n<\/td>\n<td>Stephen Gray<\/td>\n<td>Director, National Accounts<\/td>\n<\/tr>\n<tr>\n<td>\n<h3><a href=\"https:\/\/www.caubo.ca\/fr\/discover-caubo\/our-members\/corporate\/corporate-member-online-marketplace\/\" target=\"_blank\" rel=\"noopener noreferrer\">AVIS BUDGET GROUP<\/a><\/h3>\n<\/td>\n<td>Nathalie Rodriguez<\/td>\n<td>Regional Manager, Partnerships Eastern Canada<\/td>\n<\/tr>\n<tr>\n<td>\n<h3><a href=\"https:\/\/www.caubo.ca\/fr\/discover-caubo\/our-members\/corporate\/corporate-member-online-marketplace\/\" target=\"_blank\" rel=\"noopener noreferrer\">Best Service Pros<\/a><\/h3>\n<\/td>\n<td>Jim Southall<\/td>\n<td>Sales and Marketing Manager<\/td>\n<\/tr>\n<tr>\n<td>\n<h3><a href=\"https:\/\/www.caubo.ca\/fr\/discover-caubo\/our-members\/corporate\/corporate-member-online-marketplace\/\" target=\"_blank\" rel=\"noopener noreferrer\">Burgundy Asset Management Ltd.<\/a><\/h3>\n<\/td>\n<td>Mike Sandrasagra<\/td>\n<td>Vice-pr\u00e9sidente et chef du groupe relations institutionnelles canadiennes<\/td>\n<\/tr>\n<tr>\n<td>\n<h3><a href=\"https:\/\/www.caubo.ca\/fr\/discover-caubo\/our-members\/corporate\/corporate-member-online-marketplace\/\" target=\"_blank\" rel=\"noopener noreferrer\">Campus Living Centres<\/a><\/h3>\n<\/td>\n<td>Clarence Chong<\/td>\n<td>Director, Marketing &amp; Sales<\/td>\n<\/tr>\n<tr>\n<td>\n<h3><a href=\"https:\/\/www.caubo.ca\/fr\/discover-caubo\/our-members\/corporate\/corporate-member-online-marketplace\/\" target=\"_blank\" rel=\"noopener noreferrer\">Centurion Asset Management Inc.<\/a><\/h3>\n<\/td>\n<td>Lucian Ionescu<\/td>\n<td>Executive Vice President, Residential Operations<\/td>\n<\/tr>\n<tr>\n<td>\n<h3>Chartwells Canada<\/h3>\n<\/td>\n<td>Jon Visser<\/td>\n<td>Senior Director of Business Development<\/td>\n<\/tr>\n<tr>\n<td>\n<h3>CIBC Asset Management<\/h3>\n<\/td>\n<td>Dario Morrone<\/td>\n<td>Vice-President, Business Development Canada<\/td>\n<\/tr>\n<tr>\n<td>\n<h3>Clark Wilson LLP<\/h3>\n<\/td>\n<td>Michal Jaworski<\/td>\n<td>Partner<\/td>\n<\/tr>\n<tr>\n<td>\n<h3>Connor, Clark &amp; Lunn Financial Group Ltd.<\/h3>\n<\/td>\n<td>Mawnan Livesley-James<\/td>\n<td>Vice President, Institutional Business Development<\/td>\n<\/tr>\n<tr>\n<td>\n<h3><a href=\"https:\/\/www.caubo.ca\/fr\/discover-caubo\/our-members\/corporate\/corporate-member-online-marketplace\/\" target=\"_blank\" rel=\"noopener noreferrer\">Convera<\/a><\/h3>\n<\/td>\n<td>Rajiv Sharma<\/td>\n<td>Vice President<\/td>\n<\/tr>\n<tr>\n<td>\n<h3><a href=\"https:\/\/www.caubo.ca\/fr\/discover-caubo\/our-members\/corporate\/corporate-member-online-marketplace\/\" target=\"_blank\" rel=\"noopener\">Deloitte<\/a><\/h3>\n<\/td>\n<td>Craig Robinson<\/td>\n<td>Director \u2013 Education Cluster Leader for Canada<\/td>\n<\/tr>\n<tr>\n<td>\n<h3><a href=\"https:\/\/www.caubo.ca\/fr\/discover-caubo\/our-members\/corporate\/corporate-member-online-marketplace\/\" target=\"_blank\" rel=\"noopener noreferrer\">Eckler Ltd.<\/a><\/h3>\n<\/td>\n<td>Jeff Turnbull<\/td>\n<td>Principal<\/td>\n<\/tr>\n<tr>\n<td>\n<h3><a href=\"https:\/\/www.caubo.ca\/fr\/discover-caubo\/our-members\/corporate\/corporate-member-online-marketplace\/\" target=\"_blank\" rel=\"noopener noreferrer\">Ernst &amp; Young<\/a><\/h3>\n<\/td>\n<td>Kathi Aspros<\/td>\n<td>Partner, Assurance Services, Government &amp; Public Sector<\/td>\n<\/tr>\n<tr>\n<td>\n<h3><a href=\"https:\/\/www.caubo.ca\/fr\/discover-caubo\/our-members\/corporate\/corporate-member-online-marketplace\/\" target=\"_blank\" rel=\"noopener noreferrer\">Executive FM Consulting Ltd.<\/a><\/h3>\n<\/td>\n<td>Grant Sommerfeld<\/td>\n<td>Principal, Facilities Management Performance Consulting<\/td>\n<\/tr>\n<tr>\n<td>\n<h3><a href=\"https:\/\/www.caubo.ca\/fr\/discover-caubo\/our-members\/corporate\/corporate-member-online-marketplace\/\" target=\"_blank\" rel=\"noopener\">Flywire<\/a><\/h3>\n<\/td>\n<td>Jim Garrant<\/td>\n<td>Director, EDU Associations &amp; Partnerships<\/td>\n<\/tr>\n<tr>\n<td>\n<h3><a href=\"https:\/\/www.caubo.ca\/fr\/discover-caubo\/our-members\/corporate\/corporate-member-online-marketplace\/\" target=\"_blank\" rel=\"noopener noreferrer\">Franklin Templeton<\/a><\/h3>\n<\/td>\n<td>Dennis Tew<\/td>\n<td>Head of National Sales, Canada<\/td>\n<\/tr>\n<tr>\n<td>\n<h3><a href=\"https:\/\/www.caubo.ca\/fr\/discover-caubo\/our-members\/corporate\/corporate-member-online-marketplace\/\" target=\"_blank\" rel=\"noopener noreferrer\">Groupe BC2<\/a><\/h3>\n<\/td>\n<td>Marilyne Tremblay<\/td>\n<td>Principal Director<\/td>\n<\/tr>\n<tr>\n<td>\n<h3><a href=\"https:\/\/www.caubo.ca\/fr\/discover-caubo\/our-members\/corporate\/corporate-member-online-marketplace\/\" target=\"_blank\" rel=\"noopener noreferrer\">Jarislowsky Fraser Ltd.<\/a><\/h3>\n<\/td>\n<td><span class=\"fs-3 text-gray-800 fw-bolder mb-3\">Dexton Blackstock<\/span><\/td>\n<td>Institutional Business Development Leader, <span class=\"text-gray-800\">Global Investment Management<\/span><\/td>\n<\/tr>\n<tr>\n<td>\n<h3>Knightstone Capital Management Inc.<\/h3>\n<\/td>\n<td>David Reisman<\/td>\n<td>SVP Development<\/td>\n<\/tr>\n<tr>\n<td>\n<h3><a href=\"https:\/\/www.caubo.ca\/fr\/discover-caubo\/our-members\/corporate\/corporate-member-online-marketplace\/\" target=\"_blank\" rel=\"noopener noreferrer\">KPMG LLP<\/a><\/h3>\n<\/td>\n<td>Rob Clayton<\/td>\n<td>Partner \u2013 National Education Leader<\/td>\n<\/tr>\n<tr>\n<td>\n<h3><a href=\"https:\/\/www.caubo.ca\/fr\/discover-caubo\/our-members\/corporate\/corporate-member-online-marketplace\/\" target=\"_blank\" rel=\"noopener noreferrer\">Leith Wheeler Investment Counsel Ltd.<\/a><\/h3>\n<\/td>\n<td>Catherine Heath<\/td>\n<td>Vice President, Portfolio Manager<\/td>\n<\/tr>\n<tr>\n<td>\n<h3>Marsh Risk<\/h3>\n<\/td>\n<td>Tania Gainham<\/td>\n<td>Vice President, Public Sector<\/td>\n<\/tr>\n<tr>\n<td>\n<h3><a href=\"https:\/\/www.caubo.ca\/fr\/discover-caubo\/our-members\/corporate\/corporate-member-online-marketplace\/\" target=\"_blank\" rel=\"noopener noreferrer\">MFS Investment Management Canada Limited<\/a><\/h3>\n<\/td>\n<td>Andrew Marshall<\/td>\n<td>Managing Director, Institutional Sales<\/td>\n<\/tr>\n<tr>\n<td>\n<h3>MyCreds\/MesCertif<\/h3>\n<\/td>\n<td>Jodi Tavares<\/td>\n<td>Executive Director<\/td>\n<\/tr>\n<tr>\n<td>\n<h3><a href=\"https:\/\/www.caubo.ca\/fr\/discover-caubo\/our-members\/corporate\/corporate-member-online-marketplace\/\" target=\"_blank\" rel=\"noopener noreferrer\">Northern Trust Asset Management<\/a><\/h3>\n<\/td>\n<td>David Lester<\/td>\n<td>Senior Vice-President, Institutional Investment Sales<\/td>\n<\/tr>\n<tr>\n<td>\n<h3><a href=\"https:\/\/www.caubo.ca\/fr\/discover-caubo\/our-members\/corporate\/corporate-member-online-marketplace\/\" target=\"_blank\" rel=\"noopener noreferrer\">Northleaf Capital Partners<\/a><\/h3>\n<\/td>\n<td>Todd Papau<\/td>\n<td>Vice-President<\/td>\n<\/tr>\n<tr>\n<td>\n<h3>OCLC, Inc.<\/h3>\n<\/td>\n<td>Peggy Gallagher<\/td>\n<td><span id=\"ctl00_RightContent_ucEmpInformation_rptEmployers_ctl00_lblTitle\">Manager, Market Analysis<\/span><\/td>\n<\/tr>\n<tr>\n<td>\n<h3>Oracle Canada ULC<\/h3>\n<\/td>\n<td>Clare Atkinson<\/td>\n<td><span id=\"ctl00_RightContent_ucEmpInformation_rptEmployers_ctl00_lblTitle\">Industry Account Executive, Canada Applications<\/span><\/td>\n<\/tr>\n<tr>\n<td>\n<h3><a href=\"https:\/\/www.caubo.ca\/fr\/discover-caubo\/our-members\/corporate\/corporate-member-online-marketplace\/\" target=\"_blank\" rel=\"noopener noreferrer\">PH&amp;N Institutional<\/a><\/h3>\n<\/td>\n<td>Alison Sinclair Burns<\/td>\n<td>Vice President<\/td>\n<\/tr>\n<tr>\n<td>\n<h3><a href=\"https:\/\/www.caubo.ca\/fr\/discover-caubo\/our-members\/corporate\/corporate-member-online-marketplace\/\" target=\"_blank\" rel=\"noopener\">Precise ParkLink<\/a><\/h3>\n<\/td>\n<td>Terry Faye<\/td>\n<td>Account Executive, Sales Department<\/td>\n<\/tr>\n<tr>\n<td>\n<h3><a href=\"https:\/\/www.caubo.ca\/fr\/discover-caubo\/our-members\/corporate\/corporate-member-online-marketplace\/\" target=\"_blank\" rel=\"noopener noreferrer\">Proteus,a HUB International Company<\/a><\/h3>\n<\/td>\n<td>Ryan Kuruliak<\/td>\n<td>Sr. Vice President and Partner<\/td>\n<\/tr>\n<tr>\n<td>\n<h3><a href=\"https:\/\/www.caubo.ca\/fr\/discover-caubo\/our-members\/corporate\/corporate-member-online-marketplace\/\" target=\"_blank\" rel=\"noopener noreferrer\">RPIA<\/a><\/h3>\n<\/td>\n<td>Ann Glazier Rothwell<\/td>\n<td>Principal, Co-Head of Client Portfolio Management<\/td>\n<\/tr>\n<tr>\n<td>\n<h3>RTOERO<\/h3>\n<\/td>\n<td>Sylvia Link<\/td>\n<td>Director, Marketing &amp; Communications<\/td>\n<\/tr>\n<tr>\n<td>\n<h3><a href=\"https:\/\/www.caubo.ca\/fr\/discover-caubo\/our-members\/corporate\/corporate-member-online-marketplace\/\" target=\"_blank\" rel=\"noopener noreferrer\">The Scion Group LLC <\/a><\/h3>\n<\/td>\n<td>Fatima Baqir<\/td>\n<td>Senior Director, Advisory<\/td>\n<\/tr>\n<tr>\n<td>\n<h3>Segal<\/h3>\n<\/td>\n<td>Kevin J. Carrington<\/td>\n<td>Senior Vice President, Senior Consultant and<br \/>\nNational Higher Education Practice Leader<\/td>\n<\/tr>\n<tr>\n<td>\n<h3>Siemens Canada Limited<\/h3>\n<\/td>\n<td>Natalia Malafeeva<\/td>\n<td>Energy Services Operations Manager, Energy Performance Services<\/td>\n<\/tr>\n<tr>\n<td>\n<h3><a href=\"https:\/\/www.caubo.ca\/fr\/discover-caubo\/our-members\/corporate\/corporate-member-online-marketplace\/\" target=\"_blank\" rel=\"noopener noreferrer\">SLC Management<\/a><\/h3>\n<\/td>\n<td>V\u00e9ronique Lauzi\u00e8re<\/td>\n<td><span id=\"ctl00_RightContent_ucEmpInformation_rptMainContacts_ctl00_lblMainTitle\" class=\"Grayed\">Directrice g\u00e9n\u00e9rale principale, cheffe du d\u00e9veloppement des affaires et des relations avec la client\u00e8le au Canada<\/span><\/td>\n<\/tr>\n<tr>\n<td>\n<h3><a href=\"https:\/\/www.caubo.ca\/fr\/discover-caubo\/our-members\/corporate\/corporate-member-online-marketplace\/\" target=\"_blank\" rel=\"noopener noreferrer\">Sodexo Canada Ltd.<\/a><\/h3>\n<\/td>\n<td>Nancy Zuccarelli<\/td>\n<td><span id=\"ctl00_RightContent_ucEmpInformation_rptMainContacts_ctl00_lblMainTitle\" class=\"Grayed\">Senior Vice President, Sales<\/span><\/td>\n<\/tr>\n<tr>\n<td>\n<h3><a href=\"https:\/\/www.caubo.ca\/fr\/discover-caubo\/our-members\/corporate\/corporate-member-online-marketplace\/\" target=\"_blank\" rel=\"noopener noreferrer\">TD Asset Management<\/a><\/h3>\n<\/td>\n<td>Mariya Stasyuk<\/td>\n<td>Vice President, Institutional Relationship Management<\/td>\n<\/tr>\n<tr>\n<td>\n<h3><a href=\"https:\/\/www.caubo.ca\/fr\/discover-caubo\/our-members\/corporate\/corporate-member-online-marketplace\/\" target=\"_blank\" rel=\"noopener\">Telus Health<\/a><\/h3>\n<\/td>\n<td>Michael O&#8217;Connor<\/td>\n<td>Investment Consultant, Investment &amp; Risk<\/td>\n<\/tr>\n<tr>\n<td>\n<h3>Zohil-Morton Law<\/h3>\n<\/td>\n<td>Cristina Zohil-Morton<\/td>\n<td>Founder &amp; Principal Lawyer, Immigration Law<\/td>\n<\/tr>\n<\/tbody>\n<\/table>\n","protected":false},"excerpt":{"rendered":"<p>L\u2019ACPAU repr\u00e9sente les administrateurs universitaires qui \u0153uvrent dans les secteurs fonctionnels suivants : Administration dans le milieu acad\u00e9mique Gestion des installations Finances Ressources humaines V\u00e9rification interne Approvisionnement Gestion des risques Tr\u00e9sorerie et placements L\u2019ACPAU cherche constamment \u00e0 \u00e9tablir des relations de travail mutuellement profitables avec des entreprises qui offrent des produits ou des services pouvant &hellip; <a href=\"https:\/\/www.caubo.ca\/fr\/discover-caubo\/our-members\/corporate\/\" class=\"more-link\">Continue reading<span class=\"screen-reader-text\"> &#8220;Membres corporatifs&#8221;<\/span><\/a><\/p>\n","protected":false},"author":1,"featured_media":0,"parent":107,"menu_order":0,"comment_status":"closed","ping_status":"closed","template":"","meta":{"_acf_changed":false,"footnotes":""},"tags":[],"class_list":["post-120","page","type-page","status-publish","hentry"],"acf":[],"_links":{"self":[{"href":"https:\/\/www.caubo.ca\/fr\/wp-json\/wp\/v2\/pages\/120","targetHints":{"allow":["GET"]}}],"collection":[{"href":"https:\/\/www.caubo.ca\/fr\/wp-json\/wp\/v2\/pages"}],"about":[{"href":"https:\/\/www.caubo.ca\/fr\/wp-json\/wp\/v2\/types\/page"}],"author":[{"embeddable":true,"href":"https:\/\/www.caubo.ca\/fr\/wp-json\/wp\/v2\/users\/1"}],"replies":[{"embeddable":true,"href":"https:\/\/www.caubo.ca\/fr\/wp-json\/wp\/v2\/comments?post=120"}],"version-history":[{"count":0,"href":"https:\/\/www.caubo.ca\/fr\/wp-json\/wp\/v2\/pages\/120\/revisions"}],"up":[{"embeddable":true,"href":"https:\/\/www.caubo.ca\/fr\/wp-json\/wp\/v2\/pages\/107"}],"wp:attachment":[{"href":"https:\/\/www.caubo.ca\/fr\/wp-json\/wp\/v2\/media?parent=120"}],"wp:term":[{"taxonomy":"post_tag","embeddable":true,"href":"https:\/\/www.caubo.ca\/fr\/wp-json\/wp\/v2\/tags?post=120"}],"curies":[{"name":"wp","href":"https:\/\/api.w.org\/{rel}","templated":true}]}}