{"id":163,"date":"2016-02-01T17:31:17","date_gmt":"2016-02-01T22:31:17","guid":{"rendered":"https:\/\/www.caubo.ca\/fr\/knowledge-centre\/search-the-knowledge-centre\/"},"modified":"2026-01-28T13:14:53","modified_gmt":"2026-01-28T18:14:53","slug":"search-the-knowledge-centre","status":"publish","type":"page","link":"https:\/\/www.caubo.ca\/fr\/knowledge-centre\/search-the-knowledge-centre\/","title":{"rendered":"Centre du savoir"},"content":{"rendered":"<p><strong><i><span lang=\"FR-CA\" style=\"margin: 0px; color: black; font-family: 'Calibri',sans-serif; font-size: 10.5pt;\">Utilisez les guillemets (\u201c\u00a0\u201d) pour chercher une expression exacte.<\/span><\/i><\/strong><i><\/i><\/p>\n<p>Bienvenue dans le Centre du savoir de l\u2019ACPAU! Il s\u2019agit de la partie centrale du site Web, l\u00e0 o\u00f9 les membres peuvent consulter toutes les ressources de l\u2019ACPAU, notamment :<\/p>\n<p>\u2022 des articles<br \/>\n\u2022 des rapports<br \/>\n\u2022 des sondages<br \/>\n\u2022 d\u2019autres types de publications<br \/>\n\u2022 des pratiques exemplaires<br \/>\n\u2022 des donn\u00e9es de r\u00e9f\u00e9rence<\/p>\n<p>Les ressources de cette page ont \u00e9t\u00e9 con\u00e7ues en fonction de l\u2019expertise et des int\u00e9r\u00eats des <a href=\"https:\/\/www.caubo.ca\/fr\/discover-caubo\/am-i-a-caubo-member\/\" target=\"_blank\" rel=\"noopener\">administrateurs du secteur de l\u2019enseignement sup\u00e9rieur<\/a>. C\u2019est pourquoi elles sont exclusives au personnel administratif des \u00e9tablissements membres qui travaille au sein d\u2019unit\u00e9s fonctionnelles relevant directement ou indirectement du vice-recteur aux finances et \u00e0 l\u2019administration (finances, tr\u00e9sorerie, approvisionnement, ressources humaines, audit interne, gestion des installations, gestion des risques) ainsi qu\u2019aux personnel administratif des unit\u00e9s acad\u00e9miques qui ont ces responsabilit\u00e9s sectorielles dans une facult\u00e9 ou un d\u00e9partement.<\/p>\n<p>Si d\u2019autres membres du personnel ou du corps professoral souhaitent consulter ces ressources, ils doivent en faire la demande, puisqu\u2019une autorisation du vice-recteur aux finances et \u00e0 l\u2019administration (ou de la personne occupant un poste \u00e9quivalent) est requise.<strong><u>\u00a0<\/u><\/strong><\/p>\n<p>Si vous souhaitez demander un acc\u00e8s aux ressources de cette page, veuillez \u00e9crire \u00e0 <a href=\"mailto:CAUBO-ACPAU@caubo.ca\" target=\"_blank\" rel=\"noopener\">CAUBO-ACPAU@caubo.ca<\/a>.<\/p>\n<p><a href=\"https:\/\/www.caubo.ca\/fr\/discover-caubo\/our-members\/\" target=\"_blank\" rel=\"noopener\"><strong><em>Pour en savoir plus sur le statut de membre de l\u2019ACPAU.<\/em><\/strong><\/a><\/p>\n<p>Aidez-nous \u00e0 enrichir le Centre du savoir! Si votre \u00e9tablissement dispose d\u2019une ressource, d\u2019une politique, d\u2019un mod\u00e8le ou de tout autre mat\u00e9riel pouvant \u00eatre ajout\u00e9 au Centre du savoir, veuillez <a href=\"mailto:clymburner@acpau.ca\">nous envoyer un message<\/a> contenant l\u2019information sous forme de lien ou de pi\u00e8ce jointe. Votre aide nous permettra d\u2019assembler la plus compl\u00e8te et la meilleure des collections de ressources sur l\u2019administration de l\u2019enseignement sup\u00e9rieur au Canada.<\/p>\n<p>Pour trouver des ressources pr\u00e9cises, vous pouvez soit s\u00e9lectionner un sujet parmi ceux \u00e9num\u00e9r\u00e9s ci-dessous, soit effectuer une recherche par mots-cl\u00e9s en utilisant la bo\u00eete de recherche.<\/p>\n","protected":false},"excerpt":{"rendered":"<p>Utilisez les guillemets (\u201c\u00a0\u201d) pour chercher une expression exacte. Bienvenue dans le Centre du savoir de l\u2019ACPAU! Il s\u2019agit de la partie centrale du site Web, l\u00e0 o\u00f9 les membres peuvent consulter toutes les ressources de l\u2019ACPAU, notamment : \u2022 des articles \u2022 des rapports \u2022 des sondages \u2022 d\u2019autres types de publications \u2022 des &hellip; <a href=\"https:\/\/www.caubo.ca\/fr\/knowledge-centre\/search-the-knowledge-centre\/\" class=\"more-link\">Continue reading<span class=\"screen-reader-text\"> &#8220;Centre du savoir&#8221;<\/span><\/a><\/p>\n","protected":false},"author":1,"featured_media":0,"parent":111,"menu_order":1,"comment_status":"closed","ping_status":"closed","template":"knowledge_centre_search.php","meta":{"_acf_changed":false,"footnotes":""},"tags":[],"class_list":["post-163","page","type-page","status-publish","hentry"],"acf":[],"_links":{"self":[{"href":"https:\/\/www.caubo.ca\/fr\/wp-json\/wp\/v2\/pages\/163","targetHints":{"allow":["GET"]}}],"collection":[{"href":"https:\/\/www.caubo.ca\/fr\/wp-json\/wp\/v2\/pages"}],"about":[{"href":"https:\/\/www.caubo.ca\/fr\/wp-json\/wp\/v2\/types\/page"}],"author":[{"embeddable":true,"href":"https:\/\/www.caubo.ca\/fr\/wp-json\/wp\/v2\/users\/1"}],"replies":[{"embeddable":true,"href":"https:\/\/www.caubo.ca\/fr\/wp-json\/wp\/v2\/comments?post=163"}],"version-history":[{"count":0,"href":"https:\/\/www.caubo.ca\/fr\/wp-json\/wp\/v2\/pages\/163\/revisions"}],"up":[{"embeddable":true,"href":"https:\/\/www.caubo.ca\/fr\/wp-json\/wp\/v2\/pages\/111"}],"wp:attachment":[{"href":"https:\/\/www.caubo.ca\/fr\/wp-json\/wp\/v2\/media?parent=163"}],"wp:term":[{"taxonomy":"post_tag","embeddable":true,"href":"https:\/\/www.caubo.ca\/fr\/wp-json\/wp\/v2\/tags?post=163"}],"curies":[{"name":"wp","href":"https:\/\/api.w.org\/{rel}","templated":true}]}}