{"id":18891,"date":"2020-03-24T15:49:04","date_gmt":"2020-03-24T19:49:04","guid":{"rendered":"https:\/\/www.caubo.ca\/knowledge-centre\/dashboards\/"},"modified":"2021-03-24T14:16:22","modified_gmt":"2021-03-24T18:16:22","slug":"dashboards","status":"publish","type":"page","link":"https:\/\/www.caubo.ca\/fr\/knowledge-centre\/dashboards\/","title":{"rendered":"Tableaux de bord"},"content":{"rendered":"<p>Afin d\u2019\u00e9tendre la port\u00e9e des ressources existantes et d\u2019en cr\u00e9er de nouvelles pour accro\u00eetre la capacit\u00e9 des membres \u00e0 r\u00e9pondre plus ais\u00e9ment et ad\u00e9quatement aux enjeux et besoins du secteur de l\u2019enseignement sup\u00e9rieur, l\u2019ACPAU fournit de plus en plus d\u2019information sous forme de tableaux de bord faciles \u00e0 utiliser.<\/p>\n<p>Par ailleurs, l\u2019ACPAU va bonifier des outils \u00e9prouv\u00e9s tels que le rapport IFUC en pr\u00e9sentant des donn\u00e9es sous forme de tableaux de bord et mettra en place d\u2019autres ressources pour accro\u00eetre l\u2019acc\u00e8s \u00e0 des donn\u00e9es de r\u00e9f\u00e9rence, absolument essentielles \u00e0 la prise de d\u00e9cisions \u00e9clair\u00e9es.<\/p>\n<p><a href=\"https:\/\/www.caubo.ca\/fr\/knowledge-centre\/dashboards\/tableaux-de-bord-de-donnees\/\" target=\"_blank\" rel=\"noopener noreferrer\">Cliquez ici pour acc\u00e9der aux tableaux de bord de donn\u00e9es.<\/a><\/p>\n","protected":false},"excerpt":{"rendered":"<p>Afin d\u2019\u00e9tendre la port\u00e9e des ressources existantes et d\u2019en cr\u00e9er de nouvelles pour accro\u00eetre la capacit\u00e9 des membres \u00e0 r\u00e9pondre plus ais\u00e9ment et ad\u00e9quatement aux enjeux et besoins du secteur de l\u2019enseignement sup\u00e9rieur, l\u2019ACPAU fournit de plus en plus d\u2019information sous forme de tableaux de bord faciles \u00e0 utiliser. Par ailleurs, l\u2019ACPAU va bonifier des &hellip; <a href=\"https:\/\/www.caubo.ca\/fr\/knowledge-centre\/dashboards\/\" class=\"more-link\">Continue reading<span class=\"screen-reader-text\"> &#8220;Tableaux de bord&#8221;<\/span><\/a><\/p>\n","protected":false},"author":8,"featured_media":0,"parent":111,"menu_order":0,"comment_status":"closed","ping_status":"closed","template":"","meta":{"_acf_changed":false,"footnotes":""},"tags":[],"class_list":["post-18891","page","type-page","status-publish","hentry"],"acf":[],"_links":{"self":[{"href":"https:\/\/www.caubo.ca\/fr\/wp-json\/wp\/v2\/pages\/18891","targetHints":{"allow":["GET"]}}],"collection":[{"href":"https:\/\/www.caubo.ca\/fr\/wp-json\/wp\/v2\/pages"}],"about":[{"href":"https:\/\/www.caubo.ca\/fr\/wp-json\/wp\/v2\/types\/page"}],"author":[{"embeddable":true,"href":"https:\/\/www.caubo.ca\/fr\/wp-json\/wp\/v2\/users\/8"}],"replies":[{"embeddable":true,"href":"https:\/\/www.caubo.ca\/fr\/wp-json\/wp\/v2\/comments?post=18891"}],"version-history":[{"count":0,"href":"https:\/\/www.caubo.ca\/fr\/wp-json\/wp\/v2\/pages\/18891\/revisions"}],"up":[{"embeddable":true,"href":"https:\/\/www.caubo.ca\/fr\/wp-json\/wp\/v2\/pages\/111"}],"wp:attachment":[{"href":"https:\/\/www.caubo.ca\/fr\/wp-json\/wp\/v2\/media?parent=18891"}],"wp:term":[{"taxonomy":"post_tag","embeddable":true,"href":"https:\/\/www.caubo.ca\/fr\/wp-json\/wp\/v2\/tags?post=18891"}],"curies":[{"name":"wp","href":"https:\/\/api.w.org\/{rel}","templated":true}]}}