{"id":191,"date":"2016-02-01T20:53:04","date_gmt":"2016-02-02T01:53:04","guid":{"rendered":"https:\/\/www.caubo.ca\/fr\/knowledge-centre\/learningevents-and-education\/annual-conference\/"},"modified":"2026-02-24T10:50:06","modified_gmt":"2026-02-24T15:50:06","slug":"annual-conference","status":"publish","type":"page","link":"https:\/\/www.caubo.ca\/fr\/knowledge-centre\/learningevents\/annual-conference\/","title":{"rendered":"Congr\u00e8s annuel"},"content":{"rendered":"<h2><img loading=\"lazy\" decoding=\"async\" class=\"alignnone size-medium wp-image-35289 aligncenter\" src=\"https:\/\/www.caubo.ca\/wp-content\/uploads\/2026\/02\/caubo_2026_logo_solid_c-300x160.png\" alt=\"\" width=\"300\" height=\"160\" srcset=\"https:\/\/www.caubo.ca\/wp-content\/uploads\/2026\/02\/caubo_2026_logo_solid_c-300x160.png 300w, https:\/\/www.caubo.ca\/wp-content\/uploads\/2026\/02\/caubo_2026_logo_solid_c-768x410.png 768w, https:\/\/www.caubo.ca\/wp-content\/uploads\/2026\/02\/caubo_2026_logo_solid_c.png 1000w\" sizes=\"auto, (max-width: 300px) 85vw, 300px\" \/><\/h2>\n<h2 style=\"text-align: center;\">Soyez des n\u00f4tres \u00e0 St. John\u2019s, Terre-Neuve, pour le congr\u00e8s de l\u2019ACPAU!<\/h2>\n<p style=\"font-size: 22px; text-align: center;\"><a href=\"https:\/\/site.pheedloop.com\/event\/CAUBO2026\/home\" target=\"_blank\" rel=\"noopener\"><strong>Les inscriptions sont maintenant ouvertes!<\/strong><\/a><strong><br \/>\nLa p\u00e9riode d\u2019inscription h\u00e2tive se termine le 30\u00a0avril\u00a02026<\/strong><\/p>\n<p>Du <strong>15 au 17\u00a0juin\u00a02026<\/strong>, rejoignez vos coll\u00e8gues de partout au pays \u00e0 l\u2019occasion du congr\u00e8s\u00a02026 de l\u2019ACPAU, qui aura lieu dans la magnifique ville de St.\u00a0John\u2019s, \u00e0 Terre-Neuve!<\/p>\n<p>Ce sera l\u2019occasion de rencontrer des coll\u00e8gues de partout au pays, d\u2019apprendre aupr\u00e8s de conf\u00e9renciers exceptionnels, de choisir parmi plusieurs s\u00e9ances abordant les questions de l\u2019heure et de nouer des liens forts avec vos pairs et les partenaires du secteur. Que vous ayez des casse-t\u00eates \u00e0 r\u00e9soudre, d\u00e9siriez comparer des pratiques exemplaires ou souhaitiez ouvrir vos perspectives, vous trouverez de quoi vous contenter.<\/p>\n<p>St.\u00a0John\u2019s est l\u2019une des plus anciennes villes d\u2019Am\u00e9rique du Nord. Elle est fi\u00e8re de son histoire, certes, mais c\u2019est surtout sa personnalit\u00e9 dynamique qui la distingue. Des maisons en rang\u00e9e color\u00e9es aux habitants pleins d\u2019entrain, chaque parcelle de la ville brille par son caract\u00e8re et son charme. Situ\u00e9e \u00e0 la fronti\u00e8re la plus \u00e0 l\u2019est du continent, St.\u00a0John\u2019s vous donne l\u2019occasion d\u2019admirer des c\u00f4tes \u00e9poustouflantes, de visiter des monuments c\u00e9l\u00e8bres et de parcourir une ville aussi curieuse que captivante. Ville impr\u00e9gn\u00e9e de traditions et stimul\u00e9e par la cr\u00e9ativit\u00e9, elle est le centre culturel de Terre-Neuve-et-Labrador. Un pass\u00e9 riche y c\u00f4toie un pr\u00e9sent prosp\u00e8re o\u00f9 se m\u00ealent musique, art, architecture et cuisine. Vous repartirez avec des souvenirs inoubliables, c\u2019est garanti! Depuis plus de 500\u00a0ans, les visiteurs se font accueillir avec cordialit\u00e9 et humour. Ne vous \u00e9tonnez pas si une conversation anodine se transforme en histoire l\u00e9gendaire. Apr\u00e8s tout, \u00e0 St. John\u2019s, l\u2019hospitalit\u00e9 est plus qu\u2019une coutume\u00a0: c\u2019est un art.<\/p>\n<p>Vous trouverez sur le <a href=\"https:\/\/site.pheedloop.com\/event\/CAUBO2026\/home\/\" target=\"_blank\" rel=\"noopener\">site Web du congr\u00e8s<\/a> le <a href=\"https:\/\/site.pheedloop.com\/event\/CAUBO2026\/programandevents\/schedule\" target=\"_blank\" rel=\"noopener\">programme complet<\/a> de l\u2019\u00e9v\u00e9nement, de l\u2019information sur les s\u00e9minaires sectoriels, des d\u00e9tails sur les <a href=\"https:\/\/site.pheedloop.com\/event\/CAUBO2026\/programandevents\/socialevents\" target=\"_blank\" rel=\"noopener\">activit\u00e9s sociales<\/a>, de m\u00eame que des renseignements utiles sur le <a href=\"https:\/\/site.pheedloop.com\/event\/CAUBO2026\/planyourvisit\/transportation\" target=\"_blank\" rel=\"noopener\">transport<\/a>, l\u2019<a href=\"https:\/\/site.pheedloop.com\/event\/CAUBO2026\/planyourvisit\/Accommodations\" target=\"_blank\" rel=\"noopener\">h\u00e9bergement<\/a> et les <a href=\"https:\/\/site.pheedloop.com\/event\/CAUBO2026\/planyourvisit\/tourism\" target=\"_blank\" rel=\"noopener\">activit\u00e9s touristiques<\/a>.<\/p>\n<p>Au plaisir de vous voir \u00e0 St.\u00a0John\u2019s du 15 au 17\u00a0juin prochains!<\/p>\n<hr \/>\n<h3><strong>\u00c0 propos du congr\u00e8s annuel de l\u2019ACPAU<\/strong><\/h3>\n<p>Le congr\u00e8s est l\u2019\u00e9v\u00e9nement phare de l\u2019ACPAU en mati\u00e8re de perfectionnement professionnel. Il rassemble des administrateurs universitaires de partout au Canada qui travaillent dans divers secteurs fonctionnels tels que les finances, les ressources humaines, la tr\u00e9sorerie, l\u2019approvisionnement, la gestion des installations, l\u2019audit interne et les technologies de l\u2019information. Les s\u00e9ances du congr\u00e8s portent sur des tendances et des sujets chauds qui concernent l\u2019administration de l\u2019enseignement sup\u00e9rieur, le but \u00e9tant que les congressistes repartent avec des pratiques exemplaires et des renseignements qu\u2019ils pourront imm\u00e9diatement mettre \u00e0 profit dans le cadre de leur travail. Des activit\u00e9s sociales sont pr\u00e9vues pour donner l\u2019occasion aux congressistes de se d\u00e9tendre et de r\u00e9seauter avec coll\u00e8gues et amis tout en savourant de la bonne nourriture dans des endroits int\u00e9ressants et anim\u00e9s.<\/p>\n<p>Le lieu du congr\u00e8s alterne entre les quatre r\u00e9gions officielles de l\u2019ACPAU : l\u2019Atlantique, le Qu\u00e9bec, l\u2019Ontario et l\u2019Ouest. Les universit\u00e9s membres de l\u2019ACPAU accueillent le congr\u00e8s \u00e0 tour de r\u00f4le, et l\u2019universit\u00e9 h\u00f4te s\u2019occupe de choisir le th\u00e8me annuel. Plus de 700 personnes participent au congr\u00e8s chaque ann\u00e9e.<\/p>\n<h3><strong>Voici les dates et les lieux des prochains congr\u00e8s de l\u2019ACPAU :<\/strong><\/h3>\n<ul>\n<li>15-17 juin, 2026 \u2013 St. John\u2019s, NL<\/li>\n<li>14-16 juin, 2027 \u2013 Niagara Falls, ON<\/li>\n<\/ul>\n<p>L\u2019acc\u00e8s aux ressources \u00e9num\u00e9r\u00e9es ci-dessous est <strong><em>r\u00e9serv\u00e9 au personnel administratif des \u00e9tablissements membres<\/em><\/strong>.<\/p>\n<p>Le personnel administratif peut \u00e9galement consulter le <a href=\"https:\/\/www.caubo.ca\/fr\/knowledge-centre\/search-the-knowledge-centre\/\" target=\"_blank\" rel=\"noopener\">Centre du savoir<\/a> pour trouver du contenu ayant \u00e9t\u00e9 enregistr\u00e9 lors d\u2019un congr\u00e8s pass\u00e9.<\/p>\n<h3><a name=\"CAUBO2025Highlights\"><\/a>Faits saillants du congr\u00e8s 2025 de l&#8217;ACPAU<\/h3>\n<ul>\n<li><a href=\"https:\/\/www.caubo.ca\/fr\/knowledge-centre\/learningevents\/annual-conference\/instantanes-du-congres-acpau-2025\/\" target=\"_blank\" rel=\"noopener\">Le congr\u00e8s en photos<\/a><\/li>\n<li><a href=\"https:\/\/www.caubo.ca\/fr\/knowledge-centre\/learningevents\/annual-conference\/acpau-2025-presentations-des-seminaires-sectoriels\/\" target=\"_blank\" rel=\"noopener\">Consulter les pr\u00e9sentations disponibles et le mat\u00e9riel connexe \u2013 S\u00e9minaires sectoriels<\/a><\/li>\n<li><a href=\"https:\/\/www.caubo.ca\/fr\/knowledge-centre\/learningevents\/annual-conference\/acpau-2025-presentations-du-congres\/\" target=\"_blank\" rel=\"noopener\">Consulter les pr\u00e9sentations disponibles et le mat\u00e9riel connexe \u2013 Congr\u00e8s<\/a><\/li>\n<\/ul>\n<h3><a name=\"CAUBO2024Highlights\"><\/a>Faits saillants du congr\u00e8s 2024 de l&#8217;ACPAU<\/h3>\n<ul>\n<li><a href=\"https:\/\/www.caubo.ca\/fr\/knowledge-centre\/learningevents\/annual-conference\/acpau-2024-presentations-des-seminaires-sectoriels\/\" target=\"_blank\" rel=\"noopener\">Consulter les pr\u00e9sentations disponibles et le mat\u00e9riel connexe \u2013 S\u00e9minaires sectoriels<\/a><\/li>\n<li><a href=\"https:\/\/www.caubo.ca\/fr\/knowledge-centre\/learningevents\/annual-conference\/acpau-2024-presentations-du-congres\/\" target=\"_blank\" rel=\"noopener\">Consulter les pr\u00e9sentations disponibles et le mat\u00e9riel connexe \u2013 Congr\u00e8s<\/a><\/li>\n<\/ul>\n<h3><a name=\"CAUBO2023Highlights\"><\/a>Faits saillants du congr\u00e8s 2023 de l&#8217;ACPAU<\/h3>\n<ul>\n<li><a href=\"https:\/\/www.caubo.ca\/fr\/knowledge-centre\/learningevents\/annual-conference\/acpau-2023-presentations-des-seminaires-sectoriels\/\" target=\"_blank\" rel=\"noopener\">Consulter les pr\u00e9sentations disponibles et le mat\u00e9riel connexe \u2013 S\u00e9minaires sectoriels<\/a><\/li>\n<li><a href=\"https:\/\/www.caubo.ca\/fr\/knowledge-centre\/learningevents\/annual-conference\/acpau-2023-presentations-du-congres\/\" target=\"_blank\" rel=\"noopener\">Consulter les pr\u00e9sentations disponibles et le mat\u00e9riel connexe \u2013 Congr\u00e8s<\/a><\/li>\n<\/ul>\n<h3><a name=\"CAUBO2022Highlights\"><\/a>Faits saillants du congr\u00e8s 2022 de l&#8217;ACPAU<\/h3>\n<ul>\n<li><a href=\"https:\/\/www.caubo.ca\/fr\/knowledge-centre\/learningevents\/annual-conference\/acpau-2022-presentations-des-seminaires-sectoriels\/\" target=\"_blank\" rel=\"noopener\">Consulter les pr\u00e9sentations disponibles et le mat\u00e9riel connexe \u2013 S\u00e9minaires sectoriels<\/a><\/li>\n<li><a href=\"https:\/\/www.caubo.ca\/fr\/knowledge-centre\/learningevents\/annual-conference\/acpau-2022-presentations-du-congres\/\" target=\"_blank\" rel=\"noopener\">Consulter les pr\u00e9sentations disponibles et le mat\u00e9riel connexe \u2013 Congr\u00e8s<\/a><\/li>\n<\/ul>\n<h3><a name=\"CAUBO2021Highlights\"><\/a>Faits saillants du congr\u00e8s 2021 de l&#8217;ACPAU<\/h3>\n<ul>\n<li><a href=\"https:\/\/www.caubo.ca\/fr\/knowledge-centre\/learningevents\/annual-conference\/acpau-2021-presentations-des-seminaires-sectoriels\/\" target=\"_blank\" rel=\"noopener\">Consulter les pr\u00e9sentations disponibles et le mat\u00e9riel connexe \u2013 S\u00e9minaires sectoriels<\/a><\/li>\n<li><a href=\"https:\/\/www.caubo.ca\/fr\/knowledge-centre\/learningevents\/annual-conference\/acpau-2021-presentations-du-congres\/\" target=\"_blank\" rel=\"noopener\">Consulter les pr\u00e9sentations disponibles et le mat\u00e9riel connexe \u2013 Congr\u00e8s<\/a><\/li>\n<\/ul>\n<h3>Faits saillants du congr\u00e8s 2019 de l&#8217;ACPAU<\/h3>\n<ul>\n<li><a href=\"https:\/\/www.caubo.ca\/fr\/dernieres-nouvelles\/instantanes-du-congres-acpau-2019\/\" target=\"_blank\" rel=\"noopener\">Le congr\u00e8s en photos<\/a><\/li>\n<li><a href=\"https:\/\/www.caubo.ca\/fr\/knowledge-centre\/learningevents\/annual-conference\/acpau-2019-presentations-des-seminaires-precongres\/\" target=\"_blank\" rel=\"noopener\">Consulter les pr\u00e9sentations disponibles et le mat\u00e9riel connexe \u2013 S\u00e9minaires pr\u00e9congr\u00e8s<\/a><\/li>\n<li><a href=\"https:\/\/www.caubo.ca\/fr\/knowledge-centre\/learningevents\/annual-conference\/acpau-2019-presentations-du-congres\/\" target=\"_blank\" rel=\"noopener\">Consulter les pr\u00e9sentations disponibles et le mat\u00e9riel connexe \u2013 Congr\u00e8s<\/a><\/li>\n<\/ul>\n<h3>Faits saillants du congr\u00e8s 2018 de l&#8217;ACPAU<\/h3>\n<ul>\n<li><a href=\"https:\/\/www.caubo.ca\/fr\/knowledge-centre\/learningevents\/annual-conference\/acpau-2018-presentations-des-seminaires-precongres\/\" target=\"_blank\" rel=\"noopener\">Consulter les pr\u00e9sentations disponibles et le mat\u00e9riel connexe \u2013 S\u00e9minaires pr\u00e9congr\u00e8s<\/a><\/li>\n<li><a href=\"https:\/\/www.caubo.ca\/fr\/knowledge-centre\/learningevents\/annual-conference\/acpau-2018-presentations-du-congres\/\" target=\"_blank\" rel=\"noopener\">Consulter les pr\u00e9sentations disponibles et le mat\u00e9riel connexe \u2013 Congr\u00e8s<\/a><\/li>\n<\/ul>\n","protected":false},"excerpt":{"rendered":"<p>Soyez des n\u00f4tres \u00e0 St. John\u2019s, Terre-Neuve, pour le congr\u00e8s de l\u2019ACPAU! Les inscriptions sont maintenant ouvertes! La p\u00e9riode d\u2019inscription h\u00e2tive se termine le 30\u00a0avril\u00a02026 Du 15 au 17\u00a0juin\u00a02026, rejoignez vos coll\u00e8gues de partout au pays \u00e0 l\u2019occasion du congr\u00e8s\u00a02026 de l\u2019ACPAU, qui aura lieu dans la magnifique ville de St.\u00a0John\u2019s, \u00e0 Terre-Neuve! Ce sera &hellip; <a href=\"https:\/\/www.caubo.ca\/fr\/knowledge-centre\/learningevents\/annual-conference\/\" class=\"more-link\">Continue reading<span class=\"screen-reader-text\"> &#8220;Congr\u00e8s annuel&#8221;<\/span><\/a><\/p>\n","protected":false},"author":1,"featured_media":0,"parent":187,"menu_order":0,"comment_status":"closed","ping_status":"closed","template":"","meta":{"_acf_changed":false,"footnotes":""},"tags":[],"class_list":["post-191","page","type-page","status-publish","hentry"],"acf":[],"_links":{"self":[{"href":"https:\/\/www.caubo.ca\/fr\/wp-json\/wp\/v2\/pages\/191","targetHints":{"allow":["GET"]}}],"collection":[{"href":"https:\/\/www.caubo.ca\/fr\/wp-json\/wp\/v2\/pages"}],"about":[{"href":"https:\/\/www.caubo.ca\/fr\/wp-json\/wp\/v2\/types\/page"}],"author":[{"embeddable":true,"href":"https:\/\/www.caubo.ca\/fr\/wp-json\/wp\/v2\/users\/1"}],"replies":[{"embeddable":true,"href":"https:\/\/www.caubo.ca\/fr\/wp-json\/wp\/v2\/comments?post=191"}],"version-history":[{"count":0,"href":"https:\/\/www.caubo.ca\/fr\/wp-json\/wp\/v2\/pages\/191\/revisions"}],"up":[{"embeddable":true,"href":"https:\/\/www.caubo.ca\/fr\/wp-json\/wp\/v2\/pages\/187"}],"wp:attachment":[{"href":"https:\/\/www.caubo.ca\/fr\/wp-json\/wp\/v2\/media?parent=191"}],"wp:term":[{"taxonomy":"post_tag","embeddable":true,"href":"https:\/\/www.caubo.ca\/fr\/wp-json\/wp\/v2\/tags?post=191"}],"curies":[{"name":"wp","href":"https:\/\/api.w.org\/{rel}","templated":true}]}}