{"id":195,"date":"2016-02-01T20:54:40","date_gmt":"2016-02-02T01:54:40","guid":{"rendered":"https:\/\/www.caubo.ca\/fr\/knowledge-centre\/learningevents-and-education\/workshops\/"},"modified":"2026-03-19T08:18:36","modified_gmt":"2026-03-19T12:18:36","slug":"workshops","status":"publish","type":"page","link":"https:\/\/www.caubo.ca\/fr\/knowledge-centre\/learningevents\/workshops\/","title":{"rendered":"Ateliers"},"content":{"rendered":"<p>L\u2019ACPAU offre des ateliers sur les tendances et les enjeux d\u2019actualit\u00e9 qui touchent les administrateurs du milieu de l\u2019enseignement sup\u00e9rieur.<\/p>\n<h1><span style=\"color: #000000;\">Les prochains ateliers de l\u2019ACPAU<\/span><\/h1>\n<div id=\"squelch-taas-accordion-0\" class=\"squelch-taas-accordion squelch-taas-override\" data-active=\"\" data-disabled=\"false\" data-autoheight=\"false\" data-collapsible=\"true\"><h3 id=\"squelch-taas-header-0\"><a href=\"#squelch-taas-accordion-shortcode-content-HEAWorkshop\" class=\"\">Atelier d\u2019int\u00e9gration en administration de l\u2019\u00e9ducation sup\u00e9rieure<\/a><\/h3><div id=\"squelch-taas-accordion-shortcode-content-HEAWorkshop\" class=\"squelch-taas-accordion-shortcode-content squelch-taas-accordion-shortcode-content-0\">\n<p><strong>Merci de votre int\u00e9r\u00eat pour l\u2019atelier d\u2019int\u00e9gration en administration de l\u2019\u00e9ducation sup\u00e9rieure. <\/strong>La date du prochain atelier n\u2019est pas encore d\u00e9termin\u00e9e.<\/p>\n<p><a href=\"mailto:events@caubo.ca\" target=\"_blank\" rel=\"noopener\"><strong><em>Cliquez ici<\/em><\/strong><\/a><strong><em>\u00a0pour vous inscrire sur la liste d\u2019attente d\u00e8s maintenant. Assurez-vous d\u2019indiquer dans votre courriel le cours ou l\u2019atelier qui vous int\u00e9resse de m\u00eame que votre nom complet, votre titre, le nom de votre \u00e9tablissement et vos coordonn\u00e9es. Vous recevrez un courriel vous proposant une inscription prioritaire la prochaine fois que l\u2019atelier sera offert.<\/em><\/strong><\/p>\n<hr \/>\n<h2><strong>Pr\u00e9sentation de l\u2019atelier<\/strong><\/h2>\n<p><strong><em>Veuillez noter que ce cours n\u2019est offert qu\u2019en anglais pour le moment.<\/em><\/strong><\/p>\n<p>Franchir le pas vers un poste de haute direction dans le secteur de l\u2019\u00e9ducation sup\u00e9rieure est \u00e0 la fois exaltant et complexe. Il s\u2019agit d\u2019une transition riche en possibilit\u00e9s, mais \u00e9galement en d\u00e9fis uniques en leur genre. Ce secteur est dot\u00e9 d\u2019une culture distincte, et diff\u00e8re bien souvent des autres en raison de sa structure de gouvernance particuli\u00e8re et des parties prenantes qui y gravitent. Les nouveaux leaders doivent rapidement apprendre \u00e0 naviguer les rouages institutionnels, \u00e0 \u00e9tablir des relations solides et \u00e0 surmonter les d\u00e9fis pressants, tout en d\u00e9couvrant les subtilit\u00e9s du milieu universitaire.<\/p>\n<p>Conform\u00e9ment \u00e0 la mission de l\u2019ACPAU consistant \u00e0 consolider le leadership dans le secteur universitaire, cet atelier met en relation des cadres sup\u00e9rieurs avec des pairs et des leaders chevronn\u00e9s, et propose des id\u00e9es concr\u00e8tes pour les aider \u00e0 endosser leur r\u00f4le avec confiance. Dans notre contexte actuel, o\u00f9 l\u2019instabilit\u00e9 et la complexit\u00e9 ne cessent de s\u2019accro\u00eetre, collaboration et partage de connaissances n\u2019ont jamais rev\u00eatu autant de sens.<\/p>\n<p><strong>Grands objectifs d\u2019apprentissage<\/strong><\/p>\n<p>L\u2019atelier permet aux participants d\u2019acqu\u00e9rir des fondements solides sur les principaux aspects li\u00e9s \u00e0 l\u2019administration des coll\u00e8ges et des universit\u00e9s. Il couvre les sujets suivants\u00a0:<\/p>\n<ul>\n<li>Culture universitaire et contexte institutionnel<\/li>\n<li>Structure de gouvernance et administration<\/li>\n<li>Leadership dans l\u2019enseignement sup\u00e9rieur<\/li>\n<li>\u00c9quit\u00e9, diversit\u00e9, inclusivit\u00e9 et accessibilit\u00e9\u00a0(EDIA)<\/li>\n<li>Viabilit\u00e9 financi\u00e8re<\/li>\n<li>Relations de travail avec le corps professoral<\/li>\n<\/ul>\n<p>Au moyen de s\u00e9ances anim\u00e9es par des sp\u00e9cialistes et d\u2019\u00e9changes avec les pairs, les participants acqui\u00e8rent des connaissances pratiques et d\u00e9veloppent une vision repr\u00e9sentative du secteur.<\/p>\n<p><strong>Exp\u00e9rience d\u2019apprentissage<\/strong><\/p>\n<p>L\u2019atelier est ax\u00e9 sur\u00a0:<\/p>\n<ul>\n<li>des conversations dynamiques et des \u00e9changes avec les pairs<\/li>\n<li>l\u2019expertise du secteur acquise par des leaders chevronn\u00e9s<\/li>\n<li>un accompagnement concret et adapt\u00e9 au milieu de l\u2019enseignement sup\u00e9rieur<\/li>\n<li>des occasions pour b\u00e2tir un r\u00e9seau professionnel sur lequel s\u2019appuyer<\/li>\n<\/ul>\n<p><strong>Qui devrait y participer?<\/strong><\/p>\n<ul>\n<li>Les cadres sup\u00e9rieurs peu exp\u00e9riment\u00e9s dans des postes de leadership en enseignement sup\u00e9rieur<\/li>\n<li>Les vice-recteurs aux finances et \u00e0 l\u2019administration nouvellement nomm\u00e9s<\/li>\n<li>Les vice-recteurs associ\u00e9s qui arrivent dans le secteur<\/li>\n<\/ul>\n<p>Si vous avez des questions, n\u2019h\u00e9sitez pas \u00e0 nous contacter \u00e0 l\u2019adresse <a href=\"mailto:evenements@acpau.ca\" target=\"_blank\" rel=\"noopener\">evenements@acpau.ca<\/a>.<\/p>\n<p><strong>Politique d\u2019annulation et de remplacement pour l\u2019atelier d\u2019int\u00e9gration en administration de l\u2019\u00e9ducation sup\u00e9rieure<\/strong><\/p>\n<p>Toute annulation doit \u00eatre demand\u00e9e par \u00e9crit au moins 45\u00a0jours avant le d\u00e9but de l\u2019\u00e9v\u00e9nement. Veuillez noter que des frais administratifs de 100\u00a0$ s\u2019appliqueront. Les remboursements seront effectu\u00e9s dans un d\u00e9lai de 30\u00a0jours apr\u00e8s l\u2019atelier. Aucun remboursement ne vous sera accord\u00e9 si vous ne vous pr\u00e9sentez pas \u00e0 l\u2019atelier sans avoir pr\u00e9alablement soumis une demande d\u2019annulation.<\/p>\n<p>Les demandes de report d\u2019inscription ou de remplacement seront accept\u00e9es jusqu\u2019\u00e0 14\u00a0jours ouvrables avant le d\u00e9but de l\u2019\u00e9v\u00e9nement. L\u2019inscription ne peut \u00eatre report\u00e9e qu\u2019au prochain atelier. Un seul remplacement par personne inscrite est autoris\u00e9; un consentement \u00e9crit doit \u00eatre fourni par la personne remplac\u00e9e. Pour faire une demande d\u2019annulation, de report ou de remplacement, veuillez communiquer avec l\u2019\u00e9quipe des \u00e9v\u00e9nements \u00e0 l\u2019adresse <a href=\"mailto:evenements@acpau.ca\" target=\"_blank\" rel=\"noopener\">evenements@acpau.ca<\/a>.<\/p>\n<p style=\"text-align: left;\">L\u2019ACPAU se r\u00e9serve le droit d\u2019annuler l\u2019\u00e9v\u00e9nement, notamment si le nombre d\u2019inscriptions est insuffisant pour en assurer la tenue. Le cas \u00e9ch\u00e9ant, les frais d\u2019inscription seront rembours\u00e9s en totalit\u00e9.<\/p>\n<\/div><\/div>\n\n<p>&nbsp;<\/p>\n<h1><span style=\"color: #000000;\">Ateliers pass\u00e9s<\/span><\/h1>\n<div id=\"squelch-taas-accordion-1\" class=\"squelch-taas-accordion squelch-taas-override\" data-active=\"\" data-disabled=\"false\" data-autoheight=\"false\" data-collapsible=\"true\"><h3 id=\"squelch-taas-header-1\"><a href=\"#squelch-taas-accordion-shortcode-content-DataGovernanceWorkshop2023\" class=\"\">Atelier sur la gouvernance des donn\u00e9es, 5 et 6 d\u00e9cembre 2023, Toronto (Ontario)<\/a><\/h3><div id=\"squelch-taas-accordion-shortcode-content-DataGovernanceWorkshop2023\" class=\"squelch-taas-accordion-shortcode-content squelch-taas-accordion-shortcode-content-1\">\n<h3 style=\"text-align: center;\"><strong>Atelier sur la gouvernance des donn\u00e9es<br \/>\n<\/strong>5 et 6 d\u00e9cembre 2023 | H\u00f4tel DoubleTree by Hilton, \u00e0 Toronto (Ontario)<\/h3>\n<p><em>Nous vous remercions de l\u2019int\u00e9r\u00eat que vous portez \u00e0 l\u2019atelier sur la gouvernance des donn\u00e9es pr\u00e9sent\u00e9 par l\u2019ACPAU et Deloitte qui aura lieu les 5 et 6 d\u00e9cembre 2023 \u00e0 Toronto. Les inscriptions pour cet atelier sont d\u00e9sormais ferm\u00e9es.<\/em><\/p>\n<p><strong><em>* Veuillez prendre note que ce cours est offert en anglais seulement *<\/em><\/strong><\/p>\n<p>\u00c0 l\u2019aide d\u2019une version adapt\u00e9e du Cadre de gouvernance des donn\u00e9es pour l\u2019enseignement sup\u00e9rieur produit par l\u2019ACPAU, les participants dresseront les grandes lignes d\u2019un plan d\u2019action qui servira \u00e0 faire progresser la gouvernance des donn\u00e9es dans leur \u00e9tablissement. Pour bien vous pr\u00e9parer, ayez avec vous le libell\u00e9 de la mission de votre \u00e9tablissement de m\u00eame qu\u2019une liste de ses initiatives de transformation les plus importantes. Nous discuterons de la mani\u00e8re dont la gouvernance des donn\u00e9es peut faire avancer vos dossiers prioritaires, et nous d\u00e9finirons des objectifs susceptibles d\u2019apporter un soutien efficace. Pour vous aider \u00e0 suivre les progr\u00e8s et le niveau de maturit\u00e9 de votre \u00e9tablissement, nous pr\u00e9senterons \u00e9galement des outils d\u2019\u00e9valuation de la maturit\u00e9 et de comparaison des capacit\u00e9s de gestion des donn\u00e9es.<\/p>\n<p><strong>\u00c0 QUI S\u2019ADRESSE CET ATELIER?<br \/>\n<\/strong>Cet atelier s\u2019adresse \u00e0 tous les cadres sup\u00e9rieurs d\u00e9sireux d\u2019en savoir plus sur la gouvernance des donn\u00e9es, y compris sur les pratiques exemplaires et les \u00e9tapes initiales; il sera utile aux \u00e9tablissements de toutes tailles. Bienvenue aux \u00e9quipes!<\/p>\n<p><a href=\"https:\/\/www.caubo.ca\/fr\/data-governance-workshop_preliminary-agenda_fr_final_oct162023\/\" target=\"_blank\" rel=\"noopener\"><strong>Voir l\u2019ordre du jour pr\u00e9liminaire<\/strong><\/a><\/p>\n<p>Environ la moiti\u00e9 des \u00e9tablissements (45\u00a0%) en sont encore \u00e0 leurs balbutiements avec la gouvernance des donn\u00e9es. Joignez-vous \u00e0 vos pairs pour r\u00e9fl\u00e9chir avec eux et progresser plus rapidement.<\/p>\n<p>Consultez notre <a href=\"https:\/\/www.caubo.ca\/fr\/knowledge-centre\/learningevents\/webinars\/#OnDemandWebinars\" target=\"_blank\" rel=\"noopener\">liste de webinaires sur demande<\/a> pour voir ou revoir les webinaires de la s\u00e9rie sur la gouvernance des donn\u00e9es.<\/p>\n<p><strong>Formateurs :<\/strong><\/p>\n<table width=\"100%\">\n<tbody>\n<tr valign=\"top\">\n<td width=\"120\"><img loading=\"lazy\" decoding=\"async\" class=\"size-full wp-image-29628 alignleft\" src=\"https:\/\/www.caubo.ca\/wp-content\/uploads\/2023\/08\/Riphay-Al-Hussein_Webinar2023.jpg\" alt=\"\" width=\"100\" height=\"125\" \/><\/td>\n<td><strong>Riphay Al-Hussein<br \/>\nResponsable principal, campus ax\u00e9 sur les donn\u00e9es<br \/>\nDeloitte Canada<\/strong>Riphay Al-Hussein est gestionnaire principal dans l\u2019\u00e9quipe des strat\u00e9gies li\u00e9es \u00e0 l\u2019IA au sein du groupe Omnia AI de Deloitte. Il s\u2019occupe principalement du secteur public et de l\u2019enseignement sup\u00e9rieur dans l\u2019Ouest canadien. Il est titulaire d\u2019un baccalaur\u00e9at en commerce (finances) et d\u2019une ma\u00eetrise en sciences (g\u00e9nie et gestion de la construction), d\u2019un titre de professionnel en gestion de projets, d\u2019une Ceinture verte Lean Six Sigma et d\u2019une certification PROSCI en gestion du changement. Il poss\u00e8de \u00e9galement une grande exp\u00e9rience dans la pleine gestion des projets de transformation, de l\u2019id\u00e9ation \u00e0 la mise en \u0153uvre, et dans la conduite de l\u2019optimisation des op\u00e9rations tirant parti de l\u2019intelligence artificielle et de l\u2019analyse avanc\u00e9e des donn\u00e9es.<\/td>\n<\/tr>\n<tr valign=\"top\">\n<td><img loading=\"lazy\" decoding=\"async\" class=\"size-full wp-image-29671 alignleft\" src=\"https:\/\/www.caubo.ca\/wp-content\/uploads\/2023\/09\/Zamyla-Chan_Webinar2023.jpg\" alt=\"\" width=\"100\" height=\"125\" \/><\/td>\n<td><strong>Zamyla Chan<br \/>\nResponsable, intelligence artificielle et enseignement sup\u00e9rieur<br \/>\nDeloitte Canada<\/strong>Zamyla Chan se sp\u00e9cialise dans le domaine de l\u2019intelligence artificielle et le secteur de l\u2019enseignement sup\u00e9rieur chez Deloitte\u00a0Canada. Elle a plong\u00e9 dans l\u2019univers des donn\u00e9es et de l\u2019intelligence artificielle \u00e0 l\u2019Universit\u00e9 Harvard, o\u00f9 elle a d\u00e9croch\u00e9 un baccalaur\u00e9at sp\u00e9cialis\u00e9, une ma\u00eetrise et un doctorat. Durant ses \u00e9tudes, elle a contribu\u00e9 \u00e0 la conception de programmes de formation et a notamment \u00e9t\u00e9 charg\u00e9e d\u2019enseignement principale du cours\u00a0CS50, un cours intensif d\u2019initiation \u00e0 l\u2019informatique donn\u00e9 en pr\u00e9sentiel et en ligne sur edX, qui rejoint des millions d\u2019\u00e9tudiants de partout dans le monde.Au sein d\u2019Omnia\u00a0AI, la pratique sp\u00e9cialis\u00e9e en donn\u00e9es et intelligence artificielle de Deloitte\u00a0Canada, M<sup>me<\/sup>\u00a0Chan participe au d\u00e9veloppement de solutions dans le domaine des donn\u00e9es, de l\u2019analytique et de l\u2019intelligence artificielle pour le secteur de l\u2019enseignement sup\u00e9rieur et le secteur public.<\/td>\n<\/tr>\n<tr valign=\"top\">\n<td><img loading=\"lazy\" decoding=\"async\" class=\"size-full wp-image-29626 alignleft\" src=\"https:\/\/www.caubo.ca\/wp-content\/uploads\/2023\/08\/Mario-Morgado_Webinar2023.jpg\" alt=\"\" width=\"100\" height=\"125\" \/><\/td>\n<td><strong>Mario Morgado<br \/>\nAssoci\u00e9, campus ax\u00e9 sur les donn\u00e9es<br \/>\nDeloitte Canada<\/strong>Mario Morgado, associ\u00e9 au sein du groupe Omnia AI de Deloitte, occupe le poste de responsable national des donn\u00e9es infonuagiques. Il excelle dans la migration, la modernisation et la pr\u00e9paration pr\u00e9alable des donn\u00e9es, ainsi que dans les strat\u00e9gies s\u2019y rapportant. Il joue \u00e9galement un r\u00f4le de leadership consultatif pour divers secteurs, dont l\u2019\u00e9nergie et les ressources, l\u2019enseignement sup\u00e9rieur et le secteur public. Son talent a ainsi permis \u00e0 ses clients de tirer profit de donn\u00e9es infonuagiques tout en soutenant des objectifs strat\u00e9giques et en obtenant des r\u00e9sultats mesurables.<\/td>\n<\/tr>\n<\/tbody>\n<\/table>\n<\/div>\n<h3 id=\"squelch-taas-header-2\"><a href=\"#squelch-taas-accordion-shortcode-content-2\" class=\"\">La cybers\u00e9curit\u00e9 dans l\u2019enseignement sup\u00e9rieur : mieux se pr\u00e9parer pour att\u00e9nuer les risques, 27 et 28 novembre 2019, Montr\u00e9al (Qu\u00e9bec)<\/a><\/h3><div id=\"squelch-taas-accordion-shortcode-content-2\" class=\"squelch-taas-accordion-shortcode-content squelch-taas-accordion-shortcode-content-2\">\n<h3 style=\"text-align: center;\"><strong>Organis\u00e9 par l\u2019ACPAU et le CDPIUC-CUCCIO<br \/>\n<\/strong>27 et 28 novembre 2019<br \/>\nMontr\u00e9al (Qu\u00e9bec)<\/h3>\n<p style=\"text-align: center;\"><img loading=\"lazy\" decoding=\"async\" class=\"aligncenter wp-image-20985\" src=\"https:\/\/www.caubo.ca\/wp-content\/uploads\/2021\/01\/CAUBO-CUCCIO_Logo2021-scaled-e1610134660641.jpg\" alt=\"\" width=\"800\" height=\"205\" \/><\/p>\n<p>Nous vous remercions de l\u2019int\u00e9r\u00eat que vous portez \u00e0 l&#8217;atelier pr\u00e9sent\u00e9 par l&#8217;ACPAU et le CDPIUC-CUCCIO sur la Cybers\u00e9curit\u00e9 qui aura lieu les 27 et 28 novembre 2019 \u00e0 Montr\u00e9al. Les inscriptions pour cet atelier sont d\u00e9sormais ferm\u00e9es puisque nous avons atteint le nombre maximal de places disponibles.<\/p>\n<p><a href=\"mailto:ccharette@acpau.ca\" target=\"_blank\" rel=\"noopener noreferrer\">Cliquez ici<\/a> pour ajouter d\u00e8s maintenant votre nom \u00e0 une liste d\u2019attente. Assurez-vous d\u2019y indiquer votre nom complet, votre titre, le nom de votre \u00e9tablissement et vos coordonn\u00e9es. Vous recevrez un courriel si une place se lib\u00e8re. Merci.<\/p>\n<p><strong><em>*Veuillez prendre note que cet atelier est offert en anglais seulement*<\/em><\/strong><\/p>\n<p>Partout au Canada, les \u00e9tablissements s\u2019efforcent de se prot\u00e9ger contre les cybermenaces, qui se multiplient et se complexifient sans cesse. \u00c0 quel point sommes-nous pr\u00e9par\u00e9s? Et comment savoir si nous nous am\u00e9liorons? L\u2019atelier portera sur les activit\u00e9s requises pour \u00e9valuer et renforcer notre approche \u2013 individuelle et collective \u2013 en mati\u00e8re de cybers\u00e9curit\u00e9.<\/p>\n<p>L\u2019\u00e9tat de pr\u00e9paration sera trait\u00e9 \u00e0 la lumi\u00e8re des questions que voici\u00a0:<\/p>\n<ul>\n<li>Peut-on mesurer notre \u00e9tat de pr\u00e9paration?<\/li>\n<li>Quelles mesures pr\u00e9ventives devraient \u00eatre prises \u00e0 l\u2019\u00e9chelle des \u00e9tablissements? Lesquelles gagneraient \u00e0 \u00eatre appliqu\u00e9es en collaboration?<\/li>\n<li>De quels leviers disposent les \u00e9tablissements postsecondaires pour mieux se pr\u00e9parer? En quoi les politiques et l\u2019environnement de contr\u00f4le contribuent-ils \u00e0 favoriser la conformit\u00e9 et la responsabilit\u00e9? Quels sont les obstacles rencontr\u00e9s?<\/li>\n<li>Peut-on communiquer des renseignements de mani\u00e8re \u00e0 favoriser la pr\u00e9paration sans toutefois compromettre la confidentialit\u00e9 ou causer tout autre pr\u00e9judice? Quelles sont les limites de la communication ouverte?<\/li>\n<li>Quel r\u00f4le jouent les assurances? Quelles options s\u2019offrent \u00e0 nous?<\/li>\n<\/ul>\n<p>Cet atelier est une excellente occasion d\u2019\u00e9changer avec vos coll\u00e8gues sur le sujet et de d\u00e9couvrir et commenter les diff\u00e9rentes mesures en place \u00e0 l\u2019\u00e9chelle r\u00e9gionale et nationale. Mais, surtout, ce sera l\u2019occasion de partager conseils, ressources (ex.\u00a0mod\u00e8les de politiques) et exp\u00e9riences, question de repartir avec une trousse d\u2019outils bien garnie pour mieux pr\u00e9parer votre \u00e9tablissement.<\/p>\n<p><strong>Frais d\u2019inscription pour les membres\u00a0: 600\u00a0$<\/strong><strong><br \/>\nFrais d\u2019inscription pour les non- membres\u00a0: 700 $<\/strong><\/p>\n<h3>HORAIRE<\/h3>\n<p><strong><a href=\"https:\/\/www.caubo.ca\/fr\/cybersecurity_agenda_november-25_final-2\/\" target=\"_blank\" rel=\"noopener noreferrer\">L\u2019ordre du jour final peut \u00eatre trouv\u00e9 ici.<\/a><\/strong><\/p>\n<h3>\u00c0 QUI S\u2019ADRESSE CET ATELIER?<\/h3>\n<p>L\u2019activit\u00e9 int\u00e9ressera les divers intervenants devant pr\u00e9parer leurs \u00e9tablissements face aux cybermenaces\u00a0: vice-recteurs, dirigeants principaux de l\u2019information et de la s\u00e9curit\u00e9 de l\u2019information, gestionnaires des risques, auditeurs internes. Les \u00e9quipes interfonctionnelles sont aussi vivement encourag\u00e9es \u00e0 participer.<\/p>\n<\/div><\/div>\n\n","protected":false},"excerpt":{"rendered":"<p>L\u2019ACPAU offre des ateliers sur les tendances et les enjeux d\u2019actualit\u00e9 qui touchent les administrateurs du milieu de l\u2019enseignement sup\u00e9rieur. Les prochains ateliers de l\u2019ACPAU &nbsp; Ateliers pass\u00e9s<\/p>\n","protected":false},"author":1,"featured_media":0,"parent":187,"menu_order":0,"comment_status":"closed","ping_status":"closed","template":"","meta":{"_acf_changed":false,"footnotes":""},"tags":[],"class_list":["post-195","page","type-page","status-publish","hentry"],"acf":[],"_links":{"self":[{"href":"https:\/\/www.caubo.ca\/fr\/wp-json\/wp\/v2\/pages\/195","targetHints":{"allow":["GET"]}}],"collection":[{"href":"https:\/\/www.caubo.ca\/fr\/wp-json\/wp\/v2\/pages"}],"about":[{"href":"https:\/\/www.caubo.ca\/fr\/wp-json\/wp\/v2\/types\/page"}],"author":[{"embeddable":true,"href":"https:\/\/www.caubo.ca\/fr\/wp-json\/wp\/v2\/users\/1"}],"replies":[{"embeddable":true,"href":"https:\/\/www.caubo.ca\/fr\/wp-json\/wp\/v2\/comments?post=195"}],"version-history":[{"count":0,"href":"https:\/\/www.caubo.ca\/fr\/wp-json\/wp\/v2\/pages\/195\/revisions"}],"up":[{"embeddable":true,"href":"https:\/\/www.caubo.ca\/fr\/wp-json\/wp\/v2\/pages\/187"}],"wp:attachment":[{"href":"https:\/\/www.caubo.ca\/fr\/wp-json\/wp\/v2\/media?parent=195"}],"wp:term":[{"taxonomy":"post_tag","embeddable":true,"href":"https:\/\/www.caubo.ca\/fr\/wp-json\/wp\/v2\/tags?post=195"}],"curies":[{"name":"wp","href":"https:\/\/api.w.org\/{rel}","templated":true}]}}