{"id":205,"date":"2016-02-01T21:00:10","date_gmt":"2016-02-02T02:00:10","guid":{"rendered":"https:\/\/www.caubo.ca\/fr\/knowledge-centre\/learningevents-and-education\/guides\/"},"modified":"2021-03-24T14:27:24","modified_gmt":"2021-03-24T18:27:24","slug":"guides","status":"publish","type":"page","link":"https:\/\/www.caubo.ca\/fr\/knowledge-centre\/learningevents\/guides\/","title":{"rendered":"La communication en contexte universitaire"},"content":{"rendered":"<p>Le <a href=\"https:\/\/www.caubo.ca\/wp-content\/uploads\/2016\/02\/FR-CAUBO_CUC_Guide_20150919.pdf\" rel=\"\">Guide des communications en contexte universitaire<\/a> a pour but de fournir aux administrateurs universitaires une compr\u00e9hension du contexte universitaire, de ses parties prenantes ainsi que de ses traditions, de sa culture, de ses r\u00f4les et de ses relations particuli\u00e8res. Il a \u00e9galement pour but d\u2019aider les administrateurs \u00e0 produire et \u00e0 livrer des communications qui ont un effet positif. Les membres qui occupent depuis peu un r\u00f4le de gestion ou qui font leurs d\u00e9buts en enseignement sup\u00e9rieur trouveront dans ce guide un outil de grande valeur.<\/p>\n<p>Pour accompagner le Guide, l\u2019ACPAU a pr\u00e9par\u00e9 le document <a href=\"https:\/\/www.caubo.ca\/wp-content\/uploads\/2016\/02\/FR-CAUBO_CUC_Strategies_20150916.pdf\" rel=\"\">Strategies de communication en contexte universitaire<\/a>. Celui-ci fournit une s\u00e9rie d\u2019approches concr\u00e8tes aidant \u00e0 s\u2019assurer que les communications comportent un message clair et cibl\u00e9. Ensemble, ces deux documents pr\u00e9parent les administrateurs \u00e0 produire des communications efficaces qui auront des r\u00e9sultats positifs.<\/p>\n<p>Revenez sur cette page pour vous procurer des versions \u00e0 jour de ces documents et obtenir d\u2019autres conseils de communication.<\/p>\n","protected":false},"excerpt":{"rendered":"<p>Le Guide des communications en contexte universitaire a pour but de fournir aux administrateurs universitaires une compr\u00e9hension du contexte universitaire, de ses parties prenantes ainsi que de ses traditions, de sa culture, de ses r\u00f4les et de ses relations particuli\u00e8res. Il a \u00e9galement pour but d\u2019aider les administrateurs \u00e0 produire et \u00e0 livrer des communications &hellip; <a href=\"https:\/\/www.caubo.ca\/fr\/knowledge-centre\/learningevents\/guides\/\" class=\"more-link\">Continue reading<span class=\"screen-reader-text\"> &#8220;La communication en contexte universitaire&#8221;<\/span><\/a><\/p>\n","protected":false},"author":1,"featured_media":0,"parent":187,"menu_order":0,"comment_status":"closed","ping_status":"closed","template":"","meta":{"_acf_changed":false,"footnotes":""},"tags":[],"class_list":["post-205","page","type-page","status-publish","hentry"],"acf":[],"_links":{"self":[{"href":"https:\/\/www.caubo.ca\/fr\/wp-json\/wp\/v2\/pages\/205","targetHints":{"allow":["GET"]}}],"collection":[{"href":"https:\/\/www.caubo.ca\/fr\/wp-json\/wp\/v2\/pages"}],"about":[{"href":"https:\/\/www.caubo.ca\/fr\/wp-json\/wp\/v2\/types\/page"}],"author":[{"embeddable":true,"href":"https:\/\/www.caubo.ca\/fr\/wp-json\/wp\/v2\/users\/1"}],"replies":[{"embeddable":true,"href":"https:\/\/www.caubo.ca\/fr\/wp-json\/wp\/v2\/comments?post=205"}],"version-history":[{"count":0,"href":"https:\/\/www.caubo.ca\/fr\/wp-json\/wp\/v2\/pages\/205\/revisions"}],"up":[{"embeddable":true,"href":"https:\/\/www.caubo.ca\/fr\/wp-json\/wp\/v2\/pages\/187"}],"wp:attachment":[{"href":"https:\/\/www.caubo.ca\/fr\/wp-json\/wp\/v2\/media?parent=205"}],"wp:term":[{"taxonomy":"post_tag","embeddable":true,"href":"https:\/\/www.caubo.ca\/fr\/wp-json\/wp\/v2\/tags?post=205"}],"curies":[{"name":"wp","href":"https:\/\/api.w.org\/{rel}","templated":true}]}}