{"id":27608,"date":"2022-06-17T13:41:01","date_gmt":"2022-06-17T17:41:01","guid":{"rendered":"https:\/\/www.caubo.ca\/sancp\/fbs-participation\/"},"modified":"2025-06-19T10:35:03","modified_gmt":"2025-06-19T14:35:03","slug":"participation-aux-sancp","status":"publish","type":"page","link":"https:\/\/www.caubo.ca\/fr\/sancp\/participation-aux-sancp\/","title":{"rendered":"Participation aux SANCP"},"content":{"rendered":"<h2><strong>Devenir un \u00e9tablissement participant<\/strong><\/h2>\n<p>Pour tout renseignement sur l\u2019adh\u00e9sion, y compris les conditions d\u2019admissibilit\u00e9 et les frais, \u00e9crivez-nous \u00e0 l\u2019adresse <a href=\"mailto:fbs@acpau.ca\" target=\"_blank\" rel=\"noopener\">fbs@acpau.ca<\/a>.<\/p>\n<hr \/>\n<h2><strong>\u00c9tablissements participants<\/strong><\/h2>\n<p>Au total, 79 universit\u00e9s canadiennes et 6 associations r\u00e9gionales participent au programme des SANCP.<\/p>\n<p>Les participants ont un acc\u00e8s exclusif \u00e0 l\u2019application Web des SANCP, qui propose de pr\u00e9cieuses ressources, notamment des conventions collectives et autres documents connexes, des d\u00e9cisions judiciaires, des rapports et le bottin des membres. L\u2019acc\u00e8s est r\u00e9serv\u00e9 \u00e0 la communaut\u00e9 des SANCP, soit principalement des personnes qui travaillent pour les \u00e9tablissements participants et de qui rel\u00e8vent directement la n\u00e9gociation des conventions collectives et des accords-cadres et l\u2019administration des contrats, ou des repr\u00e9sentants d\u2019associations r\u00e9gionales participantes. Vous pouvez vous connecter \u00e0 l\u2019aide de vos infos de membre ou les demander au responsable des relations avec le corps professoral de votre \u00e9tablissement.<\/p>\n<p>Voici la liste des associations et des \u00e9tablissements participants :<\/p>\n<div class=\"mdc-layout-grid__inner letter-a search-item\">\n<div class=\"mdc-layout-grid__cell--span-1-desktop mdc-layout-grid__cell--span-1-tablet mdc-layout-grid__cell--span-1-phone participation-search-letter\">\n<h3>A<\/h3>\n<\/div>\n<div class=\"mdc-layout-grid__cell--span-11-desktop mdc-layout-grid__cell--span-6-tablet mdc-layout-grid__cell--span-3-phone participation-search-result\">\n<ul>\n<li><a href=\"https:\/\/www.acadiau.ca\" target=\"_blank\" rel=\"noopener\">Acadia University<\/a><\/li>\n<li><a href=\"https:\/\/www.aheia.edu.au\/\" target=\"_blank\" rel=\"noopener\">AHEIA<\/a><\/li>\n<li><a href=\"https:\/\/www.acad.ca\" target=\"_blank\" rel=\"noopener\">Alberta University of the Arts<\/a><\/li>\n<li><a href=\"https:\/\/www.algomau.ca\" target=\"_blank\" rel=\"noopener\">Algoma University<\/a><\/li>\n<li><a href=\"https:\/\/www.athabascau.ca\" target=\"_blank\" rel=\"noopener\">Athabasca University<\/a><\/li>\n<li><a href=\"https:\/\/www.atlanticuniversities.ca\/\" target=\"_blank\" rel=\"noopener\">Association of Atlantic Universities<\/a><\/li>\n<\/ul>\n<\/div>\n<\/div>\n<div class=\"mdc-layout-grid__inner letter-a search-item\">\n<div class=\"mdc-layout-grid__cell--span-1-desktop mdc-layout-grid__cell--span-1-tablet mdc-layout-grid__cell--span-1-phone participation-search-letter\">\n<h3>B<\/h3>\n<\/div>\n<div class=\"mdc-layout-grid__cell--span-11-desktop mdc-layout-grid__cell--span-6-tablet mdc-layout-grid__cell--span-3-phone participation-search-result\">\n<ul>\n<li><a href=\"https:\/\/www.ubishops.ca\/\" target=\"_blank\" rel=\"noopener noreferrer\">Universit\u00e9 Bishop&#8217;s<\/a><\/li>\n<li><a href=\"https:\/\/www.brandonu.ca\" target=\"_blank\" rel=\"noopener\">Brandon University<\/a><\/li>\n<li><a href=\"https:\/\/www.brocku.ca\" target=\"_blank\" rel=\"noopener\">Brock University<\/a><\/li>\n<\/ul>\n<\/div>\n<\/div>\n<div class=\"mdc-layout-grid__inner letter-a search-item\">\n<div class=\"mdc-layout-grid__cell--span-1-desktop mdc-layout-grid__cell--span-1-tablet mdc-layout-grid__cell--span-1-phone participation-search-letter\">\n<h3>C<\/h3>\n<\/div>\n<div class=\"mdc-layout-grid__cell--span-11-desktop mdc-layout-grid__cell--span-6-tablet mdc-layout-grid__cell--span-3-phone participation-search-result\">\n<ul>\n<li><a href=\"https:\/\/www.cbu.ca\" target=\"_blank\" rel=\"noopener\">Cape Breton University<\/a><\/li>\n<li><a href=\"https:\/\/www.carleton.ca\" target=\"_blank\" rel=\"noopener\">Carleton University<\/a><\/li>\n<li><a href=\"https:\/\/www.concordia.ca\/\" target=\"_blank\" rel=\"noopener noreferrer\">Universit\u00e9 Concordia<\/a><\/li>\n<li><a href=\"https:\/\/www.concordia.ab.ca\" target=\"_blank\" rel=\"noopener\">Concordia University of Edmonton<\/a><\/li>\n<li><a href=\"https:\/\/www.cou.on.ca\/\" target=\"_blank\" rel=\"noopener\">Council of Ontario Universities<\/a><\/li>\n<\/ul>\n<\/div>\n<\/div>\n<div class=\"mdc-layout-grid__inner letter-a search-item\">\n<div class=\"mdc-layout-grid__cell--span-1-desktop mdc-layout-grid__cell--span-1-tablet mdc-layout-grid__cell--span-1-phone participation-search-letter\">\n<h3>D<\/h3>\n<\/div>\n<div class=\"mdc-layout-grid__cell--span-11-desktop mdc-layout-grid__cell--span-6-tablet mdc-layout-grid__cell--span-3-phone participation-search-result\">\n<ul>\n<li><a href=\"https:\/\/www.dal.ca\" target=\"_blank\" rel=\"noopener\">Dalhousie University<\/a><\/li>\n<\/ul>\n<\/div>\n<\/div>\n<div class=\"mdc-layout-grid__inner letter-a search-item\">\n<div class=\"mdc-layout-grid__cell--span-1-desktop mdc-layout-grid__cell--span-1-tablet mdc-layout-grid__cell--span-1-phone participation-search-letter\">\n<h3>E<\/h3>\n<\/div>\n<div class=\"mdc-layout-grid__cell--span-11-desktop mdc-layout-grid__cell--span-6-tablet mdc-layout-grid__cell--span-3-phone participation-search-result\">\n<ul>\n<li><a href=\"https:\/\/www.ecuad.ca\" target=\"_blank\" rel=\"noopener\">Emily Carr University of Art + Design<\/a><\/li>\n<\/ul>\n<\/div>\n<\/div>\n<div class=\"mdc-layout-grid__inner letter-a search-item\">\n<div class=\"mdc-layout-grid__cell--span-1-desktop mdc-layout-grid__cell--span-1-tablet mdc-layout-grid__cell--span-1-phone participation-search-letter\">\n<h3>H<\/h3>\n<\/div>\n<div class=\"mdc-layout-grid__cell--span-11-desktop mdc-layout-grid__cell--span-6-tablet mdc-layout-grid__cell--span-3-phone participation-search-result\">\n<ul>\n<li><a href=\"https:\/\/www.huronuc.ca\" target=\"_blank\" rel=\"noopener\">Huron University College<\/a><\/li>\n<\/ul>\n<\/div>\n<\/div>\n<div class=\"mdc-layout-grid__inner letter-a search-item\">\n<div class=\"mdc-layout-grid__cell--span-1-desktop mdc-layout-grid__cell--span-1-tablet mdc-layout-grid__cell--span-1-phone participation-search-letter\">\n<h3>I<\/h3>\n<\/div>\n<div class=\"mdc-layout-grid__cell--span-11-desktop mdc-layout-grid__cell--span-6-tablet mdc-layout-grid__cell--span-3-phone participation-search-result\">\n<ul>\n<li><a href=\"https:\/\/interuniversity.ns.ca\/\" target=\"_blank\" rel=\"noopener\">Interuniversity Services Incorporated<\/a><\/li>\n<\/ul>\n<\/div>\n<\/div>\n<div class=\"mdc-layout-grid__inner letter-a search-item\">\n<div class=\"mdc-layout-grid__cell--span-1-desktop mdc-layout-grid__cell--span-1-tablet mdc-layout-grid__cell--span-1-phone participation-search-letter\">\n<h3>K<\/h3>\n<\/div>\n<div class=\"mdc-layout-grid__cell--span-11-desktop mdc-layout-grid__cell--span-6-tablet mdc-layout-grid__cell--span-3-phone participation-search-result\">\n<ul>\n<li><a href=\"https:\/\/www.kings.uwo.ca\" target=\"_blank\" rel=\"noopener\">King&#8217;s University College at The University of Western Ontario<\/a><\/li>\n<li><a href=\"https:\/\/www.kpu.ca\" target=\"_blank\" rel=\"noopener\">Kwantlen Polytechnic University<\/a><\/li>\n<\/ul>\n<\/div>\n<\/div>\n<div class=\"mdc-layout-grid__inner letter-a search-item\">\n<div class=\"mdc-layout-grid__cell--span-1-desktop mdc-layout-grid__cell--span-1-tablet mdc-layout-grid__cell--span-1-phone participation-search-letter\">\n<h3>L<\/h3>\n<\/div>\n<div class=\"mdc-layout-grid__cell--span-11-desktop mdc-layout-grid__cell--span-6-tablet mdc-layout-grid__cell--span-3-phone participation-search-result\">\n<ul>\n<li><a href=\"https:\/\/www.lakeheadu.ca\" target=\"_blank\" rel=\"noopener\">Lakehead University<\/a><\/li>\n<li><a href=\"https:\/\/www.laurentian.ca\/\" target=\"_blank\" rel=\"noopener noreferrer\">Universit\u00e9 Laurentienne<\/a><\/li>\n<\/ul>\n<\/div>\n<\/div>\n<div class=\"mdc-layout-grid__inner letter-a search-item\">\n<div class=\"mdc-layout-grid__cell--span-1-desktop mdc-layout-grid__cell--span-1-tablet mdc-layout-grid__cell--span-1-phone participation-search-letter\">\n<h3>M<\/h3>\n<\/div>\n<div class=\"mdc-layout-grid__cell--span-11-desktop mdc-layout-grid__cell--span-6-tablet mdc-layout-grid__cell--span-3-phone participation-search-result\">\n<ul>\n<li><a href=\"https:\/\/www.macewan.ca\" target=\"_blank\" rel=\"noopener\">MacEwan University<\/a><\/li>\n<li><a href=\"https:\/\/www.mcgill.ca\/\" target=\"_blank\" rel=\"noopener noreferrer\">Universit\u00e9 McGill<\/a><\/li>\n<li><a href=\"https:\/\/www.mcmaster.ca\" target=\"_blank\" rel=\"noopener\">McMaster University<\/a><\/li>\n<li><a href=\"https:\/\/www.mun.ca\" target=\"_blank\" rel=\"noopener\">Memorial University of Newfoundland<\/a><\/li>\n<li><a href=\"https:\/\/www.mta.ca\" target=\"_blank\" rel=\"noopener\">Mount Allison University<\/a><\/li>\n<li><a href=\"https:\/\/www.mtroyal.ca\" target=\"_blank\" rel=\"noopener\">Mount Royal University<\/a><\/li>\n<li><a href=\"https:\/\/www.msvu.ca\" target=\"_blank\" rel=\"noopener\">Mount Saint Vincent University<\/a><\/li>\n<\/ul>\n<\/div>\n<\/div>\n<div class=\"mdc-layout-grid__inner letter-a search-item\">\n<div class=\"mdc-layout-grid__cell--span-1-desktop mdc-layout-grid__cell--span-1-tablet mdc-layout-grid__cell--span-1-phone participation-search-letter\">\n<h3>N<\/h3>\n<\/div>\n<div class=\"mdc-layout-grid__cell--span-11-desktop mdc-layout-grid__cell--span-6-tablet mdc-layout-grid__cell--span-3-phone participation-search-result\">\n<ul>\n<li><a href=\"https:\/\/www.nipissingu.ca\" target=\"_blank\" rel=\"noopener\">Nipissing University<\/a><\/li>\n<li><a href=\"https:\/\/www.nosm.ca\" target=\"_blank\" rel=\"noopener\">Northern Ontario School of Medicine<\/a><\/li>\n<li><a href=\"https:\/\/www.nscad.ca\" target=\"_blank\" rel=\"noopener\">NSCAD University<\/a><\/li>\n<\/ul>\n<\/div>\n<\/div>\n<div class=\"mdc-layout-grid__inner letter-a search-item\">\n<div class=\"mdc-layout-grid__cell--span-1-desktop mdc-layout-grid__cell--span-1-tablet mdc-layout-grid__cell--span-1-phone participation-search-letter\">\n<h3>O<\/h3>\n<\/div>\n<div class=\"mdc-layout-grid__cell--span-11-desktop mdc-layout-grid__cell--span-6-tablet mdc-layout-grid__cell--span-3-phone participation-search-result\">\n<ul>\n<li><a href=\"https:\/\/www.ocadu.ca\" target=\"_blank\" rel=\"noopener\">OCAD University<\/a><\/li>\n<li><a href=\"https:\/\/www.uoit.ca\" target=\"_blank\" rel=\"noopener\">Ontario Tech University<\/a><\/li>\n<\/ul>\n<\/div>\n<\/div>\n<div class=\"mdc-layout-grid__inner letter-a search-item\">\n<div class=\"mdc-layout-grid__cell--span-1-desktop mdc-layout-grid__cell--span-1-tablet mdc-layout-grid__cell--span-1-phone participation-search-letter\">\n<h3>P<\/h3>\n<\/div>\n<div class=\"mdc-layout-grid__cell--span-11-desktop mdc-layout-grid__cell--span-6-tablet mdc-layout-grid__cell--span-3-phone participation-search-result\">\n<ul>\n<li><a href=\"https:\/\/www.psea.bc.ca\/\" target=\"_blank\" rel=\"noopener\">Post-Secondary Employers&#8217; Association (British Columbia)<\/a><\/li>\n<\/ul>\n<\/div>\n<\/div>\n<div class=\"mdc-layout-grid__inner letter-a search-item\">\n<div class=\"mdc-layout-grid__cell--span-1-desktop mdc-layout-grid__cell--span-1-tablet mdc-layout-grid__cell--span-1-phone participation-search-letter\">\n<h3>Q<\/h3>\n<\/div>\n<div class=\"mdc-layout-grid__cell--span-11-desktop mdc-layout-grid__cell--span-6-tablet mdc-layout-grid__cell--span-3-phone participation-search-result\">\n<ul>\n<li><a href=\"https:\/\/www.queensu.ca\" target=\"_blank\" rel=\"noopener\">Queen&#8217;s University<\/a><\/li>\n<\/ul>\n<\/div>\n<\/div>\n<div class=\"mdc-layout-grid__inner letter-a search-item\">\n<div class=\"mdc-layout-grid__cell--span-1-desktop mdc-layout-grid__cell--span-1-tablet mdc-layout-grid__cell--span-1-phone participation-search-letter\">\n<h3>R<\/h3>\n<\/div>\n<div class=\"mdc-layout-grid__cell--span-11-desktop mdc-layout-grid__cell--span-6-tablet mdc-layout-grid__cell--span-3-phone participation-search-result\">\n<ul>\n<li><a href=\"https:\/\/www.uwaterloo.ca\/renison\" target=\"_blank\" rel=\"noopener\">Renison University College<\/a><\/li>\n<li><a href=\"https:\/\/www.royalroads.ca\" target=\"_blank\" rel=\"noopener\">Royal Roads University<\/a><\/li>\n<\/ul>\n<\/div>\n<\/div>\n<div class=\"mdc-layout-grid__inner letter-a search-item\">\n<div class=\"mdc-layout-grid__cell--span-1-desktop mdc-layout-grid__cell--span-1-tablet mdc-layout-grid__cell--span-1-phone participation-search-letter\">\n<h3>S<\/h3>\n<\/div>\n<div class=\"mdc-layout-grid__cell--span-11-desktop mdc-layout-grid__cell--span-6-tablet mdc-layout-grid__cell--span-3-phone participation-search-result\">\n<ul>\n<li><a href=\"https:\/\/www.smu.ca\" target=\"_blank\" rel=\"noopener\">Saint Mary&#8217;s University (Halifax)<\/a><\/li>\n<li><a href=\"https:\/\/www.ustpaul.ca\/\" target=\"_blank\" rel=\"noopener noreferrer\">Universit\u00e9 Saint-Paul<\/a><\/li>\n<li><a href=\"https:\/\/www.sfu.ca\" target=\"_blank\" rel=\"noopener\">Simon Fraser University<\/a><\/li>\n<li><a href=\"https:\/\/www.sait.ca\" target=\"_blank\" rel=\"noopener\">Southern Alberta Institute of Technology<\/a><\/li>\n<li><a href=\"https:\/\/www.stfx.ca\" target=\"_blank\" rel=\"noopener\">St. Francis Xavier University<\/a><\/li>\n<li><a href=\"https:\/\/www.sju.ca\" target=\"_blank\" rel=\"noopener\">St. Jerome&#8217;s University<\/a><\/li>\n<li><a href=\"https:\/\/www.stmu.ca\" target=\"_blank\" rel=\"noopener\">St. Mary&#8217;s University (Calgary)<\/a><\/li>\n<li><a href=\"https:\/\/stmcollege.ca\/\" target=\"_blank\" rel=\"noopener noreferrer\">St. Thomas More College<\/a><\/li>\n<li><a href=\"https:\/\/www.stu.ca\" target=\"_blank\" rel=\"noopener\">St. Thomas University<\/a><\/li>\n<\/ul>\n<\/div>\n<\/div>\n<div class=\"mdc-layout-grid__inner letter-a search-item\">\n<div class=\"mdc-layout-grid__cell--span-1-desktop mdc-layout-grid__cell--span-1-tablet mdc-layout-grid__cell--span-1-phone participation-search-letter\">\n<h3>T<\/h3>\n<\/div>\n<div class=\"mdc-layout-grid__cell--span-11-desktop mdc-layout-grid__cell--span-6-tablet mdc-layout-grid__cell--span-3-phone participation-search-result\">\n<ul>\n<li><a href=\"https:\/\/www.rucbc.ca\/\" target=\"_blank\" rel=\"noopener\">The Research Universities&#8217; Council of British Columbia<\/a><\/li>\n<li><a href=\"https:\/\/www.tru.ca\" target=\"_blank\" rel=\"noopener\">Thompson Rivers University<\/a><\/li>\n<li><a href=\"https:\/\/www.torontomu.ca\/\" target=\"_blank\" rel=\"noopener\">Toronto Metropolitan University<\/a><\/li>\n<li><a href=\"https:\/\/www.trentu.ca\" target=\"_blank\" rel=\"noopener\">Trent University<\/a><\/li>\n<li><a href=\"https:\/\/www.twu.ca\/\" target=\"_blank\" rel=\"noopener\">Trinity Western University<\/a><\/li>\n<\/ul>\n<\/div>\n<\/div>\n<div class=\"mdc-layout-grid__inner letter-a search-item\">\n<div class=\"mdc-layout-grid__cell--span-1-desktop mdc-layout-grid__cell--span-1-tablet mdc-layout-grid__cell--span-1-phone participation-search-letter\">\n<h3>U<\/h3>\n<\/div>\n<div class=\"mdc-layout-grid__cell--span-11-desktop mdc-layout-grid__cell--span-6-tablet mdc-layout-grid__cell--span-3-phone participation-search-result\">\n<ul>\n<li><a href=\"https:\/\/www.uontario.ca\" target=\"_blank\" rel=\"noopener\">Universit\u00e9 de l&#8217;Ontario fran\u00e7ais<\/a><\/li>\n<li><a href=\"https:\/\/www.umoncton.ca\" target=\"_blank\" rel=\"noopener\">Universit\u00e9 de Moncton<\/a><\/li>\n<li><a href=\"https:\/\/www.umontreal.ca\" target=\"_blank\" rel=\"noopener\">Universit\u00e9 de Montr\u00e9al<\/a><\/li>\n<li><a href=\"https:\/\/www.ustboniface.ca\" target=\"_blank\" rel=\"noopener\">Universit\u00e9 de Saint-Boniface<\/a><\/li>\n<li><a href=\"https:\/\/www.usherbrooke.ca\" target=\"_blank\" rel=\"noopener\">Universit\u00e9 de Sherbrooke<\/a><\/li>\n<li><a href=\"https:\/\/www.ulaval.ca\" target=\"_blank\" rel=\"noopener\">Universit\u00e9 Laval<\/a><\/li>\n<li><a href=\"https:\/\/www.usainteanne.ca\/\" target=\"_blank\" rel=\"noopener noreferrer\">Universit\u00e9 Sainte-Anne<\/a><\/li>\n<li><a href=\"https:\/\/www.ualberta.ca\" target=\"_blank\" rel=\"noopener\">University of Alberta<\/a><\/li>\n<li><a href=\"https:\/\/www.ubc.ca\/\" target=\"_blank\" rel=\"noopener noreferrer\">University of British Columbia<\/a><\/li>\n<li><a href=\"https:\/\/www.ucalgary.ca\" target=\"_blank\" rel=\"noopener\">University of Calgary<\/a><\/li>\n<li><a href=\"https:\/\/www.ukings.ca\" target=\"_blank\" rel=\"noopener\">University of King&#8217;s College (Halifax)<\/a><\/li>\n<li><a href=\"https:\/\/www.uleth.ca\" target=\"_blank\" rel=\"noopener\">University of Lethbridge<\/a><\/li>\n<li><a href=\"https:\/\/www.umanitoba.ca\" target=\"_blank\" rel=\"noopener\">University of Manitoba<\/a><\/li>\n<li><a href=\"https:\/\/www.unb.ca\" target=\"_blank\" rel=\"noopener\">University of New Brunswick<\/a><\/li>\n<li><a href=\"https:\/\/www.unbc.ca\" target=\"_blank\" rel=\"noopener\">University of Northern British Columbia<\/a><\/li>\n<li><a href=\"https:\/\/www.uottawa.ca\/\" target=\"_blank\" rel=\"noopener noreferrer\">Universit\u00e9 d&#8217;Ottawa<\/a><\/li>\n<li><a href=\"https:\/\/www.upei.ca\" target=\"_blank\" rel=\"noopener\">University of Prince Edward Island<\/a><\/li>\n<li><a href=\"https:\/\/www.uregina.ca\" target=\"_blank\" rel=\"noopener\">University of Regina<\/a><\/li>\n<li><a href=\"https:\/\/www.usask.ca\" target=\"_blank\" rel=\"noopener\">University of Saskatchewan<\/a><\/li>\n<li><a href=\"https:\/\/www.ufv.ca\" target=\"_blank\" rel=\"noopener\">University of the Fraser Valley<\/a><\/li>\n<li><a href=\"https:\/\/www.utoronto.ca\" target=\"_blank\" rel=\"noopener\">University of Toronto<\/a><\/li>\n<li><a href=\"https:\/\/www.uvic.ca\" target=\"_blank\" rel=\"noopener\">University of Victoria<\/a><\/li>\n<li><a href=\"https:\/\/www.uwindsor.ca\" target=\"_blank\" rel=\"noopener\">University of Windsor<\/a><\/li>\n<li><a href=\"https:\/\/www.uwinnipeg.ca\" target=\"_blank\" rel=\"noopener\">University of Winnipeg<\/a><\/li>\n<li><a href=\"https:\/\/uwaterloo.ca\/\" target=\"_blank\" rel=\"noopener noreferrer\">University of Waterloo<\/a><\/li>\n<\/ul>\n<\/div>\n<div class=\"mdc-layout-grid__inner letter-a search-item\">\n<div class=\"mdc-layout-grid__cell--span-1-desktop mdc-layout-grid__cell--span-1-tablet mdc-layout-grid__cell--span-1-phone participation-search-letter\">\n<h3>V<\/h3>\n<\/div>\n<div class=\"mdc-layout-grid__cell--span-11-desktop mdc-layout-grid__cell--span-6-tablet mdc-layout-grid__cell--span-3-phone participation-search-result\">\n<ul>\n<li><a href=\"https:\/\/www.viu.ca\" target=\"_blank\" rel=\"noopener\">Vancouver Island University<\/a><\/li>\n<\/ul>\n<\/div>\n<\/div>\n<div class=\"mdc-layout-grid__inner letter-a search-item\">\n<div class=\"mdc-layout-grid__cell--span-1-desktop mdc-layout-grid__cell--span-1-tablet mdc-layout-grid__cell--span-1-phone participation-search-letter\">\n<h3>W<\/h3>\n<\/div>\n<div class=\"mdc-layout-grid__cell--span-11-desktop mdc-layout-grid__cell--span-6-tablet mdc-layout-grid__cell--span-3-phone participation-search-result\">\n<ul>\n<li><a href=\"https:\/\/www.uwo.ca\/\" target=\"_blank\" rel=\"noopener noreferrer\">Western University<\/a><\/li>\n<li><a href=\"https:\/\/www.wlu.ca\" target=\"_blank\" rel=\"noopener\">Wilfrid Laurier University<\/a><\/li>\n<\/ul>\n<\/div>\n<\/div>\n<div class=\"mdc-layout-grid__inner letter-a search-item\">\n<div class=\"mdc-layout-grid__cell--span-1-desktop mdc-layout-grid__cell--span-1-tablet mdc-layout-grid__cell--span-1-phone participation-search-letter\">\n<h3>Y<\/h3>\n<\/div>\n<div class=\"mdc-layout-grid__cell--span-11-desktop mdc-layout-grid__cell--span-6-tablet mdc-layout-grid__cell--span-3-phone participation-search-result\">\n<ul>\n<li><a href=\"https:\/\/www.yorku.ca\/\" target=\"_blank\" rel=\"noopener noreferrer\">York University<\/a><\/li>\n<li><a href=\"https:\/\/www.yukoncollege.yk.ca\" target=\"_blank\" rel=\"noopener\">Yukon University<\/a><\/li>\n<\/ul>\n<\/div>\n<\/div>\n<\/div>\n","protected":false},"excerpt":{"rendered":"<p>Devenir un \u00e9tablissement participant Pour tout renseignement sur l\u2019adh\u00e9sion, y compris les conditions d\u2019admissibilit\u00e9 et les frais, \u00e9crivez-nous \u00e0 l\u2019adresse fbs@acpau.ca. \u00c9tablissements participants Au total, 79 universit\u00e9s canadiennes et 6 associations r\u00e9gionales participent au programme des SANCP. Les participants ont un acc\u00e8s exclusif \u00e0 l\u2019application Web des SANCP, qui propose de pr\u00e9cieuses ressources, notamment des &hellip; <a href=\"https:\/\/www.caubo.ca\/fr\/sancp\/participation-aux-sancp\/\" class=\"more-link\">Continue reading<span class=\"screen-reader-text\"> &#8220;Participation aux SANCP&#8221;<\/span><\/a><\/p>\n","protected":false},"author":1,"featured_media":0,"parent":27597,"menu_order":3,"comment_status":"closed","ping_status":"closed","template":"","meta":{"_acf_changed":false,"footnotes":""},"tags":[],"class_list":["post-27608","page","type-page","status-publish","hentry"],"acf":[],"_links":{"self":[{"href":"https:\/\/www.caubo.ca\/fr\/wp-json\/wp\/v2\/pages\/27608","targetHints":{"allow":["GET"]}}],"collection":[{"href":"https:\/\/www.caubo.ca\/fr\/wp-json\/wp\/v2\/pages"}],"about":[{"href":"https:\/\/www.caubo.ca\/fr\/wp-json\/wp\/v2\/types\/page"}],"author":[{"embeddable":true,"href":"https:\/\/www.caubo.ca\/fr\/wp-json\/wp\/v2\/users\/1"}],"replies":[{"embeddable":true,"href":"https:\/\/www.caubo.ca\/fr\/wp-json\/wp\/v2\/comments?post=27608"}],"version-history":[{"count":0,"href":"https:\/\/www.caubo.ca\/fr\/wp-json\/wp\/v2\/pages\/27608\/revisions"}],"up":[{"embeddable":true,"href":"https:\/\/www.caubo.ca\/fr\/wp-json\/wp\/v2\/pages\/27597"}],"wp:attachment":[{"href":"https:\/\/www.caubo.ca\/fr\/wp-json\/wp\/v2\/media?parent=27608"}],"wp:term":[{"taxonomy":"post_tag","embeddable":true,"href":"https:\/\/www.caubo.ca\/fr\/wp-json\/wp\/v2\/tags?post=27608"}],"curies":[{"name":"wp","href":"https:\/\/api.w.org\/{rel}","templated":true}]}}