{"id":27614,"date":"2022-06-17T13:42:01","date_gmt":"2022-06-17T17:42:01","guid":{"rendered":"https:\/\/www.caubo.ca\/sancp\/field-representatives\/"},"modified":"2024-06-10T16:09:41","modified_gmt":"2024-06-10T20:09:41","slug":"representants-regionaux","status":"publish","type":"page","link":"https:\/\/www.caubo.ca\/fr\/sancp\/representants-regionaux\/","title":{"rendered":"Repr\u00e9sentants r\u00e9gionaux"},"content":{"rendered":"<p class=\"field-officer-intro\">Nos repr\u00e9sentants r\u00e9gionaux sont des administratrices et des administrateurs universitaires exp\u00e9riment\u00e9s qui ont acquis une grande connaissance du processus de n\u00e9gociation. Ils constituent la premi\u00e8re ligne de r\u00e9ponse aux demandes de renseignements et travaillent avec un groupe restreint d\u2019\u00e9tablissements qui leur est assign\u00e9, ce qui leur permet de se familiariser avec le contenu des ententes pertinentes et le contexte dans lequel elles ont \u00e9t\u00e9 n\u00e9goci\u00e9es. Collectivement, ils obtiennent des \u00e9tablissements dont ils s\u2019occupent et leur transmettent des informations pertinentes qui deviennent de pr\u00e9cieuses ressources pour tous les membres de notre communaut\u00e9. En tant qu\u2019\u00e9quipe, ils sont en communication constante. Cela leur permet d\u2019\u00eatre au courant des enjeux des n\u00e9gociations en cours, ce qui les aide \u00e0 mieux servir les \u00e9tablissements auxquels ils sont affect\u00e9s. En outre, ils participent \u00e0 des activit\u00e9s de formation et \u00e0 la pr\u00e9paration de rapports strat\u00e9giques.<\/p>\n\n<table id=\"tablepress-22\" class=\"tablepress tablepress-id-22\">\n<tbody class=\"row-hover\">\n<tr class=\"row-1\">\n\t<td class=\"column-1\"><img loading=\"lazy\" decoding=\"async\" src=\"https:\/\/www.caubo.ca\/wp-content\/uploads\/2025\/06\/Arleen-Gallo_Website.jpg\" alt=\"\" width=\"100\" height=\"125\" class=\"alignnone size-full wp-image-31945\" \/><\/td><td class=\"column-2\"><strong>Arleen Gallo<br \/>\n<\/strong><br \/>\nCourriel : <a href=\"mailto:agallo@caubo.ca\">agallo@caubo.ca<\/a><br \/>\nT\u00e9l\u00e9phone : 403-519-0909<br \/>\n<br \/>\n<strong><font color=\"#233979\">Colombie-Britannique<\/font><\/strong><br \/>\nEmily Carr University of Art + Design - Kwantlen Polytechnic University - Royal Roads University - Thompson Rivers University - Simon Fraser University - University of British Columbia - University of the Fraser Valley - University of Northern British Columbia - Yukon University - Vancouver Island University - University of Victoria - Trinity Western University<br \/>\n<br \/>\n<strong><font color=\"#233979\">Alberta<\/font><\/strong><br \/>\nAlberta University of the Arts - Athabasca University - Concordia University of Edmonton - Mount Royal University - MacEwan University - St. Mary's University (Calgary) - University of Calgary - University of Lethbridge - University of Alberta - The King's University<\/td>\n<\/tr>\n<tr class=\"row-2\">\n\t<td class=\"column-1\"><img loading=\"lazy\" decoding=\"async\" src=\"https:\/\/www.caubo.ca\/wp-content\/uploads\/2025\/07\/Geoff-Williams_Website.jpg\" alt=\"\" width=\"100\" height=\"125\" class=\"alignnone size-full wp-image-32907\" \/><\/td><td class=\"column-2\"><strong>Geoff Williams<br \/>\n<\/strong><br \/>\nEmail: <a href=\"mailto:gwilliams@caubo.ca\">gwilliams@caubo.ca<\/a><br \/>\n<br \/>\n<strong><font color=\"#233979\">Nouveau-Brunswick<\/font><\/strong><br \/>\nMount Allison University - St. Thomas University - University of New Brunswick<br \/>\n<br \/>\n<strong><font color=\"#233979\">\u00cele du Prince-\u00c9douard<\/font><\/strong><br \/>\nUniversity of Prince Edward Island<br \/>\n<br \/>\n<strong><font color=\"#233979\">Nouvelle-\u00c9cosse<\/font><\/strong><br \/>\nAcadia University - Cape Breton University - Dalhousie University - NSCAD University - Mount Saint Vincent University - Saint Mary's University (Halifax) - St. Francis Xavier University - University of King's College (Halifax)<br \/>\n<br \/>\n<strong><font color=\"#233979\">Terre-Neuve-et-Labrador<\/font><\/strong><br \/>\nMemorial University of Newfoundland<\/td>\n<\/tr>\n<tr class=\"row-3\">\n\t<td class=\"column-1\"><img loading=\"lazy\" decoding=\"async\" src=\"https:\/\/www.caubo.ca\/wp-content\/uploads\/2025\/06\/Robert-St-Aubin_Website.jpg\" alt=\"\" width=\"100\" height=\"125\" class=\"alignnone size-full wp-image-31947\" \/><\/td><td class=\"column-2\"><strong>Robert St-Aubin<br \/>\n<\/strong><br \/>\nEmail: <a href=\"mailto:rst-aubin@caubo.ca\">rst-aubin@caubo.ca<\/a><br \/>\nPhone: 1-514-207-0728<br \/>\n<br \/>\n<strong><font color=\"#233979\">Manitoba<\/font><\/strong><br \/>\nUniversit\u00e9 de Saint-Boniface<br \/>\n<br \/>\n<strong><font color=\"#233979\">Ontario<\/font><\/strong><br \/>\nUniversit\u00e9 de l'Ontario fran\u00e7ais - Universit\u00e9 Saint-Paul<br \/>\n<br \/>\n<strong><font color=\"#233979\">Qu\u00e9bec<\/font><\/strong><br \/>\nUniversit\u00e9 Bishop's - Universit\u00e9 Concordia - Universit\u00e9 McGill - Universit\u00e9 de Montr\u00e9al - Universit\u00e9 Laval - Universit\u00e9 de Sherbrooke<br \/>\n<br \/>\n<strong><font color=\"#233979\">Nouveau-Brunswick<\/font><\/strong><br \/>\nUniversit\u00e9 de Moncton<br \/>\n<br \/>\n<strong><font color=\"#233979\">Nouvelle-\u00c9cosse<\/font><\/strong><br \/>\nUniversit\u00e9 Sainte-Anne<br \/>\n<\/td>\n<\/tr>\n<tr class=\"row-4\">\n\t<td class=\"column-1\"><img loading=\"lazy\" decoding=\"async\" src=\"https:\/\/www.caubo.ca\/wp-content\/uploads\/2025\/12\/Dan_McKeown_Website.jpg\" alt=\"\" width=\"100\" height=\"125\" class=\"alignnone size-full wp-image-35124\" \/><\/td><td class=\"column-2\"><strong>Dan McKeown<\/strong><br \/>\n<br \/>\nEmail: <a href=\"mailto:dmckeown@caubo.ca\">dmckeown@caubo.ca<\/a><br \/>\nPhone: 613-329-2934<br \/>\n<br \/>\n<strong><font color=\"#233979\">Saskatchewan<\/font><\/strong><br \/>\nUniversity of Regina - University of Saskatchewan - St. Thomas More College<br \/>\n<br \/>\n<strong><font color=\"#233979\">Manitoba<\/font><\/strong><br \/>\nBrandon University - University of Winnipeg - University of Manitoba<br \/>\n<br \/>\n<strong><font color=\"#233979\">Ontario<\/font><\/strong><br \/>\nAlgoma University - Wilfrid Laurier University - King's University College at The University of Western Ontario - Western University - Huron University College - Brock University - McMaster University - Carleton University - Ontario Tech University - Lakehead University - OCAD University - Laurentian University - Renison University College - Queen's University - University of Windsor - Northern Ontario School of Medicine - Nipissing University - St. Jerome's University - Toronto Metropolitan University - Trent University - University of Toronto - University of Guelph - University of Ottawa - University of Waterloo - York University<\/td>\n<\/tr>\n<\/tbody>\n<\/table>\n<!-- #tablepress-22 from cache -->\n","protected":false},"excerpt":{"rendered":"<p>Nos repr\u00e9sentants r\u00e9gionaux sont des administratrices et des administrateurs universitaires exp\u00e9riment\u00e9s qui ont acquis une grande connaissance du processus de n\u00e9gociation. Ils constituent la premi\u00e8re ligne de r\u00e9ponse aux demandes de renseignements et travaillent avec un groupe restreint d\u2019\u00e9tablissements qui leur est assign\u00e9, ce qui leur permet de se familiariser avec le contenu des ententes &hellip; <a href=\"https:\/\/www.caubo.ca\/fr\/sancp\/representants-regionaux\/\" class=\"more-link\">Continue reading<span class=\"screen-reader-text\"> &#8220;Repr\u00e9sentants r\u00e9gionaux&#8221;<\/span><\/a><\/p>\n","protected":false},"author":1,"featured_media":0,"parent":27597,"menu_order":5,"comment_status":"closed","ping_status":"closed","template":"","meta":{"_acf_changed":false,"footnotes":""},"tags":[],"class_list":["post-27614","page","type-page","status-publish","hentry"],"acf":[],"_links":{"self":[{"href":"https:\/\/www.caubo.ca\/fr\/wp-json\/wp\/v2\/pages\/27614","targetHints":{"allow":["GET"]}}],"collection":[{"href":"https:\/\/www.caubo.ca\/fr\/wp-json\/wp\/v2\/pages"}],"about":[{"href":"https:\/\/www.caubo.ca\/fr\/wp-json\/wp\/v2\/types\/page"}],"author":[{"embeddable":true,"href":"https:\/\/www.caubo.ca\/fr\/wp-json\/wp\/v2\/users\/1"}],"replies":[{"embeddable":true,"href":"https:\/\/www.caubo.ca\/fr\/wp-json\/wp\/v2\/comments?post=27614"}],"version-history":[{"count":0,"href":"https:\/\/www.caubo.ca\/fr\/wp-json\/wp\/v2\/pages\/27614\/revisions"}],"up":[{"embeddable":true,"href":"https:\/\/www.caubo.ca\/fr\/wp-json\/wp\/v2\/pages\/27597"}],"wp:attachment":[{"href":"https:\/\/www.caubo.ca\/fr\/wp-json\/wp\/v2\/media?parent=27614"}],"wp:term":[{"taxonomy":"post_tag","embeddable":true,"href":"https:\/\/www.caubo.ca\/fr\/wp-json\/wp\/v2\/tags?post=27614"}],"curies":[{"name":"wp","href":"https:\/\/api.w.org\/{rel}","templated":true}]}}