{"id":28745,"date":"2022-11-24T12:11:39","date_gmt":"2022-11-24T17:11:39","guid":{"rendered":"https:\/\/www.caubo.ca\/community\/member-accolades\/"},"modified":"2022-11-24T12:12:23","modified_gmt":"2022-11-24T17:12:23","slug":"member-accolades","status":"publish","type":"page","link":"https:\/\/www.caubo.ca\/fr\/community\/member-accolades\/","title":{"rendered":"Membres \u00e0 l\u2019honneur"},"content":{"rendered":"<p>Plusieurs membres de l\u2019ACPAU sont des chefs de file dans leurs domaines respectifs, ce qui leur vaut d\u2019\u00eatre r\u00e9guli\u00e8rement r\u00e9compens\u00e9s ou honor\u00e9s par d\u2019autres organismes ou associations. La pr\u00e9sente page est consacr\u00e9e \u00e0 la diffusion et \u00e0 la valorisation de ces distinctions.<\/p>\n<hr \/>\n<h3>Ron Saporta (University of Toronto) re\u00e7oit un prix Clean50 et un prix Clean16 pour sa contribution au d\u00e9veloppement durable<\/h3>\n<p><strong>Ron Saporta<\/strong>, chef de l\u2019exploitation \u00e0 la University of Toronto, figure parmi les laur\u00e9ats 2023 des prix Clean50 et Clean16 remis par le Delta Management Group. Les prix Clean50 r\u00e9compensent les leaders du d\u00e9veloppement durable au Canada dans 16 cat\u00e9gories sectorielles, tandis que les prix Clean16 viennent couronner les chefs de file de chacune de ces cat\u00e9gories. Dixit le Delta Management Group, \u00ab M. Saporta a \u00e9t\u00e9 choisi pour avoir pilot\u00e9 la mise en \u0153uvre d\u2019une strat\u00e9gie de durabilit\u00e9 au campus St. George qui vise \u00e0 ce que le campus d\u00e9passe la carboneutralit\u00e9 pour pr\u00e9senter d\u2019ici 2050 un bilan carbone n\u00e9gatif \u00bb.<\/p>\n","protected":false},"excerpt":{"rendered":"<p>Plusieurs membres de l\u2019ACPAU sont des chefs de file dans leurs domaines respectifs, ce qui leur vaut d\u2019\u00eatre r\u00e9guli\u00e8rement r\u00e9compens\u00e9s ou honor\u00e9s par d\u2019autres organismes ou associations. La pr\u00e9sente page est consacr\u00e9e \u00e0 la diffusion et \u00e0 la valorisation de ces distinctions. Ron Saporta (University of Toronto) re\u00e7oit un prix Clean50 et un prix Clean16 &hellip; <a href=\"https:\/\/www.caubo.ca\/fr\/community\/member-accolades\/\" class=\"more-link\">Continue reading<span class=\"screen-reader-text\"> &#8220;Membres \u00e0 l\u2019honneur&#8221;<\/span><\/a><\/p>\n","protected":false},"author":8,"featured_media":0,"parent":91,"menu_order":5,"comment_status":"closed","ping_status":"closed","template":"","meta":{"_acf_changed":false,"footnotes":""},"tags":[],"class_list":["post-28745","page","type-page","status-publish","hentry"],"acf":[],"_links":{"self":[{"href":"https:\/\/www.caubo.ca\/fr\/wp-json\/wp\/v2\/pages\/28745","targetHints":{"allow":["GET"]}}],"collection":[{"href":"https:\/\/www.caubo.ca\/fr\/wp-json\/wp\/v2\/pages"}],"about":[{"href":"https:\/\/www.caubo.ca\/fr\/wp-json\/wp\/v2\/types\/page"}],"author":[{"embeddable":true,"href":"https:\/\/www.caubo.ca\/fr\/wp-json\/wp\/v2\/users\/8"}],"replies":[{"embeddable":true,"href":"https:\/\/www.caubo.ca\/fr\/wp-json\/wp\/v2\/comments?post=28745"}],"version-history":[{"count":0,"href":"https:\/\/www.caubo.ca\/fr\/wp-json\/wp\/v2\/pages\/28745\/revisions"}],"up":[{"embeddable":true,"href":"https:\/\/www.caubo.ca\/fr\/wp-json\/wp\/v2\/pages\/91"}],"wp:attachment":[{"href":"https:\/\/www.caubo.ca\/fr\/wp-json\/wp\/v2\/media?parent=28745"}],"wp:term":[{"taxonomy":"post_tag","embeddable":true,"href":"https:\/\/www.caubo.ca\/fr\/wp-json\/wp\/v2\/tags?post=28745"}],"curies":[{"name":"wp","href":"https:\/\/api.w.org\/{rel}","templated":true}]}}