{"id":3222,"date":"2016-04-15T10:26:21","date_gmt":"2016-04-15T14:26:21","guid":{"rendered":"https:\/\/www.caubo.ca\/fr\/discover-caubo\/annual-general-meeting\/"},"modified":"2025-09-09T12:39:43","modified_gmt":"2025-09-09T16:39:43","slug":"annual-general-meeting","status":"publish","type":"page","link":"https:\/\/www.caubo.ca\/fr\/discover-caubo\/annual-general-meeting\/","title":{"rendered":"Assembl\u00e9e g\u00e9n\u00e9rale annuelle de l\u2019ACPAU"},"content":{"rendered":"<p>ASSEMBL\u00c9E G\u00c9N\u00c9RALE ANNUELLE DE L\u2019ACPAU<br \/>\nLe jeudi 10 septembre 2025 \u2013 12 h HAE<br \/>\nAGA Virtuelle \u2013 GoToWebinar<\/p>\n<ol>\n<li><a href=\"https:\/\/www.caubo.ca\/fr\/2025_f_1_acpau_aga_ebauche_de_lordre_du_jour\/\" target=\"_blank\" rel=\"noopener\">Proposition d\u2019ordre du jour<\/a><\/li>\n<li><a href=\"https:\/\/www.caubo.ca\/fr\/2025_f_2_caubo_agm_2024_draft_minutes_fr\/\" target=\"_blank\" rel=\"noopener\">Proc\u00e8s-verbal de l\u2019assembl\u00e9e g\u00e9n\u00e9rale annuelle du 12 septembre 2024 (version provisoire)<\/a><\/li>\n<li><a href=\"https:\/\/www.caubo.ca\/fr\/2025_f_3_acpau_ef_31_mars_2025_sep092025\/\" target=\"_blank\" rel=\"noopener\">\u00c9tats financiers audit\u00e9s pour l\u2019exercice termin\u00e9 le 31 mars 2025<\/a><\/li>\n<li><a href=\"https:\/\/www.caubo.ca\/fr\/2025_f_4_acpau_aga_approbation_des_auditeurs_externes\/\" target=\"_blank\" rel=\"noopener\">Approbation des auditeurs externes<\/a><\/li>\n<li><a href=\"https:\/\/www.caubo.ca\/fr\/2025_f_5_acpau_aga_elections_au_conseil\/\" target=\"_blank\" rel=\"noopener\">\u00c9lections au conseil d\u2019administration<\/a><\/li>\n<\/ol>\n","protected":false},"excerpt":{"rendered":"<p>ASSEMBL\u00c9E G\u00c9N\u00c9RALE ANNUELLE DE L\u2019ACPAU Le jeudi 10 septembre 2025 \u2013 12 h HAE AGA Virtuelle \u2013 GoToWebinar Proposition d\u2019ordre du jour Proc\u00e8s-verbal de l\u2019assembl\u00e9e g\u00e9n\u00e9rale annuelle du 12 septembre 2024 (version provisoire) \u00c9tats financiers audit\u00e9s pour l\u2019exercice termin\u00e9 le 31 mars 2025 Approbation des auditeurs externes \u00c9lections au conseil d\u2019administration<\/p>\n","protected":false},"author":8,"featured_media":0,"parent":99,"menu_order":2,"comment_status":"closed","ping_status":"closed","template":"","meta":{"_acf_changed":false,"footnotes":""},"tags":[],"class_list":["post-3222","page","type-page","status-publish","hentry"],"acf":[],"_links":{"self":[{"href":"https:\/\/www.caubo.ca\/fr\/wp-json\/wp\/v2\/pages\/3222","targetHints":{"allow":["GET"]}}],"collection":[{"href":"https:\/\/www.caubo.ca\/fr\/wp-json\/wp\/v2\/pages"}],"about":[{"href":"https:\/\/www.caubo.ca\/fr\/wp-json\/wp\/v2\/types\/page"}],"author":[{"embeddable":true,"href":"https:\/\/www.caubo.ca\/fr\/wp-json\/wp\/v2\/users\/8"}],"replies":[{"embeddable":true,"href":"https:\/\/www.caubo.ca\/fr\/wp-json\/wp\/v2\/comments?post=3222"}],"version-history":[{"count":0,"href":"https:\/\/www.caubo.ca\/fr\/wp-json\/wp\/v2\/pages\/3222\/revisions"}],"up":[{"embeddable":true,"href":"https:\/\/www.caubo.ca\/fr\/wp-json\/wp\/v2\/pages\/99"}],"wp:attachment":[{"href":"https:\/\/www.caubo.ca\/fr\/wp-json\/wp\/v2\/media?parent=3222"}],"wp:term":[{"taxonomy":"post_tag","embeddable":true,"href":"https:\/\/www.caubo.ca\/fr\/wp-json\/wp\/v2\/tags?post=3222"}],"curies":[{"name":"wp","href":"https:\/\/api.w.org\/{rel}","templated":true}]}}