{"id":33116,"date":"2025-08-18T09:05:34","date_gmt":"2025-08-18T13:05:34","guid":{"rendered":"https:\/\/www.caubo.ca\/?page_id=33116"},"modified":"2025-09-17T08:21:07","modified_gmt":"2025-09-17T12:21:07","slug":"formulaire-dinscription-au-programme-caubo-leader","status":"publish","type":"page","link":"https:\/\/www.caubo.ca\/fr\/formulaire-dinscription-au-programme-caubo-leader\/","title":{"rendered":"Formulaire d\u2019inscription au programme CAUBO Leader"},"content":{"rendered":"<p><b>Date limite d\u2019inscription\u00a0: <\/b>15 septembre 2025<br \/>\n<b>Des questions?<\/b> \u00c9crivez \u00e0 <a href=\"mailto:evenements@acpau.ca\">evenements@acpau.ca<\/a><\/p>\n<p><strong>La p\u00e9riode d&#8217;envoi de propositions est close.<\/strong><\/p>\n\n","protected":false},"excerpt":{"rendered":"<p>Date limite d\u2019inscription\u00a0: 15 septembre 2025 Des questions? \u00c9crivez \u00e0 evenements@acpau.ca La p\u00e9riode d&#8217;envoi de propositions est close.<\/p>\n","protected":false},"author":1,"featured_media":0,"parent":0,"menu_order":0,"comment_status":"closed","ping_status":"closed","template":"","meta":{"_acf_changed":false,"footnotes":""},"tags":[],"class_list":["post-33116","page","type-page","status-publish","hentry"],"acf":[],"_links":{"self":[{"href":"https:\/\/www.caubo.ca\/fr\/wp-json\/wp\/v2\/pages\/33116","targetHints":{"allow":["GET"]}}],"collection":[{"href":"https:\/\/www.caubo.ca\/fr\/wp-json\/wp\/v2\/pages"}],"about":[{"href":"https:\/\/www.caubo.ca\/fr\/wp-json\/wp\/v2\/types\/page"}],"author":[{"embeddable":true,"href":"https:\/\/www.caubo.ca\/fr\/wp-json\/wp\/v2\/users\/1"}],"replies":[{"embeddable":true,"href":"https:\/\/www.caubo.ca\/fr\/wp-json\/wp\/v2\/comments?post=33116"}],"version-history":[{"count":0,"href":"https:\/\/www.caubo.ca\/fr\/wp-json\/wp\/v2\/pages\/33116\/revisions"}],"wp:attachment":[{"href":"https:\/\/www.caubo.ca\/fr\/wp-json\/wp\/v2\/media?parent=33116"}],"wp:term":[{"taxonomy":"post_tag","embeddable":true,"href":"https:\/\/www.caubo.ca\/fr\/wp-json\/wp\/v2\/tags?post=33116"}],"curies":[{"name":"wp","href":"https:\/\/api.w.org\/{rel}","templated":true}]}}