{"id":4846,"date":"2016-04-19T14:07:00","date_gmt":"2016-04-19T18:07:00","guid":{"rendered":"https:\/\/www.caubo.ca\/fr\/community\/pat-hibbitts-professional-development-bursary\/"},"modified":"2026-02-23T10:48:07","modified_gmt":"2026-02-23T15:48:07","slug":"bourse-de-perfectionnement-professionnel","status":"publish","type":"page","link":"https:\/\/www.caubo.ca\/fr\/community\/bourse-de-perfectionnement-professionnel\/","title":{"rendered":"La bourse de perfectionnement professionnel Pat Hibbitts"},"content":{"rendered":"<h3 style=\"text-align: center;\">La p\u00e9riode de soumission est termin\u00e9e pour 2026<\/h3>\n<p><strong>Boursiers Pat Hibbitts 2026<\/strong><\/p>\n<p>En la m\u00e9moire de Pat Hibbitts, membre et contributrice de longue date de l\u2019ACPAU, et pour souligner son engagement envers la formation continue, l\u2019ACPAU a cr\u00e9\u00e9 une bourse de perfectionnement professionnel \u00e0 son nom. Chaque ann\u00e9e, l\u2019ACPAU offre ainsi \u00e0 l\u2019un ou l\u2019une de ses membres une inscription gratuite au congr\u00e8s et \u00e0 un s\u00e9minaire sectoriel.<\/p>\n<p>Afin de garantir une r\u00e9partition g\u00e9ographique \u00e9quitable de cette aide financi\u00e8re, l\u2019ACPAU a d\u00e9cern\u00e9 une bourse au hasard \u00e0 une personne admissible de chacune de ses quatre grandes r\u00e9gions.<\/p>\n<p>Les boursiers de 2026 sont :<\/p>\n<ul>\n<li>Atlantique : Ank Chopra, directeur de la gestion des installations, St. Francis Xavier University<\/li>\n<li>Qu\u00e9bec : Nathan Comtois, analyste budg\u00e9taire principal, HEC Montr\u00e9al<\/li>\n<li>Ontario : Eric Hinse, directeur des activit\u00e9s de tr\u00e9sorerie et de placement, University of Guelph<\/li>\n<li>Ouest : Alishah Janmohamed, directrice de la certification et des services-conseils, Mount Royal University<\/li>\n<\/ul>\n<p>F\u00e9licitations!<\/p>\n<hr \/>\n<p>Nous avons appris en juin 2015 le d\u00e9c\u00e8s d\u2019une de nos membres les plus actives et les plus distingu\u00e9es : Patricia Hibbitts, <img loading=\"lazy\" decoding=\"async\" class=\"alignright size-full wp-image-2504\" src=\"https:\/\/www.caubo.ca\/wp-content\/uploads\/2016\/03\/Pat-Hibbitts_AwardWinner.jpg\" alt=\"Pat Hibbitts_AwardWinner\" width=\"100\" height=\"131\" \/>affectueusement surnomm\u00e9e Pat. Sa participation \u00e0 l\u2019avancement du secteur de l\u2019administration de l\u2019enseignement sup\u00e9rieur \u00e9tait in\u00e9gal\u00e9e. Elle croyait fermement en la notion d\u2019apprentissage continu et \u00e9tait une grande d\u00e9fenseure du secteur de l\u2019\u00e9ducation dans son ensemble. En effet, l\u2019\u00e9ducation passionnait Pat \u00e0 plusieurs \u00e9gards; elle adorait apprendre et partager avec d\u2019autres son savoir et son experience.<\/p>\n<p>En la m\u00e9moire de Pat, et pour souligner son engagement envers la formation continue, l\u2019ACPAU a cr\u00e9\u00e9 une bourse de perfectionnement professionnel. Ainsi, chaque ann\u00e9e, l\u2019ACPAU offrira \u00e0 l\u2019un de ses membres une inscription gratuite au congr\u00e8s (y compris \u00e0 un s\u00e9minaire sectoriel).<\/p>\n<p>Pour \u00eatre admissible \u00e0 la bourse, vous devez\u00a0:<\/p>\n<ul>\n<li>\u00eatre actuellement au service d\u2019une universit\u00e9 membre de l\u2019ACPAU dans l\u2019un des secteurs fonctionnels suivants\u00a0: gestion acad\u00e9mique, gestion des installations, finances, ressources humaines, audit interne, approvisionnement, gestion des risques, fiscalit\u00e9, tr\u00e9sorerie et placements;<\/li>\n<li>avoir travaill\u00e9 trois ans ou moins en milieu universitaire (au moment d\u2019envoyer la candidature);<\/li>\n<li>n\u2019avoir jamais assist\u00e9 au congr\u00e8s annuel de l\u2019ACPAU.<\/li>\n<\/ul>\n<p>Vous pouvez soumettre votre candidature vous-m\u00eame ou demander \u00e0 votre sup\u00e9rieur de le faire; cela dit, tous les formulaires de candidature doivent \u00eatre sign\u00e9s par un sup\u00e9rieur afin d\u2019autoriser le boursier \u00e0 participer au congr\u00e8s.<\/p>\n\n","protected":false},"excerpt":{"rendered":"<p>La p\u00e9riode de soumission est termin\u00e9e pour 2026 Boursiers Pat Hibbitts 2026 En la m\u00e9moire de Pat Hibbitts, membre et contributrice de longue date de l\u2019ACPAU, et pour souligner son engagement envers la formation continue, l\u2019ACPAU a cr\u00e9\u00e9 une bourse de perfectionnement professionnel \u00e0 son nom. Chaque ann\u00e9e, l\u2019ACPAU offre ainsi \u00e0 l\u2019un ou l\u2019une &hellip; <a href=\"https:\/\/www.caubo.ca\/fr\/community\/bourse-de-perfectionnement-professionnel\/\" class=\"more-link\">Continue reading<span class=\"screen-reader-text\"> &#8220;La bourse de perfectionnement professionnel Pat Hibbitts&#8221;<\/span><\/a><\/p>\n","protected":false},"author":1,"featured_media":0,"parent":91,"menu_order":5,"comment_status":"closed","ping_status":"closed","template":"","meta":{"_acf_changed":false,"footnotes":""},"tags":[],"class_list":["post-4846","page","type-page","status-publish","hentry"],"acf":[],"_links":{"self":[{"href":"https:\/\/www.caubo.ca\/fr\/wp-json\/wp\/v2\/pages\/4846","targetHints":{"allow":["GET"]}}],"collection":[{"href":"https:\/\/www.caubo.ca\/fr\/wp-json\/wp\/v2\/pages"}],"about":[{"href":"https:\/\/www.caubo.ca\/fr\/wp-json\/wp\/v2\/types\/page"}],"author":[{"embeddable":true,"href":"https:\/\/www.caubo.ca\/fr\/wp-json\/wp\/v2\/users\/1"}],"replies":[{"embeddable":true,"href":"https:\/\/www.caubo.ca\/fr\/wp-json\/wp\/v2\/comments?post=4846"}],"version-history":[{"count":0,"href":"https:\/\/www.caubo.ca\/fr\/wp-json\/wp\/v2\/pages\/4846\/revisions"}],"up":[{"embeddable":true,"href":"https:\/\/www.caubo.ca\/fr\/wp-json\/wp\/v2\/pages\/91"}],"wp:attachment":[{"href":"https:\/\/www.caubo.ca\/fr\/wp-json\/wp\/v2\/media?parent=4846"}],"wp:term":[{"taxonomy":"post_tag","embeddable":true,"href":"https:\/\/www.caubo.ca\/fr\/wp-json\/wp\/v2\/tags?post=4846"}],"curies":[{"name":"wp","href":"https:\/\/api.w.org\/{rel}","templated":true}]}}