{"id":502,"date":"2016-02-23T11:23:45","date_gmt":"2016-02-23T16:23:45","guid":{"rendered":"https:\/\/www.caubo.ca\/fr\/member-login\/"},"modified":"2025-02-19T08:25:03","modified_gmt":"2025-02-19T13:25:03","slug":"member-login","status":"publish","type":"page","link":"https:\/\/www.caubo.ca\/fr\/member-login\/","title":{"rendered":"Member Login \/ Acc\u00e8s membre"},"content":{"rendered":"<p><span class=\"loggedout\">Cette information n&#8217;est accessible qu&#8217;aux <a href=\"https:\/\/www.caubo.ca\/fr\/discover-caubo\/am-i-a-caubo-member\/\" target=\"_blank\" rel=\"noopener noreferrer\">membres de l&#8217;ACPAU<\/a>. Veuillez vous connecter pour la consulter.<\/span><\/p>\n<p><span class=\"loggedout\">L\u2019ACPAU a con\u00e7u ses ressources analytiques et de perfectionnement professionnel en fonction de l\u2019expertise et des int\u00e9r\u00eats des <strong>administrateurs du secteur de l\u2019enseignement sup\u00e9rieur<\/strong>. Ces ressources sont donc seulement accessibles au personnel administratif des \u00e9tablissements membres qui travaillent au sein d\u2019unit\u00e9s fonctionnelles relevant directement ou indirectement du vice-recteur aux finances et \u00e0 l\u2019administration (finances, tr\u00e9sorerie, approvisionnement, ressources humaines, audit interne, gestion des installations, gestion des risques) ainsi qu\u2019aux personnel administratif des unit\u00e9s acad\u00e9miques qui ont ces responsabilit\u00e9s sectorielles dans une facult\u00e9 ou un d\u00e9partement.<\/span><\/p>\n<p><span class=\"loggedout\">Si d\u2019autres membres du personnel ou du corps professoral souhaitent consulter ces ressources, ils doivent en faire la demande, puisqu\u2019une autorisation du vice-recteur aux finances et \u00e0 l\u2019administration (ou de la personne occupant un poste \u00e9quivalent) est requise.<\/span><\/p>\n<p><span class=\"loggedout\">Gr\u00e2ce aux tarifs pr\u00e9f\u00e9rentiels offerts au personnel des \u00e9tablissements membres, les membres de l\u2019ACPAU ont acc\u00e8s \u00e0 des rabais sur des services tels que l\u2019h\u00e9bergement, la location de voitures, les services de d\u00e9m\u00e9nagement et les voyages en train. <strong><em>Ces tarifs s\u2019appliquent \u00e0 l\u2019ensemble du personnel administratif et facultaire des coll\u00e8ges et des universit\u00e9s membres de l\u2019ACPAU, tant pour un usage personnel que professionnel.<\/em><\/strong><\/span><\/p>\n<p><span class=\"loggedin\">Cette information n\u2019est accessible qu&#8217;\u00e0 <a href=\"https:\/\/www.caubo.ca\/fr\/discover-caubo\/am-i-a-caubo-member\/\" target=\"_blank\" rel=\"noopener\">certains membres de l\u2019ACPAU<\/a>. Si vous \u00eates bien connect\u00e9 et que vous pensez que vous devriez y avoir acc\u00e8s, veuillez \u00e9crire \u00e0 <a href=\"mailto:CAUBO-ACPAU@caubo.ca\">CAUBO-ACPAU@caubo.ca<\/a>.<\/span><\/p>\n<div id=\"membee-error-message\" style=\"display: none;\">Invalide nom d&#8217;utilisateur et mot de passe combinaison.<\/div>\n<script src=\"https:\/\/memberservices.membee.com\/feeds\/Login\/LoginFrameScript.ashx?clientid=880&#038;appid=1542&#038;destURL=https%3A%2F%2Fwww.caubo.ca%2Ffr%2Fwp-json%2Fwp%2Fv2%2Fpages%2F502\" type=\"text\/javascript\"><\/script>\n","protected":false},"excerpt":{"rendered":"<p>Cette information n&#8217;est accessible qu&#8217;aux membres de l&#8217;ACPAU. Veuillez vous connecter pour la consulter. L\u2019ACPAU a con\u00e7u ses ressources analytiques et de perfectionnement professionnel en fonction de l\u2019expertise et des int\u00e9r\u00eats des administrateurs du secteur de l\u2019enseignement sup\u00e9rieur. Ces ressources sont donc seulement accessibles au personnel administratif des \u00e9tablissements membres qui travaillent au sein d\u2019unit\u00e9s &hellip; <a href=\"https:\/\/www.caubo.ca\/fr\/member-login\/\" class=\"more-link\">Continue reading<span class=\"screen-reader-text\"> &#8220;Member Login \/ Acc\u00e8s membre&#8221;<\/span><\/a><\/p>\n","protected":false},"author":1,"featured_media":0,"parent":0,"menu_order":16,"comment_status":"closed","ping_status":"closed","template":"memberlogin.php","meta":{"_acf_changed":false,"footnotes":""},"tags":[],"class_list":["post-502","page","type-page","status-publish","hentry"],"acf":[],"_links":{"self":[{"href":"https:\/\/www.caubo.ca\/fr\/wp-json\/wp\/v2\/pages\/502","targetHints":{"allow":["GET"]}}],"collection":[{"href":"https:\/\/www.caubo.ca\/fr\/wp-json\/wp\/v2\/pages"}],"about":[{"href":"https:\/\/www.caubo.ca\/fr\/wp-json\/wp\/v2\/types\/page"}],"author":[{"embeddable":true,"href":"https:\/\/www.caubo.ca\/fr\/wp-json\/wp\/v2\/users\/1"}],"replies":[{"embeddable":true,"href":"https:\/\/www.caubo.ca\/fr\/wp-json\/wp\/v2\/comments?post=502"}],"version-history":[{"count":0,"href":"https:\/\/www.caubo.ca\/fr\/wp-json\/wp\/v2\/pages\/502\/revisions"}],"wp:attachment":[{"href":"https:\/\/www.caubo.ca\/fr\/wp-json\/wp\/v2\/media?parent=502"}],"wp:term":[{"taxonomy":"post_tag","embeddable":true,"href":"https:\/\/www.caubo.ca\/fr\/wp-json\/wp\/v2\/tags?post=502"}],"curies":[{"name":"wp","href":"https:\/\/api.w.org\/{rel}","templated":true}]}}