{"id":6255,"date":"2016-04-06T14:08:06","date_gmt":"2016-04-06T18:08:06","guid":{"rendered":"https:\/\/www.caubo.ca\/fr\/discover-caubo\/caubo-privacy-policy\/"},"modified":"2024-08-20T15:39:22","modified_gmt":"2024-08-20T19:39:22","slug":"caubo-privacy-policy","status":"publish","type":"page","link":"https:\/\/www.caubo.ca\/fr\/discover-caubo\/caubo-privacy-policy\/","title":{"rendered":"Politique de confidentialit\u00e9 de l\u2019ACPAU"},"content":{"rendered":"<div class=\"content clear-block\">\n<p><strong><em>Derni\u00e8res modifications apport\u00e9es le 23 janvier 2013<\/em><\/strong><\/p>\n<h1><strong>POLITIQUE DE CONFIDENTIALIT\u00c9 ET PROC\u00c9DURES CONNEXES<\/strong><\/h1>\n<p>L\u2019Association canadienne du personnel administratif universitaire (\u00ab\u00a0L\u2019ACPAU\u00a0\u00bb, \u00ab\u00a0nous\u00a0\u00bb) respecte la vie priv\u00e9e de ses membres, de ses directeurs, de ses clients, de ses partenaires, de ses employ\u00e9s, de ses fournisseurs, des candidats \u00e0 un emploi, des utilisateurs du site Web et des applications de l\u2019ACPAU, des autres parties prenantes et de toutes autres personnes au sujet desquelles elle recueille des renseignements personnels. L\u2019ACPAU met tout en \u0153uvre pour prot\u00e9ger les renseignements personnels qui sont en sa possession ou dont elle a le contr\u00f4le.<\/p>\n<p>En mati\u00e8re de protection de la vie priv\u00e9e, l\u2019ACPAU est assujettie \u00e0 la loi f\u00e9d\u00e9rale intitul\u00e9e <em>Loi sur la protection des renseignements personnels et les documents \u00e9lectroniques.<\/em> La pr\u00e9sente politique (la \u00ab\u00a0Politique\u00a0\u00bb) d\u00e9crit la fa\u00e7on dont nous g\u00e9rons vos renseignements personnels et prot\u00e9geons votre vie priv\u00e9e.<\/p>\n<p>Cette politique ne s\u2019applique pas aux pratiques en vigueur dans les entreprises et autres entit\u00e9s dont l\u2019ACPAU n\u2019a pas le contr\u00f4le. La politique ne s\u2019applique pas \u00e0 l\u2019information concernant les soci\u00e9t\u00e9s ni les autres entit\u00e9s qui ne sont pas des particuliers.<\/p>\n<p>L\u2019ACPAU publie des d\u00e9cisions et d\u2019autres documents qui lui sont transmis par les membres, sous la forme fournie, y compris les renseignements personnels. Ces d\u00e9cisions et documents sont publics. L\u2019ACPAU ne modifie pas le contenu des documents en ce qui a trait aux renseignements personnels, sauf lorsqu\u2019elle doit se conformer \u00e0 des ordonnances juridictionnelles ou aux exigences dict\u00e9es par le membre ayant fourni la d\u00e9cision ou le document.<\/p>\n<h2><strong>1. \u00c9NONC\u00c9 DE POLITIQUE<\/strong><\/h2>\n<p>L\u2019ACPAU s\u2019engage \u00e0 prot\u00e9ger et \u00e0 sauvegarder les renseignements personnels qu\u2019elle recueille dans le cadre de ses divers projets et activit\u00e9s. Pr\u00e9server la confiance des membres, des directeurs, des clients, des partenaires, des employ\u00e9s, des fournisseurs, des candidats \u00e0 un emploi, des utilisateurs du site Web et des applications de l\u2019ACPAU, des autres parties prenantes et de toutes autres personnes au sujet desquelles elle recueille des renseignements personnels constitue un souci constant.<\/p>\n<p>Devant la croissance des m\u00e9dias \u00e9lectroniques, il est devenu n\u00e9cessaire de prendre des mesures pour prot\u00e9ger la vie priv\u00e9e des personnes.<\/p>\n<p>L\u2019ACPAU fait des efforts raisonnables pour voir \u00e0 ce que les renseignements personnels qui lui sont confi\u00e9s soient prot\u00e9g\u00e9s et ne soient pas utilis\u00e9s \u00e0 d\u2019autres fins que celles qui sont requises pour fournir ses services ou qui sont d\u00e9crites dans la Politique. Les pratiques en mati\u00e8re de protection des renseignements personnels adopt\u00e9es par l\u2019ACPAU lui permettent d\u2019\u00eatre transparente et de rendre compte de la fa\u00e7on dont elle traite les renseignements qui lui sont communiqu\u00e9s.<\/p>\n<p>L\u2019ACPAU s\u2019engage \u00e0 continuer de revoir sa Politique pour veiller \u00e0 ce qu\u2019elle demeure pertinente et \u00e0 jour compte tenu de l\u2019\u00e9volution des normes de l\u2019industrie, des technologies et des lois. Par cons\u00e9quent, l\u2019ACPAU peut modifier cette Politique de temps \u00e0 autre et les changements entreront en vigueur \u00e0 la date de r\u00e9vision.<\/p>\n<h2><strong>2.\u00a0<\/strong><strong>PRINCIPES RELATIFS \u00c0 LA PROTECTION DE LA VIE PRIV\u00c9E<\/strong><\/h2>\n<h3><strong>Premier principe\u00a0: Responsabilit\u00e9<\/strong><\/h3>\n<p>Chaque employ\u00e9 ou fournisseur de l\u2019ACPAU est responsable de la protection des renseignements personnels dont il a le contr\u00f4le et doit veiller au respect de la Politique. L\u2019ACPAU a d\u00e9sign\u00e9 un coordonnateur de la protection des renseignements personnels pour veiller au respect de la Politique et des lois applicables.<\/p>\n<h3><strong>Deuxi\u00e8me principe\u00a0: D\u00e9termination des fins de la collecte<\/strong><\/h3>\n<p>Les fins auxquelles les renseignements personnels sont recueillis, utilis\u00e9s ou communiqu\u00e9s par l\u2019ACPAU sont d\u00e9finies dans la Politique; elles peuvent aussi \u00eatre d\u00e9finies avant la collecte ou au moment de celle-ci (ou dans certains cas apr\u00e8s celle-ci).<\/p>\n<h3><strong>Troisi\u00e8me principe : Consentement<\/strong><\/h3>\n<p>Lorsque vous nous transmettez des renseignements personnels, soit en devenant membre de l\u2019ACPAU, en utilisant les services de l\u2019ACPAU ou en lui fournissant des services, vous consentez volontairement \u00e0 ce que ces renseignements soient recueillis, utilis\u00e9s et communiqu\u00e9s tel qu\u2019il est pr\u00e9vu dans la Politique. Sans restreindre la port\u00e9e de ce qui pr\u00e9c\u00e8de, nous pouvons \u00e0 l\u2019occasion, dans des circonstances pr\u00e9cises, demander votre consentement au moment de recueillir, d\u2019utiliser ou de communiquer vos renseignements personnels, auquel cas il se peut que nous demandions votre consentement \u00e9crit, bien que dans certaines circonstances nous puissions accepter votre consentement verbal. Parfois votre consentement sera implicite si les fins de la collecte, de l\u2019utilisation ou de la communication sont \u00e9videntes et que vous fournissez volontairement l\u2019information. De plus, nous pouvons recueillir, utiliser et communiquer des renseignements personnels sans votre consentement lorsque la loi l\u2019exige ou l\u2019autorise.<\/p>\n<h3><strong>Quatri\u00e8me principe : Limitation de la collecte<\/strong><\/h3>\n<p>La collecte se limitera aux renseignements personnels qui sont n\u00e9cessaires aux fins d\u00e9termin\u00e9es ou aux fins exig\u00e9es ou autoris\u00e9es par la loi. Les renseignements personnels seront recueillis de mani\u00e8re honn\u00eate et licite.<\/p>\n<h3><strong>Cinqui\u00e8me principe\u00a0: Limitation de l\u2019utilisation, de la communication et de la conservation des renseignements personnels<\/strong><\/h3>\n<p>Les renseignements personnels ne seront pas utilis\u00e9s ni communiqu\u00e9s \u00e0 d\u2019autres fins que celles auxquelles ils ont \u00e9t\u00e9 recueillis \u00e0 moins que la personne concern\u00e9e n\u2019y consente ou que la loi ne l\u2019exige ou ne l\u2019autorise; les renseignements personnels ne seront conserv\u00e9s que le temps n\u00e9cessaire \u00e0 la r\u00e9alisation des fins determines.<\/p>\n<h3><strong>Sixi\u00e8me principe\u00a0: Exactitude<\/strong><\/h3>\n<p>L\u2019ACPAU fera des efforts raisonnables pour conserver des renseignements personnels aussi exacts, complets et \u00e0 jour que l\u2019exigent les fins auxquelles ils sont destin\u00e9s. Toutefois, l\u2019ACPAU compte sur les personnes pour qu\u2019elles communiquent tout renseignement personnel important et tout changement \u00e0 ce sujet. Toute personne pourra, sur pr\u00e9sentation d\u2019une preuve d\u2019admissibilit\u00e9, avoir acc\u00e8s aux renseignements personnels en possession de l\u2019Association et, au besoin demander des corrections \u00e0 ces renseignements.<\/p>\n<h3><strong>Septi\u00e8me principe\u00a0: Mesures de s\u00e9curit\u00e9<\/strong><\/h3>\n<p>L\u2019ACPAU fera des efforts raisonnables pour prot\u00e9ger les renseignements personnels contre tout acc\u00e8s, toute modification ou toute communication non autoris\u00e9s au moyen de mesures de s\u00e9curit\u00e9 appropri\u00e9es selon leur degr\u00e9 de sensibilit\u00e9.<\/p>\n<h3><strong>Huiti\u00e8me principe\u00a0: Transparence<\/strong><\/h3>\n<p>L\u2019ACPAU fera en sorte que des renseignements pr\u00e9cis sur ses politiques et ses pratiques concernant la gestion des renseignements personnels soient facilement accessibles.<\/p>\n<h3><strong>Neuvi\u00e8me principe\u00a0: Acc\u00e8s aux renseignements personnels<\/strong><\/h3>\n<p>Toute personne qui en fait la demande par \u00e9crit sera inform\u00e9e de l\u2019existence de renseignements personnels qui la concernent, de l\u2019usage qui en est fait et du fait qu\u2019ils ont \u00e9t\u00e9 communiqu\u00e9s \u00e0 des tiers, et lui permettra de les consulter, \u00e0 moins que la loi ne l\u2019exige pas ou qu\u2019elle l\u2019interdise. Il sera aussi possible de contester l\u2019exactitude et l\u2019int\u00e9gralit\u00e9 des renseignements et d\u2019y faire apporter les corrections appropri\u00e9es.<\/p>\n<p>Vos droits d\u2019acc\u00e8s \u00e0 vos renseignements personnels ne sont pas absolus. Nous pouvons refuser l\u2019acc\u00e8s lorsque le refus est exig\u00e9 ou autoris\u00e9 par la loi, lorsque le fait de vous autoriser l\u2019acc\u00e8s aurait des r\u00e9percussions d\u00e9raisonnables sur la protection des renseignements personnels d\u2019autrui, lorsque c\u2019est dans le but de prot\u00e9ger les droits et les biens de l\u2019ACPAU ou que la demande est futile ou vexatoire. Si nous refusons une demande de votre part au sujet de l\u2019acc\u00e8s \u00e0 vos renseignements personnels ou d\u2019une correction, nous vous en expliquerons les motifs.<\/p>\n<h3><strong>Dixi\u00e8me principe\u00a0: Possibilit\u00e9 de porter plainte \u00e0 l\u2019\u00e9gard du non-respect des principes<\/strong><\/h3>\n<p>Toute personne peut faire part de ses pr\u00e9occupations quant au respect de la Politique ou porter plainte \u00e0 ce sujet en s\u2019adressant au coordonnateur de la protection des renseignements personnels.<\/p>\n<h2><strong>3.\u00a0<\/strong><strong>D\u00c9FINITION<\/strong><\/h2>\n<p>Par \u00ab\u00a0renseignements personnels\u00a0\u00bb, on entend\u00a0les renseignements concernant un individu identifiable, tel qu\u2019il est d\u00e9fini dans toute loi applicable en mati\u00e8re de protection de la vie, notamment\u00a0: l\u2019adresse courriel personnelle d\u2019une personne, ses num\u00e9ros de cartes de cr\u00e9dit, son adresse domiciliaire, etc. Cela n\u2019inclut pas les coordonn\u00e9es qui, tel qu\u2019il est d\u00e9fini dans les lois applicables, permettent de joindre une personne \u00e0 son lieu de travail, par exemple le nom, le titre, l\u2019adresse ou le num\u00e9ro de t\u00e9l\u00e9phone au travail d\u2019un employ\u00e9 ou d\u2019une organisation, ou tout autre renseignement qui correspond \u00e0 cette d\u00e9finition en vertu des lois sur la protection des renseignements personnels.<\/p>\n<h2><strong>4. PROC\u00c9DURE<\/strong><\/h2>\n<h3><strong>a) Application<\/strong><\/h3>\n<p>La Politique s\u2019applique tant aux renseignements personnels actuellement en la possession de l\u2019ACPAU qu\u2019\u00e0 ceux qui le deviendront, et cela s\u2019applique \u00e0 tous les membres, directeurs, clients, partenaires, employ\u00e9s, fournisseurs, candidats \u00e0 un emploi, utilisateurs du site Web et des applications de l\u2019ACPAU, autres parties prenantes et toute autre personne au sujet de laquelle l\u2019ACPAU recueille des renseignements personnels. Tous les employ\u00e9s et fournisseurs de l\u2019ACPAU sont tenus de pr\u00e9server la confidentialit\u00e9 des renseignements personnels en vertu de leur lien d\u2019employ\u00e9 ou de fournisseur.<\/p>\n<h3><strong>b) Responsabilit\u00e9<\/strong><\/h3>\n<p>Le coordonnateur de la protection des renseignements personnels de l\u2019ACPAU rel\u00e8ve de la direction g\u00e9n\u00e9rale de l\u2019ACPAU et a la responsabilit\u00e9 de voir \u00e0 ce que l\u2019ACPAU se conforme \u00e0 toutes les lois relatives \u00e0 la protection des renseignements personnels ainsi qu\u2019\u00e0 la Politique; il contribue \u00e0 rehausser la r\u00e9putation de l\u2019ACPAU quant \u00e0 ses pratiques en mati\u00e8re de protection de la vie priv\u00e9e. La direction de l\u2019ACPAU a la responsabilit\u00e9 de se familiariser avec la Politique et la protection offerte en vertu de la l\u00e9gislation applicable dans ce domaine.<\/p>\n<p>Tout employ\u00e9 ou fournisseur de l\u2019ACPAU est \u00e9galement responsable de la protection des renseignements personnels dont il a le contr\u00f4le et doit veiller au respect de la Politique.<\/p>\n<h3><strong>c) Collecte, utilisation et communication de renseignements personnels<\/strong><\/h3>\n<p>La Politique couvre le traitement des renseignements personnels que nous recueillons, soit par l\u2019entremise de nos communications ou de nos interactions avec vous (comme les courriels, les conversations t\u00e9l\u00e9phoniques, les rencontres en personne ou la correspondance) soit par l\u2019entremise de notre site Web. La Politique couvre aussi la fa\u00e7on dont nous traitons les renseignements qui nous sont transmis par des tiers.<\/p>\n<p>Parfois, nous pouvons recueillir des renseignements personnels \u00e0 votre sujet aupr\u00e8s d\u2019autres sources, sous r\u00e9serve que ces sources nous confirment qu\u2019elles sont autoris\u00e9es \u00e0 le faire, que ces renseignements soient publics ou que leur collecte soit exig\u00e9e ou autoris\u00e9e par la loi. Comme exemples de collectes aupr\u00e8s de telles sources, citons la collecte de coordonn\u00e9es, de publications et de r\u00e9f\u00e9rences accessibles au public, ou encore la collecte aupr\u00e8s d\u2019organismes ou de registres gouvernementaux ou de bureaux de cr\u00e9dit.<\/p>\n<p>L\u2019ACPAU recueille, utilise et communique des renseignements personnels aux fins suivantes\u00a0:<\/p>\n<ul>\n<li>conform\u00e9ment au consentement donn\u00e9 par la personne \u00e0 laquelle l\u2019information se rapporte;<\/li>\n<li>pour administrer et constituer votre compte aupr\u00e8s de l\u2019ACPAU, si vous en avez un;<\/li>\n<li>pour fournir les produits et services de l\u2019ACPAU que vous avez demand\u00e9s ou auxquels vous avez droit \u00e0 titre de membre de l\u2019ACPAU;<\/li>\n<li>pour administrer et g\u00e9rer les activit\u00e9s et affaires de l\u2019ACPAU, y compris en ce qui a trait au personnel, \u00e0 l\u2019emploi, aux avantages sociaux et aux programmes;<\/li>\n<li>pour administrer et g\u00e9rer nos relations commerciales;<\/li>\n<li>pour mettre en march\u00e9 de nouveaux services que nous jugeons d\u2019int\u00e9r\u00eat pour vous;<\/li>\n<li>pour des d\u00e9marches li\u00e9es \u00e0 une actuelle ou \u00e9ventuelle r\u00e9organisation ou fusion avec une autre entit\u00e9, sous r\u00e9serve que les renseignements personnels communiqu\u00e9s continuent d\u2019\u00eatre utilis\u00e9s par l\u2019acqu\u00e9reur soit \u00e0 des fins d\u2019\u00e9valuation de la transaction possible, soit, apr\u00e8s conclusion d\u2019une telle transaction, aux fins autoris\u00e9es en vertu de la Politique;<\/li>\n<li>parce que la loi l\u2019exige ou l\u2019autorise.<\/li>\n<\/ul>\n<p>Dans certaines circonstances, l\u2019ACPAU communiquera vos renseignements personnels\u00a0:<\/p>\n<ul>\n<li>lorsque vous aurez consenti \u00e0 cette communication de renseignements;<\/li>\n<li>pour s\u2019acquitter des fins auxquelles les renseignements personnels ont \u00e9t\u00e9 recueillis;<\/li>\n<li>lorsque les produits ou services que nous vous fournissons exigent que nous communiquions les renseignements \u00e0 des tiers;<\/li>\n<li>lorsque ces renseignements sont n\u00e9cessaires pour d\u00e9terminer ou percevoir des droits;<\/li>\n<li>si ces renseignements sont d\u00e9j\u00e0 publics;<\/li>\n<li>lorsque la loi l\u2019exige ou l\u2019autorise.<\/li>\n<li>Les renseignements personnels ne doivent pas \u00eatre utilis\u00e9s par les employ\u00e9s ou les fournisseurs de l\u2019ACPAU \u00e0 d\u2019autres fins que celles qui sont n\u00e9cessaires \u00e0 l\u2019ex\u00e9cution de leurs fonctions.<\/li>\n<\/ul>\n<p>Parfois, l\u2019ACPAU fait appel \u00e0 des ressources externes pour ex\u00e9cuter en son nom certaines fonctions de soutien li\u00e9es \u00e0 ses services ou \u00e0 ses activit\u00e9s. De telles fonctions peuvent inclure, sans en exclure d\u2019autres, les services relatifs \u00e0 la paie et aux avantages sociaux, le traitement des paiements par cartes de cr\u00e9dit, les services de v\u00e9rification, les services informatiques li\u00e9s au mat\u00e9riel, aux applications ou aux syst\u00e8mes, ou le stockage des archives. Par cons\u00e9quent, des renseignements personnels seront fournis \u00e0 ces ressources externes dans la mesure n\u00e9cessaire \u00e0 l\u2019ex\u00e9cution de leurs fonctions sp\u00e9cifiques.<\/p>\n<p>Dans la mesure o\u00f9 c\u2019est r\u00e9alisable sur le plan commercial, l\u2019ACPAU fera tous les efforts raisonnables, soit par l\u2019entremise d\u2019instructions ou d\u2019ententes, pour obliger les ressources externes \u00e0 utiliser les renseignements personnels aux fins pr\u00e9vues et \u00e0 prendre des mesures pour les prot\u00e9ger.<\/p>\n<p>L\u2019ACPAU ne vend pas ses listes de membres ni d\u2019autres renseignements personnels. Toutefois, nous communiquons certains renseignements au sujet de nos membres comme suit\u00a0:<\/p>\n<ul>\n<li>De temps \u00e0 autre, nous pouvons fournir une liste des \u00e9tablissements membres de l\u2019ACPAU ou qui lui sont affili\u00e9s (universit\u00e9s, coll\u00e8ges, coll\u00e8ges communautaires) y compris les coordonn\u00e9es de ces membres \u00e0 nos membres corporatifs afin que ces derniers aient l\u2019occasion de proposer \u00e0 nos membres des biens et services pouvant les int\u00e9resser.<\/li>\n<li>Nous fournissons la liste des participants au congr\u00e8s aux commanditaires de cette activit\u00e9, \u00e0 l\u2019exception des participants qui, pendant le processus d\u2019inscription, ont demand\u00e9 que leur nom ne figure pas sur cette liste.<\/li>\n<\/ul>\n<h3><strong>d) Respect de la Politique<\/strong><\/h3>\n<p>Toute question, pr\u00e9occupation, plainte ou demande relative \u00e0 la Politique doit \u00eatre transmise \u00e0\u00a0la personne suivante\u00a0:<\/p>\n<p>Coordonnateur de la protection des renseignements personnels<br \/>\nBureau national de l\u2019ACPAU<br \/>\n1610-350, rue Albert<br \/>\nOttawa, ON K1R 1A4<br \/>\n613-230-6760<\/p>\n<h3><strong>e) Retrait du consentement<\/strong><\/h3>\n<p>Toute personne a le droit, en tout temps, de retirer son consentement en vue de la collecte, de l\u2019utilisation ou de la communication de renseignements personnels, sauf si ce retrait emp\u00eache l\u2019ACPAU de remplir ses obligations juridiques. Sur demande \u00e9crite pr\u00e9sent\u00e9e \u00e0 l\u2019ACPAU dans un d\u00e9lai raisonnable, tous les renseignements personnels que poss\u00e8de l\u2019ACPAU concernant un individu identifiable seront retir\u00e9s des dossiers et un avis quant aux r\u00e9percussions de ce retrait sera transmis \u00e0 la personne concern\u00e9e. Nonobstant ce qui pr\u00e9c\u00e8de, si vous retirez votre consentement, l\u2019ACPAU se r\u00e9serve tout de m\u00eame le droit de conserver, de recueillir, d\u2019utiliser et de communiquer des renseignements personnels sans votre consentement lorsque la loi l\u2019exige ou l\u2019autorise.<\/p>\n<h3><strong>f) Refus<\/strong><\/h3>\n<p>Vous pouvez choisir de ne pas recevoir certains renseignements et documents promotionnels ou documents de marketing de la part de l\u2019ACPAU. Pour ce faire, communiquez avec nous \u00e0 l\u2019adresse fournie \u00e0 la fin de la Politique. Nonobstant ce qui pr\u00e9c\u00e8de, si vous exercez votre droit de refus, l\u2019ACPAU se r\u00e9serve tout de m\u00eame le droit de conserver, de recueillir, d\u2019utiliser et de communiquer des renseignements personnels sans votre consentement lorsque la loi l\u2019exige ou l\u2019autorise.<\/p>\n<h2><strong>5.\u00a0<\/strong><strong>SITE WEB ET APPLICATIONS DE L\u2019ACPAU<\/strong><\/h2>\n<p>Notre site Web et nos applications qui y donnent acc\u00e8s peuvent observer le trafic, l\u2019utilisation et d\u2019autres param\u00e8tres connexes. Nous pouvons automatiquement (c.\u2011\u00e0\u2011d. non par l\u2019entremise d\u2019une inscription) recueillir ou compiler certains renseignements non personnels lorsque vous visitez le site Web ou utilisez nos applications. Comme exemples de ce type de renseignements, citons le nombre global de visiteurs du site Web, les domaines ou pays dont les visiteurs proviennent, les pages visit\u00e9es et le contenu consult\u00e9, les navigateurs, les syst\u00e8mes d\u2019exploitation, les moteurs et les crit\u00e8res de recherche utilis\u00e9s pour visiter le site Web ainsi que les erreurs HTTP produites, les donn\u00e9es relatives au mat\u00e9riel utilis\u00e9 pour acc\u00e9der au site Web ainsi que (\u00e0 moins que vous ayez exerc\u00e9 votre droit de retrait) des donn\u00e9es de g\u00e9olocalisation. Nous utilisons ces renseignements pour optimiser notre site Web et nos applications ainsi que pour en effectuer la maintenance et en \u00e9valuer l\u2019utilisation. Nous pourrions communiquer de tels renseignements \u00e0 nos fournisseurs aux m\u00eames fins, mais ces donn\u00e9es ne contiennent pas de renseignements concernant un individu identifiable. Si vous retirez votre consentement \u00e0 l\u2019\u00e9gard des utilisations de renseignements d\u00e9crites dans le pr\u00e9sent paragraphe, votre seul recours est de cesser d\u2019utiliser notre site Web et nos applications.<\/p>\n<h3><em>T\u00e9moins (\u00ab\u00a0cookies\u00a0\u00bb)<\/em><\/h3>\n<p>Un t\u00e9moin (\u00ab\u00a0cookie\u00a0\u00bb) est une petite quantit\u00e9 de texte transmise par un serveur Web \u00e0 votre navigateur et stock\u00e9e sur le disque dur de votre ordinateur. En configurant votre navigateur pour qu\u2019il accepte les t\u00e9moins, vous acceptez que votre navigateur ajoute le texte dans un petit fichier. L\u2019ACPAU utilise les t\u00e9moins pour savoir que vous avez d\u00e9j\u00e0 visit\u00e9 le site auparavant. Les t\u00e9moins servent uniquement \u00e0 simplifier et \u00e0 am\u00e9liorer vos visites sur notre site Web.<\/p>\n<h2><strong>6.\u00a0<\/strong><strong>DONN\u00c9ES DE PAIEMENT<\/strong><\/h2>\n<p>Toutes les donn\u00e9es concernant les cartes de cr\u00e9dit sont recueillies puis transmises au partenaire de paiement de l\u2019ACPAU, qui s\u2019en sert exclusivement pour approuver et traiter les paiements. Ce partenaire est Moneris. Pour obtenir plus d\u2019information au sujet de la politique de Moneris en mati\u00e8re de protection de la vie priv\u00e9e, allez \u00e0 <a href=\"https:\/\/www.moneris.com\/fr-CA\"><u><span style=\"color: #0066cc;\">www.moneris.ca<\/span><\/u><\/a>.<\/p>\n<\/div>\n","protected":false},"excerpt":{"rendered":"<p>Derni\u00e8res modifications apport\u00e9es le 23 janvier 2013 POLITIQUE DE CONFIDENTIALIT\u00c9 ET PROC\u00c9DURES CONNEXES L\u2019Association canadienne du personnel administratif universitaire (\u00ab\u00a0L\u2019ACPAU\u00a0\u00bb, \u00ab\u00a0nous\u00a0\u00bb) respecte la vie priv\u00e9e de ses membres, de ses directeurs, de ses clients, de ses partenaires, de ses employ\u00e9s, de ses fournisseurs, des candidats \u00e0 un emploi, des utilisateurs du site Web et des &hellip; <a href=\"https:\/\/www.caubo.ca\/fr\/discover-caubo\/caubo-privacy-policy\/\" class=\"more-link\">Continue reading<span class=\"screen-reader-text\"> &#8220;Politique de confidentialit\u00e9 de l\u2019ACPAU&#8221;<\/span><\/a><\/p>\n","protected":false},"author":8,"featured_media":0,"parent":99,"menu_order":11,"comment_status":"closed","ping_status":"closed","template":"","meta":{"_acf_changed":false,"footnotes":""},"tags":[],"class_list":["post-6255","page","type-page","status-publish","hentry"],"acf":[],"_links":{"self":[{"href":"https:\/\/www.caubo.ca\/fr\/wp-json\/wp\/v2\/pages\/6255","targetHints":{"allow":["GET"]}}],"collection":[{"href":"https:\/\/www.caubo.ca\/fr\/wp-json\/wp\/v2\/pages"}],"about":[{"href":"https:\/\/www.caubo.ca\/fr\/wp-json\/wp\/v2\/types\/page"}],"author":[{"embeddable":true,"href":"https:\/\/www.caubo.ca\/fr\/wp-json\/wp\/v2\/users\/8"}],"replies":[{"embeddable":true,"href":"https:\/\/www.caubo.ca\/fr\/wp-json\/wp\/v2\/comments?post=6255"}],"version-history":[{"count":0,"href":"https:\/\/www.caubo.ca\/fr\/wp-json\/wp\/v2\/pages\/6255\/revisions"}],"up":[{"embeddable":true,"href":"https:\/\/www.caubo.ca\/fr\/wp-json\/wp\/v2\/pages\/99"}],"wp:attachment":[{"href":"https:\/\/www.caubo.ca\/fr\/wp-json\/wp\/v2\/media?parent=6255"}],"wp:term":[{"taxonomy":"post_tag","embeddable":true,"href":"https:\/\/www.caubo.ca\/fr\/wp-json\/wp\/v2\/tags?post=6255"}],"curies":[{"name":"wp","href":"https:\/\/api.w.org\/{rel}","templated":true}]}}