{"id":7641,"date":"2016-06-20T13:45:00","date_gmt":"2016-06-20T17:45:00","guid":{"rendered":"https:\/\/www.caubo.ca\/fr\/?page_id=7641"},"modified":"2024-04-17T11:55:24","modified_gmt":"2024-04-17T15:55:24","slug":"upcoming-events-calendar","status":"publish","type":"page","link":"https:\/\/www.caubo.ca\/fr\/knowledge-centre\/learningevents\/upcoming-events-calendar\/","title":{"rendered":"\u00c9v\u00e9nements \u00e0 venir"},"content":{"rendered":"<p><script src=\"https:\/\/widgets.caubo.ca\/feeds\/events\/eventscript.ashx?cid=880&#038;wid=601\" type=\"text\/javascript\"><\/script><a style='visibility: hidden;' href='https:\/\/widgets.caubo.ca\/feeds\/events\/eventscript.ashx'><\/a><\/p>\n<hr size=\"1\" \/>\n<p><span style=\"color: #339966;\"><a style=\"color: #339966;\" href=\"https:\/\/www.caubo.ca\/fr\/sign-up\/\" target=\"_blank\" rel=\"noopener noreferrer\">Cr\u00e9er un nouveau compte<\/a><\/span><\/p>\n<p><a href=\"https:\/\/www.caubo.ca\/fr\/instructions-on-how-to-login_fr_website\/\" target=\"_blank\" rel=\"noopener noreferrer\"><span style=\"color: #339966;\">Cliquez ici pour savoir comment ouvrir une session sur notre nouveau site Web : vous pourrez ainsi acc\u00e9der aux tarifs pr\u00e9f\u00e9rentiels offerts aux membres!<\/span><\/a><\/p>\n","protected":false},"excerpt":{"rendered":"<p>Cr\u00e9er un nouveau compte Cliquez ici pour savoir comment ouvrir une session sur notre nouveau site Web : vous pourrez ainsi acc\u00e9der aux tarifs pr\u00e9f\u00e9rentiels offerts aux membres!<\/p>\n","protected":false},"author":8,"featured_media":0,"parent":187,"menu_order":0,"comment_status":"closed","ping_status":"closed","template":"memberlogin.php","meta":{"_acf_changed":false,"footnotes":""},"tags":[],"class_list":["post-7641","page","type-page","status-publish","hentry"],"acf":[],"_links":{"self":[{"href":"https:\/\/www.caubo.ca\/fr\/wp-json\/wp\/v2\/pages\/7641","targetHints":{"allow":["GET"]}}],"collection":[{"href":"https:\/\/www.caubo.ca\/fr\/wp-json\/wp\/v2\/pages"}],"about":[{"href":"https:\/\/www.caubo.ca\/fr\/wp-json\/wp\/v2\/types\/page"}],"author":[{"embeddable":true,"href":"https:\/\/www.caubo.ca\/fr\/wp-json\/wp\/v2\/users\/8"}],"replies":[{"embeddable":true,"href":"https:\/\/www.caubo.ca\/fr\/wp-json\/wp\/v2\/comments?post=7641"}],"version-history":[{"count":0,"href":"https:\/\/www.caubo.ca\/fr\/wp-json\/wp\/v2\/pages\/7641\/revisions"}],"up":[{"embeddable":true,"href":"https:\/\/www.caubo.ca\/fr\/wp-json\/wp\/v2\/pages\/187"}],"wp:attachment":[{"href":"https:\/\/www.caubo.ca\/fr\/wp-json\/wp\/v2\/media?parent=7641"}],"wp:term":[{"taxonomy":"post_tag","embeddable":true,"href":"https:\/\/www.caubo.ca\/fr\/wp-json\/wp\/v2\/tags?post=7641"}],"curies":[{"name":"wp","href":"https:\/\/api.w.org\/{rel}","templated":true}]}}