{"id":805,"date":"2016-03-14T14:11:51","date_gmt":"2016-03-14T18:11:51","guid":{"rendered":"https:\/\/www.caubo.ca\/fr\/discover-caubo\/quality-productivity-awards-program\/quality-productivity-awards-application\/"},"modified":"2021-03-24T14:13:17","modified_gmt":"2021-03-24T18:13:17","slug":"quality-productivity-awards-application","status":"publish","type":"page","link":"https:\/\/www.caubo.ca\/fr\/discover-caubo\/quality-productivity-awards-program\/quality-productivity-awards-application\/","title":{"rendered":"Formulaire de nomination &#8211; prix de la qualit\u00e9 et de la productivit\u00e9"},"content":{"rendered":"<p>N\u2019oubliez pas\u00a0:<\/p>\n<ul>\n<li><strong>Le formulaire de candidature doit \u00eatre sign\u00e9 par le responsable en chef des services administratifs de l\u2019\u00e9tablissement qui soumet le dossier.<\/strong><\/li>\n<li>Mettez l\u2019accent sur l\u2019impact de votre projet et son caract\u00e8re innovant plut\u00f4t que sur la longueur de votre texte de pr\u00e9sentation.\n<ul>\n<li>Cela dit, le sommaire ne doit pas d\u00e9passer 350\u00a0mots.<\/li>\n<li>Chaque question li\u00e9e aux crit\u00e8res doit faire l\u2019objet d\u2019une r\u00e9ponse (un paragraphe maximum).<\/li>\n<\/ul>\n<\/li>\n<\/ul>\n\n","protected":false},"excerpt":{"rendered":"<p>N\u2019oubliez pas\u00a0: Le formulaire de candidature doit \u00eatre sign\u00e9 par le responsable en chef des services administratifs de l\u2019\u00e9tablissement qui soumet le dossier. Mettez l\u2019accent sur l\u2019impact de votre projet et son caract\u00e8re innovant plut\u00f4t que sur la longueur de votre texte de pr\u00e9sentation. Cela dit, le sommaire ne doit pas d\u00e9passer 350\u00a0mots. Chaque question &hellip; <a href=\"https:\/\/www.caubo.ca\/fr\/discover-caubo\/quality-productivity-awards-program\/quality-productivity-awards-application\/\" class=\"more-link\">Continue reading<span class=\"screen-reader-text\"> &#8220;Formulaire de nomination &#8211; prix de la qualit\u00e9 et de la productivit\u00e9&#8221;<\/span><\/a><\/p>\n","protected":false},"author":1,"featured_media":0,"parent":655,"menu_order":3,"comment_status":"closed","ping_status":"closed","template":"","meta":{"_acf_changed":false,"footnotes":""},"tags":[],"class_list":["post-805","page","type-page","status-publish","hentry"],"acf":[],"_links":{"self":[{"href":"https:\/\/www.caubo.ca\/fr\/wp-json\/wp\/v2\/pages\/805","targetHints":{"allow":["GET"]}}],"collection":[{"href":"https:\/\/www.caubo.ca\/fr\/wp-json\/wp\/v2\/pages"}],"about":[{"href":"https:\/\/www.caubo.ca\/fr\/wp-json\/wp\/v2\/types\/page"}],"author":[{"embeddable":true,"href":"https:\/\/www.caubo.ca\/fr\/wp-json\/wp\/v2\/users\/1"}],"replies":[{"embeddable":true,"href":"https:\/\/www.caubo.ca\/fr\/wp-json\/wp\/v2\/comments?post=805"}],"version-history":[{"count":0,"href":"https:\/\/www.caubo.ca\/fr\/wp-json\/wp\/v2\/pages\/805\/revisions"}],"up":[{"embeddable":true,"href":"https:\/\/www.caubo.ca\/fr\/wp-json\/wp\/v2\/pages\/655"}],"wp:attachment":[{"href":"https:\/\/www.caubo.ca\/fr\/wp-json\/wp\/v2\/media?parent=805"}],"wp:term":[{"taxonomy":"post_tag","embeddable":true,"href":"https:\/\/www.caubo.ca\/fr\/wp-json\/wp\/v2\/tags?post=805"}],"curies":[{"name":"wp","href":"https:\/\/api.w.org\/{rel}","templated":true}]}}