{"id":94,"date":"2016-02-01T11:46:18","date_gmt":"2016-02-01T16:46:18","guid":{"rendered":"https:\/\/www.caubo.ca\/fr\/community\/highedjobs\/"},"modified":"2021-03-24T14:00:16","modified_gmt":"2021-03-24T18:00:16","slug":"highedjobs","status":"publish","type":"page","link":"https:\/\/www.caubo.ca\/fr\/community\/highedjobs\/","title":{"rendered":"EmploisEnsSup"},"content":{"rendered":"<p>Le site <a href=\"https:\/\/www.highedjobs.ca\/?locale=fr_ca\" target=\"_blank\" rel=\"noopener noreferrer\">EmploisEnsSup.ca<\/a> offre aux employeurs du secteur de l\u2019enseignement sup\u00e9rieur une plateforme o\u00f9 trouver des candidats qualifi\u00e9s afin de pourvoir leurs postes vacants.<\/p>\n<p>Ce site sp\u00e9cialis\u00e9, tenu par Madgex au nom de l\u2019ACPAU, permet aux employeurs des universit\u00e9s, des coll\u00e8ges et des autres organisations du monde de l\u2019enseignement sup\u00e9rieur d\u2019afficher rapidement et efficacement des postes administratifs \u00e0 combler, et ainsi de les faire conna\u00eetre aupr\u00e8s de candidats partout au Canada. <a href=\"https:\/\/www.highedjobs.ca\/?locale=fr_ca\" target=\"_blank\" rel=\"noopener noreferrer\">EmploisEnsSup.ca<\/a> est la ressource par excellence pour annoncer des postes administratifs vacants dans les universit\u00e9s et coll\u00e8ges canadiens!<\/p>\n<p>La plateforme EmploisEnsSup.ca, qui a \u00e9volu\u00e9 au fil du temps, fournit des services cibl\u00e9s d\u2019affichage d\u2019offres d\u2019emploi depuis 2008. L\u2019ACPAU offre maintenant aux utilisateurs la meilleure exp\u00e9rience possible en s\u2019associant \u00e0 Madgex, un cr\u00e9ateur de logiciels de premier plan, pour proposer un site Web assorti des toutes derni\u00e8res innovations en mati\u00e8re de sites d\u2019emplois.<\/p>\n<p>Recevant plus de 1 200 visites par mois en moyenne, le site actuel permet de pourvoir de nombreux postes, notamment dans les domaines des finances, des ressources humaines, de la tr\u00e9sorerie, des installations, de la v\u00e9rification interne, de l\u2019approvisionnement, de la gestion des risques et de la fiscalit\u00e9.<\/p>\n<p><strong>\u00c0 propos de Madgex<\/strong><br \/>\nMadgex est le plus important fournisseur de technologies pour sites d\u2019emplois sur le march\u00e9; ses outils de recrutement en ligne sont utilis\u00e9s par de nombreuses marques m\u00e9diatiques parmi les plus \u00e9minentes au monde. Gr\u00e2ce aux logiciels mis au point par Madgex, ces grandes marques arrivent \u00e0 accro\u00eetre leurs recettes num\u00e9riques. Depuis plus de 15 ans, les plateformes novatrices et conviviales de Madgex permettent aux organisations de g\u00e9n\u00e9rer des revenus et aux chercheurs d\u2019emploi de d\u00e9crocher un poste \u00e0 leur mesure.<\/p>\n","protected":false},"excerpt":{"rendered":"<p>Le site EmploisEnsSup.ca offre aux employeurs du secteur de l\u2019enseignement sup\u00e9rieur une plateforme o\u00f9 trouver des candidats qualifi\u00e9s afin de pourvoir leurs postes vacants. Ce site sp\u00e9cialis\u00e9, tenu par Madgex au nom de l\u2019ACPAU, permet aux employeurs des universit\u00e9s, des coll\u00e8ges et des autres organisations du monde de l\u2019enseignement sup\u00e9rieur d\u2019afficher rapidement et efficacement des &hellip; <a href=\"https:\/\/www.caubo.ca\/fr\/community\/highedjobs\/\" class=\"more-link\">Continue reading<span class=\"screen-reader-text\"> &#8220;EmploisEnsSup&#8221;<\/span><\/a><\/p>\n","protected":false},"author":1,"featured_media":0,"parent":91,"menu_order":7,"comment_status":"closed","ping_status":"closed","template":"","meta":{"_acf_changed":false,"footnotes":""},"tags":[],"class_list":["post-94","page","type-page","status-publish","hentry"],"acf":[],"_links":{"self":[{"href":"https:\/\/www.caubo.ca\/fr\/wp-json\/wp\/v2\/pages\/94","targetHints":{"allow":["GET"]}}],"collection":[{"href":"https:\/\/www.caubo.ca\/fr\/wp-json\/wp\/v2\/pages"}],"about":[{"href":"https:\/\/www.caubo.ca\/fr\/wp-json\/wp\/v2\/types\/page"}],"author":[{"embeddable":true,"href":"https:\/\/www.caubo.ca\/fr\/wp-json\/wp\/v2\/users\/1"}],"replies":[{"embeddable":true,"href":"https:\/\/www.caubo.ca\/fr\/wp-json\/wp\/v2\/comments?post=94"}],"version-history":[{"count":0,"href":"https:\/\/www.caubo.ca\/fr\/wp-json\/wp\/v2\/pages\/94\/revisions"}],"up":[{"embeddable":true,"href":"https:\/\/www.caubo.ca\/fr\/wp-json\/wp\/v2\/pages\/91"}],"wp:attachment":[{"href":"https:\/\/www.caubo.ca\/fr\/wp-json\/wp\/v2\/media?parent=94"}],"wp:term":[{"taxonomy":"post_tag","embeddable":true,"href":"https:\/\/www.caubo.ca\/fr\/wp-json\/wp\/v2\/tags?post=94"}],"curies":[{"name":"wp","href":"https:\/\/api.w.org\/{rel}","templated":true}]}}