{"id":96,"date":"2016-02-01T11:43:49","date_gmt":"2016-02-01T16:43:49","guid":{"rendered":"https:\/\/www.caubo.ca\/fr\/community\/member-networking-listserv-archive\/"},"modified":"2025-06-24T09:41:08","modified_gmt":"2025-06-24T13:41:08","slug":"online-community","status":"publish","type":"page","link":"https:\/\/www.caubo.ca\/fr\/community\/online-community\/","title":{"rendered":"Communaut\u00e9 en ligne (Listserv)"},"content":{"rendered":"<h1><strong>Bienvenue dans la communaut\u00e9 en ligne de l\u2019ACPAU!<\/strong><\/h1>\n<p>La communaut\u00e9 en ligne de l&#8217;ACPAU est une ressource qui est offerte GRATUITEMENT aux membres \u00e0 de multiples fins : r\u00e9seautage, mise en commun d&#8217;apprentissages, de politiques, de plans et de pratiques exemplaires, et recherche de nouvelles avenues de collaboration face \u00e0 des enjeux communs. Il s&#8217;agit d&#8217;une plateforme courriel (Listserv) propuls\u00e9e par LOGIX.<strong><br \/>\n<\/strong><\/p>\n<h2><strong>Participants admis<\/strong><\/h2>\n<ul>\n<li>Tous les \u00e9tablissements membres de l\u2019ACPAU (\u00e9tablissements <a href=\"https:\/\/www.caubo.ca\/fr\/discover-caubo\/our-members\/university-members\/\" target=\"_blank\" rel=\"noopener noreferrer\">universitaires<\/a> et <a href=\"https:\/\/www.caubo.ca\/fr\/discover-caubo\/our-members\/affiliate-membership\/\" target=\"_blank\" rel=\"noopener noreferrer\">coll\u00e9giaux<\/a>) peuvent demander \u00e0 faire partie d\u2019un groupe Listserv.<\/li>\n<li>Les groupes sont con\u00e7us pour favoriser les \u00e9changes entre les cadres administratifs sup\u00e9rieurs des secteurs fonctionnels vis\u00e9s par les activit\u00e9s de l\u2019ACPAU.<\/li>\n<\/ul>\n<h2><strong> Fonctionnement<\/strong><\/h2>\n<p>En tant que membre d\u2019un groupe Listserv, vous pourrez\u00a0:<\/p>\n<ul>\n<li>cr\u00e9er un nouveau fil de discussion ou poser des questions directement par courriel (vos messages seront alors automatiquement affich\u00e9s sur le site Web s\u00e9curis\u00e9);<\/li>\n<li>cr\u00e9er un nouveau fil de discussion ou poser des questions directement sur le site Web;<\/li>\n<li>r\u00e9pondre \u00e0 un fil de discussion ou \u00e0 une question en r\u00e9pondant \u00e0 un courriel de notification ou directement sur le site Web;<\/li>\n<li>joindre des documents (Word, PDF, Excel, etc.) \u00e0 vos messages directement par courriel ou sur le site Web;<\/li>\n<li>trier par ordre chronologique la liste des sujets et des questions (sur le site Web seulement);<\/li>\n<li>faire une recherche par mots-cl\u00e9s dans les archives des sujets et des questions publi\u00e9s dans les fils de discussion de votre groupe;<\/li>\n<li>choisir la fr\u00e9quence \u00e0 laquelle vous recevrez des notifications par courriel (une fois par jour, \u00e0 mesure que les messages s\u2019affichent ou jamais);<\/li>\n<li>vous d\u00e9sinscrire;<\/li>\n<li>arr\u00eater ou suspendre l\u2019envoi des notifications.<\/li>\n<\/ul>\n<p>L\u2019inscription aux groupes Listserv est g\u00e9r\u00e9e par le personnel de l\u2019ACPAU, ce qui permet de s\u2019assurer que les personnes participent aux bons groupes, cr\u00e9ent des discussions fructueuses et partagent des connaissances, des ressources et une expertise pertinentes.<\/p>\n<p><strong>Si vous d\u00e9sirez vous inscrire \u00e0 l\u2019un des groupes Listserv suivants, envoyez-nous une demande par <a href=\"mailto:%20lseguin@acpau.ca\"><u>courriel<\/u><\/a><strong>!<\/strong><\/strong><\/p>\n<h2><strong><strong>D\u00e9j\u00e0 membre d\u2019un groupe Listserv?<\/strong><br \/>\n<\/strong><\/h2>\n<p>Si vous \u00eates d\u00e9j\u00e0 membre d\u2019un groupe, cliquez sur l\u2019un des liens suivants pour vous joindre aux conversations ayant lieu sur le site Web s\u00e9curis\u00e9\u00a0:<\/p>\n<p><a href=\"https:\/\/listserv.caubo.ca\/groups\/vpfa\/\" target=\"_blank\" rel=\"noopener noreferrer\">Vice-recteurs aux finances et \u00e0 l\u2019administration<\/a><br \/>\n<a href=\"https:\/\/listserv.caubo.ca\/groups\/aa\/\" target=\"_blank\" rel=\"noopener noreferrer\">Administration dans le milieu acad\u00e9mique<\/a><br \/>\n<a href=\"https:\/\/listserv.caubo.ca\/groups\/procurement\/\" target=\"_blank\" rel=\"noopener noreferrer\">Approvisionnement<\/a><br \/>\n<a href=\"https:\/\/listserv.caubo.ca\/groups\/era\/\" target=\"_blank\" rel=\"noopener\">Assurances et risques organisationnels<\/a><br \/>\n<a href=\"https:\/\/listserv.caubo.ca\/groups\/audit\/\" target=\"_blank\" rel=\"noopener noreferrer\">Audit interne<\/a><br \/>\n<a href=\"https:\/\/listserv.caubo.ca\/groups\/finance\/\" target=\"_blank\" rel=\"noopener noreferrer\">Finances<\/a><br \/>\n<a href=\"https:\/\/listserv.caubo.ca\/groups\/taxforum\" target=\"_blank\" rel=\"noopener\">Forum consultatif sur la fiscalit\u00e9<\/a><br \/>\n<a href=\"https:\/\/listserv.caubo.ca\/groups\/gestion_recherche\/\" target=\"_blank\" rel=\"noopener noreferrer\">Gestion de la recherche (groupe francophone seulement)<\/a><br \/>\n<a href=\"https:\/\/listserv.caubo.ca\/groups\/facilities\/\" target=\"_blank\" rel=\"noopener noreferrer\">Gestion des installations<\/a><br \/>\n<a href=\"https:\/\/listserv.caubo.ca\/groups\/risk\/\" target=\"_blank\" rel=\"noopener noreferrer\">Gestion des risques<\/a><br \/>\n<a href=\"https:\/\/listserv.caubo.ca\/groups\/ra\/\" target=\"_blank\" rel=\"noopener\">Mod\u00e8les de budget et d\u2019allocation des ressources<\/a><br \/>\n<a href=\"https:\/\/listserv.caubo.ca\/groups\/facultyrecruitment\/\" target=\"_blank\" rel=\"noopener noreferrer\">Recrutement de facult\u00e9<\/a><br \/>\n<a href=\"https:\/\/listserv.caubo.ca\/groups\/hr\/\" target=\"_blank\" rel=\"noopener noreferrer\">Ressources humaines<\/a><br \/>\n<a href=\"https:\/\/listserv.caubo.ca\/groups\/taxes\/\" target=\"_blank\" rel=\"noopener noreferrer\">Taxes et imp\u00f4ts<\/a><br \/>\n<a href=\"https:\/\/listserv.caubo.ca\/groups\/treasury\/\" target=\"_blank\" rel=\"noopener noreferrer\">Tr\u00e9sorerie<\/a><\/p>\n<p>Pour toute question concernant la communaut\u00e9 en ligne de l\u2019ACPAU et les groupes Listserv, veuillez communiquer avec <a href=\"mailto:lseguin@acpau.ca\"><u>Lynne S\u00e9guin<\/u><\/a>.<\/p>\n","protected":false},"excerpt":{"rendered":"<p>Bienvenue dans la communaut\u00e9 en ligne de l\u2019ACPAU! La communaut\u00e9 en ligne de l&#8217;ACPAU est une ressource qui est offerte GRATUITEMENT aux membres \u00e0 de multiples fins : r\u00e9seautage, mise en commun d&#8217;apprentissages, de politiques, de plans et de pratiques exemplaires, et recherche de nouvelles avenues de collaboration face \u00e0 des enjeux communs. Il s&#8217;agit &hellip; <a href=\"https:\/\/www.caubo.ca\/fr\/community\/online-community\/\" class=\"more-link\">Continue reading<span class=\"screen-reader-text\"> &#8220;Communaut\u00e9 en ligne (Listserv)&#8221;<\/span><\/a><\/p>\n","protected":false},"author":1,"featured_media":0,"parent":91,"menu_order":3,"comment_status":"closed","ping_status":"closed","template":"","meta":{"_acf_changed":false,"footnotes":""},"tags":[],"class_list":["post-96","page","type-page","status-publish","hentry"],"acf":[],"_links":{"self":[{"href":"https:\/\/www.caubo.ca\/fr\/wp-json\/wp\/v2\/pages\/96","targetHints":{"allow":["GET"]}}],"collection":[{"href":"https:\/\/www.caubo.ca\/fr\/wp-json\/wp\/v2\/pages"}],"about":[{"href":"https:\/\/www.caubo.ca\/fr\/wp-json\/wp\/v2\/types\/page"}],"author":[{"embeddable":true,"href":"https:\/\/www.caubo.ca\/fr\/wp-json\/wp\/v2\/users\/1"}],"replies":[{"embeddable":true,"href":"https:\/\/www.caubo.ca\/fr\/wp-json\/wp\/v2\/comments?post=96"}],"version-history":[{"count":0,"href":"https:\/\/www.caubo.ca\/fr\/wp-json\/wp\/v2\/pages\/96\/revisions"}],"up":[{"embeddable":true,"href":"https:\/\/www.caubo.ca\/fr\/wp-json\/wp\/v2\/pages\/91"}],"wp:attachment":[{"href":"https:\/\/www.caubo.ca\/fr\/wp-json\/wp\/v2\/media?parent=96"}],"wp:term":[{"taxonomy":"post_tag","embeddable":true,"href":"https:\/\/www.caubo.ca\/fr\/wp-json\/wp\/v2\/tags?post=96"}],"curies":[{"name":"wp","href":"https:\/\/api.w.org\/{rel}","templated":true}]}}